{"id":822,"date":"2025-10-24T11:18:53","date_gmt":"2025-10-24T09:18:53","guid":{"rendered":"https:\/\/healthwell-being.eu\/?page_id=822"},"modified":"2026-03-24T18:16:02","modified_gmt":"2026-03-24T17:16:02","slug":"co2-gasbad","status":"publish","type":"page","link":"https:\/\/healthwell-being.eu\/de\/co2-gasbad\/","title":{"rendered":"CO2-Gasbad"},"content":{"rendered":"<div data-elementor-type=\"wp-page\" data-elementor-id=\"822\" class=\"elementor elementor-822\" data-elementor-post-type=\"page\">\n\t\t\t\t<div class=\"elementor-element elementor-element-a18405c e-flex e-con-boxed e-con e-parent\" data-id=\"a18405c\" data-element_type=\"container\">\n\t\t\t\t\t<div class=\"e-con-inner\">\n\t\t<div class=\"elementor-element elementor-element-d9da932 e-con-full e-flex e-con e-child\" data-id=\"d9da932\" data-element_type=\"container\">\n\t\t\t\t<div class=\"elementor-element elementor-element-823f65f elementor-widget elementor-widget-heading\" data-id=\"823f65f\" data-element_type=\"widget\" data-widget_type=\"heading.default\">\n\t\t\t\t\t<h2 class=\"elementor-heading-title elementor-size-default\">Was ist ein CO\u2082-Gasbad?\n<\/h2>\t\t\t\t<\/div>\n\t\t\t\t<div class=\"elementor-element elementor-element-c9ae612 elementor-widget-divider--view-line elementor-widget elementor-widget-divider\" data-id=\"c9ae612\" data-element_type=\"widget\" data-widget_type=\"divider.default\">\n\t\t\t\t\t\t\t<div class=\"elementor-divider\">\n\t\t\t<span class=\"elementor-divider-separator\">\n\t\t\t\t\t\t<\/span>\n\t\t<\/div>\n\t\t\t\t\t\t<\/div>\n\t\t\t\t<div class=\"elementor-element elementor-element-0d47128 elementor-widget elementor-widget-text-editor\" data-id=\"0d47128\" data-element_type=\"widget\" data-no-translation=\"\" data-widget_type=\"text-editor.default\">\n\t\t\t\t\t<style>.elementor-element-0d47128{display:none !important}<\/style>\t\t\t\t<\/div>\n\t\t\t\t<div class=\"elementor-element elementor-element-dcf5898 elementor-widget elementor-widget-text-editor\" data-id=\"dcf5898\" data-element_type=\"widget\" data-no-translation=\"\" data-widget_type=\"text-editor.default\">\n\t\t\t\t\t\t\t\t\t<p>Bei der Behandlung mittels CO\u2082-Gasbad befindet sich der K\u00f6rper in einem speziell entwickelten Beutel, der mit erw\u00e4rmtem Kohlendioxidgas (CO\u2082) gef\u00fcllt ist. Mindestens der Kopf bleibt dabei au\u00dferhalb des Beutels, w\u00e4hrend der restlichen K\u00f6rper sanft vom Gas umh\u00fcllt wird.<\/p><p>So funktioniert es:<\/p><ul><li>CO\u2082-Aufnahme \u00fcber die Haut: Das Kohlendioxidgas dringt \u00fcber die Haut ein und stimuliert die Blutgef\u00e4\u00dfe, was zu einer Vasodilatation (Erweiterung der Blutgef\u00e4\u00dfe) und zu einer verbesserten Durchblutung f\u00fchren kann;<\/li><li>Erh\u00f6hte Sauerstoffversorgung: Durch die verbesserte Durchblutung wird die Sauerstoffzufuhr zu Geweben und Organen gef\u00f6rdert, was die nat\u00fcrlichen Regenerationsprozesse unterst\u00fctzen kann;<\/li><li>Thermischer Effekt: Die angenehme W\u00e4rme des Gases tr\u00e4gt zur Entspannung bei und kann Muskelverspannungen reduzieren.<\/li><\/ul><p><br \/>Nach Angaben des Herstellers k\u00f6nnen m\u00f6gliche Effekte sein:<\/p><ul><li>Verbesserte Durchblutung: Die Vasodilatation regt die Zirkulation an und kann zu einer besseren Versorgung der Gewebe mit Sauerstoff und N\u00e4hrstoffen beitragen;<\/li><li>Unterst\u00fctzung des Regenerationsprozesses: Die erh\u00f6hte Sauerstoffzufuhr kann die Geweberegeneration f\u00f6rdern und entz\u00fcndliche Prozesse positiv beeinflussen;<\/li><li>Senkung des Blutdrucks: Die entspannende Wirkung des CO\u2082-Gases kann zu einem milden blutdrucksenkenden Effekt beitragen;<\/li><li>Linderung von Schmerzen: Durch die verbesserte Durchblutung und Entspannung kann eine Reduktion von Muskel- oder Gelenkbeschwerden erfahren werden.<\/li><\/ul><p><br \/>Hinweis: Die genannten Informationen basieren auf Angaben des Herstellers und stellen keine medizinische Garantie oder einen wissenschaftlich gesicherten Wirkungsnachweis dar. Das CO\u2082-Gasbad ist als erg\u00e4nzende Anwendung zur F\u00f6rderung von Entspannung, Durchblutung und allgemeinem Wohlbefinden gedacht.<\/p>\t\t\t\t\t\t\t\t<\/div>\n\t\t<div class=\"elementor-element elementor-element-7d87e22 e-con-full e-flex e-con e-child\" data-id=\"7d87e22\" data-element_type=\"container\">\n\t\t\t\t<div class=\"elementor-element elementor-element-aadb24c elementor-widget elementor-widget-button\" data-id=\"aadb24c\" data-element_type=\"widget\" data-widget_type=\"button.default\">\n\t\t\t\t\t\t\t\t\t\t<a class=\"elementor-button elementor-button-link elementor-size-sm\" href=\"https:\/\/healthwell-being.eu\/de\/contact-informatie\/\">\n\t\t\t\t\t\t<span class=\"elementor-button-content-wrapper\">\n\t\t\t\t\t\t\t\t\t<span class=\"elementor-button-text\">Ja, das m\u00f6chte ich!<\/span>\n\t\t\t\t\t<\/span>\n\t\t\t\t\t<\/a>\n\t\t\t\t\t\t\t\t<\/div>\n\t\t\t\t<div class=\"elementor-element elementor-element-f0f86e4 elementor-widget elementor-widget-button\" data-id=\"f0f86e4\" data-element_type=\"widget\" data-widget_type=\"button.default\">\n\t\t\t\t\t\t\t\t\t\t<a class=\"elementor-button elementor-button-link elementor-size-sm\" href=\"https:\/\/healthwell-being.eu\/de\/aanbod\/#therapievormen\">\n\t\t\t\t\t\t<span class=\"elementor-button-content-wrapper\">\n\t\t\t\t\t\t\t\t\t<span class=\"elementor-button-text\">Zur\u00fcck zu den Therapieformen<\/span>\n\t\t\t\t\t<\/span>\n\t\t\t\t\t<\/a>\n\t\t\t\t\t\t\t\t<\/div>\n\t\t\t\t<\/div>\n\t\t\t\t<\/div>\n\t\t\t\t\t<\/div>\n\t\t\t\t<\/div>\n\t\t\t\t<\/div>","protected":false},"excerpt":{"rendered":"<p>Wat is een CO2 gasbad? Het CO\u2082-gasbad is een behandeling waarbij het lichaam zich in een speciaal ontworpen zak bevindt die gevuld is met verwarmd kooldioxidegas (CO\u2082). Minstens het hoofd blijft buiten de zak, je moet tenslotte nog comfortabel kunnen ademhalen, terwijl de rest van het lichaam subtiel wordt omhuld door het gas. Hoe het [&hellip;]<\/p>\n","protected":false},"author":1,"featured_media":0,"parent":0,"menu_order":0,"comment_status":"closed","ping_status":"closed","template":"","meta":{"_acf_changed":false,"footnotes":""},"class_list":["post-822","page","type-page","status-publish","hentry"],"acf":[],"yoast_head":"<!-- This site is optimized with the Yoast SEO plugin v26.2 - https:\/\/yoast.com\/wordpress\/plugins\/seo\/ -->\n<title>CO2 gasbad - Health &amp; Well-Being<\/title>\n<meta name=\"robots\" content=\"index, follow, max-snippet:-1, max-image-preview:large, max-video-preview:-1\" \/>\n<link rel=\"canonical\" href=\"https:\/\/healthwell-being.eu\/de\/co2-gasbad\/\" \/>\n<meta property=\"og:locale\" content=\"de_DE\" \/>\n<meta property=\"og:type\" content=\"article\" \/>\n<meta property=\"og:title\" content=\"CO2 gasbad - Health &amp; Well-Being\" \/>\n<meta property=\"og:description\" content=\"Wat is een CO2 gasbad? Het CO\u2082-gasbad is een behandeling waarbij het lichaam zich in een speciaal ontworpen zak bevindt die gevuld is met verwarmd kooldioxidegas (CO\u2082). Minstens het hoofd blijft buiten de zak, je moet tenslotte nog comfortabel kunnen ademhalen, terwijl de rest van het lichaam subtiel wordt omhuld door het gas. Hoe het [&hellip;]\" \/>\n<meta property=\"og:url\" content=\"https:\/\/healthwell-being.eu\/de\/co2-gasbad\/\" \/>\n<meta property=\"og:site_name\" content=\"Health &amp; Well-Being\" \/>\n<meta property=\"article:modified_time\" content=\"2026-03-24T17:16:02+00:00\" \/>\n<meta name=\"twitter:card\" content=\"summary_large_image\" \/>\n<meta name=\"twitter:label1\" content=\"Gesch\u00e4tzte Lesezeit\" \/>\n\t<meta name=\"twitter:data1\" content=\"3\u00a0Minuten\" \/>\n<script type=\"application\/ld+json\" class=\"yoast-schema-graph\">{\"@context\":\"https:\/\/schema.org\",\"@graph\":[{\"@type\":\"WebPage\",\"@id\":\"https:\/\/healthwell-being.eu\/co2-gasbad\/\",\"url\":\"https:\/\/healthwell-being.eu\/co2-gasbad\/\",\"name\":\"CO2 gasbad - Health &amp; Well-Being\",\"isPartOf\":{\"@id\":\"https:\/\/healthwell-being.eu\/#website\"},\"datePublished\":\"2025-10-24T09:18:53+00:00\",\"dateModified\":\"2026-03-24T17:16:02+00:00\",\"breadcrumb\":{\"@id\":\"https:\/\/healthwell-being.eu\/co2-gasbad\/#breadcrumb\"},\"inLanguage\":\"de\",\"potentialAction\":[{\"@type\":\"ReadAction\",\"target\":[\"https:\/\/healthwell-being.eu\/co2-gasbad\/\"]}]},{\"@type\":\"BreadcrumbList\",\"@id\":\"https:\/\/healthwell-being.eu\/co2-gasbad\/#breadcrumb\",\"itemListElement\":[{\"@type\":\"ListItem\",\"position\":1,\"name\":\"Home\",\"item\":\"https:\/\/healthwell-being.eu\/\"},{\"@type\":\"ListItem\",\"position\":2,\"name\":\"CO2 gasbad\"}]},{\"@type\":\"WebSite\",\"@id\":\"https:\/\/healthwell-being.eu\/#website\",\"url\":\"https:\/\/healthwell-being.eu\/\",\"name\":\"Health &amp; Well-Being\",\"description\":\"\",\"potentialAction\":[{\"@type\":\"SearchAction\",\"target\":{\"@type\":\"EntryPoint\",\"urlTemplate\":\"https:\/\/healthwell-being.eu\/?s={search_term_string}\"},\"query-input\":{\"@type\":\"PropertyValueSpecification\",\"valueRequired\":true,\"valueName\":\"search_term_string\"}}],\"inLanguage\":\"de\"}]}<\/script>\n<!-- \/ Yoast SEO plugin. -->","yoast_head_json":{"title":"CO2 gasbad - Health &amp; Well-Being","robots":{"index":"index","follow":"follow","max-snippet":"max-snippet:-1","max-image-preview":"max-image-preview:large","max-video-preview":"max-video-preview:-1"},"canonical":"https:\/\/healthwell-being.eu\/de\/co2-gasbad\/","og_locale":"de_DE","og_type":"article","og_title":"CO2 gasbad - Health &amp; Well-Being","og_description":"Wat is een CO2 gasbad? Het CO\u2082-gasbad is een behandeling waarbij het lichaam zich in een speciaal ontworpen zak bevindt die gevuld is met verwarmd kooldioxidegas (CO\u2082). Minstens het hoofd blijft buiten de zak, je moet tenslotte nog comfortabel kunnen ademhalen, terwijl de rest van het lichaam subtiel wordt omhuld door het gas. Hoe het [&hellip;]","og_url":"https:\/\/healthwell-being.eu\/de\/co2-gasbad\/","og_site_name":"Health &amp; Well-Being","article_modified_time":"2026-03-24T17:16:02+00:00","twitter_card":"summary_large_image","twitter_misc":{"Gesch\u00e4tzte Lesezeit":"3\u00a0Minuten"},"schema":{"@context":"https:\/\/schema.org","@graph":[{"@type":"WebPage","@id":"https:\/\/healthwell-being.eu\/co2-gasbad\/","url":"https:\/\/healthwell-being.eu\/co2-gasbad\/","name":"CO2 gasbad - Health &amp; Well-Being","isPartOf":{"@id":"https:\/\/healthwell-being.eu\/#website"},"datePublished":"2025-10-24T09:18:53+00:00","dateModified":"2026-03-24T17:16:02+00:00","breadcrumb":{"@id":"https:\/\/healthwell-being.eu\/co2-gasbad\/#breadcrumb"},"inLanguage":"de","potentialAction":[{"@type":"ReadAction","target":["https:\/\/healthwell-being.eu\/co2-gasbad\/"]}]},{"@type":"BreadcrumbList","@id":"https:\/\/healthwell-being.eu\/co2-gasbad\/#breadcrumb","itemListElement":[{"@type":"ListItem","position":1,"name":"Home","item":"https:\/\/healthwell-being.eu\/"},{"@type":"ListItem","position":2,"name":"CO2 gasbad"}]},{"@type":"WebSite","@id":"https:\/\/healthwell-being.eu\/#website","url":"https:\/\/healthwell-being.eu\/","name":"Health &amp; Well-Being","description":"","potentialAction":[{"@type":"SearchAction","target":{"@type":"EntryPoint","urlTemplate":"https:\/\/healthwell-being.eu\/?s={search_term_string}"},"query-input":{"@type":"PropertyValueSpecification","valueRequired":true,"valueName":"search_term_string"}}],"inLanguage":"de"}]}},"_links":{"self":[{"href":"https:\/\/healthwell-being.eu\/de\/wp-json\/wp\/v2\/pages\/822","targetHints":{"allow":["GET"]}}],"collection":[{"href":"https:\/\/healthwell-being.eu\/de\/wp-json\/wp\/v2\/pages"}],"about":[{"href":"https:\/\/healthwell-being.eu\/de\/wp-json\/wp\/v2\/types\/page"}],"author":[{"embeddable":true,"href":"https:\/\/healthwell-being.eu\/de\/wp-json\/wp\/v2\/users\/1"}],"replies":[{"embeddable":true,"href":"https:\/\/healthwell-being.eu\/de\/wp-json\/wp\/v2\/comments?post=822"}],"version-history":[{"count":18,"href":"https:\/\/healthwell-being.eu\/de\/wp-json\/wp\/v2\/pages\/822\/revisions"}],"predecessor-version":[{"id":1307,"href":"https:\/\/healthwell-being.eu\/de\/wp-json\/wp\/v2\/pages\/822\/revisions\/1307"}],"wp:attachment":[{"href":"https:\/\/healthwell-being.eu\/de\/wp-json\/wp\/v2\/media?parent=822"}],"curies":[{"name":"wp","href":"https:\/\/api.w.org\/{rel}","templated":true}]}}