{"id":801,"date":"2025-10-24T11:08:59","date_gmt":"2025-10-24T09:08:59","guid":{"rendered":"https:\/\/healthwell-being.eu\/?page_id=801"},"modified":"2026-02-25T20:53:26","modified_gmt":"2026-02-25T19:53:26","slug":"chinese-tdp-lamp","status":"publish","type":"page","link":"https:\/\/healthwell-being.eu\/de\/chinese-tdp-lamp\/","title":{"rendered":"Chinese TDP-Lamp"},"content":{"rendered":"<div data-elementor-type=\"wp-page\" data-elementor-id=\"801\" class=\"elementor elementor-801\" data-elementor-post-type=\"page\">\n\t\t\t\t<div class=\"elementor-element elementor-element-0e2417b e-flex e-con-boxed e-con e-parent\" data-id=\"0e2417b\" data-element_type=\"container\">\n\t\t\t\t\t<div class=\"e-con-inner\">\n\t\t<div class=\"elementor-element elementor-element-8861cd2 e-con-full e-flex e-con e-child\" data-id=\"8861cd2\" data-element_type=\"container\">\n\t\t\t\t<div class=\"elementor-element elementor-element-75da33e elementor-widget elementor-widget-heading\" data-id=\"75da33e\" data-element_type=\"widget\" data-widget_type=\"heading.default\">\n\t\t\t\t\t<h2 class=\"elementor-heading-title elementor-size-default\">Was ist die Therapie mit der chinesischen TDP-Lampe?\n<\/h2>\t\t\t\t<\/div>\n\t\t\t\t<div class=\"elementor-element elementor-element-a7c5c2b elementor-widget-divider--view-line elementor-widget elementor-widget-divider\" data-id=\"a7c5c2b\" data-element_type=\"widget\" data-widget_type=\"divider.default\">\n\t\t\t\t\t\t\t<div class=\"elementor-divider\">\n\t\t\t<span class=\"elementor-divider-separator\">\n\t\t\t\t\t\t<\/span>\n\t\t<\/div>\n\t\t\t\t\t\t<\/div>\n\t\t\t\t<div class=\"elementor-element elementor-element-1caad59 elementor-widget elementor-widget-text-editor\" data-id=\"1caad59\" data-element_type=\"widget\" data-no-translation=\"\" data-widget_type=\"text-editor.default\">\n\t\t\t\t\t<style>.elementor-element-1caad59{display:none !important}<\/style>\t\t\t\t<\/div>\n\t\t\t\t<div class=\"elementor-element elementor-element-ee853ba elementor-widget elementor-widget-text-editor\" data-id=\"ee853ba\" data-element_type=\"widget\" data-no-translation=\"\" data-widget_type=\"text-editor.default\">\n\t\t\t\t\t\t\t\t\t<p>Die chinesische TDP-Lampe ist eine therapeutische W\u00e4rmelampe, die ihren Ursprung in der Traditionellen Chinesischen Medizin hat. Im Gegensatz zu einer herk\u00f6mmlichen Infrarotlampe verf\u00fcgt die TDP-Lampe \u00fcber eine spezielle Mineralplatte mit mehr als drei\u00dfig nat\u00fcrlichen Mineralien, darunter Kalzium, Magnesium, Eisen und Zink. Wird diese Platte erhitzt, sendet sie ein spezifisches Spektrum an Infrarotstrahlung und elektromagnetischen Wellen aus, die tief in den K\u00f6rper eindringen.<\/p><p>Diese Kombination aus W\u00e4rme und Mineralien regt die Durchblutung an, unterst\u00fctzt den Zellstoffwechsel und f\u00f6rdert Entspannung sowie Wohlbefinden. Die TDP-Lampe wird h\u00e4ufig zur Unterst\u00fctzung bei Muskel- und Gelenkbeschwerden, Muskelverspannungen, R\u00fccken- und Nackenproblemen, M\u00fcdigkeit und Stress eingesetzt. Zudem kann sie helfen, das energetische Gleichgewicht wiederherzustellen und ein Gef\u00fchl innerer Ruhe zu f\u00f6rdern.<\/p><p>W\u00e4hrend der Behandlung wird die Lampe einem angenehmen Abstand \u00fcber den zu behandelnden Bereich positioniert. Die W\u00e4rme wird als sanft und wohltuend empfunden, w\u00e4hrend der K\u00f6rper von innen heraus zur Entspannung und Regeneration angeregt wird.<\/p><p>Die TDP-Lampe bietet eine nat\u00fcrliche Unterst\u00fctzung f\u00fcr Regeneration, Balance und Vitalit\u00e4t \u2013 eine harmonische Verbindung zwischen traditionellem Wissen und moderner Anwendung.<\/p>\t\t\t\t\t\t\t\t<\/div>\n\t\t<div class=\"elementor-element elementor-element-27c5393 e-con-full e-flex e-con e-child\" data-id=\"27c5393\" data-element_type=\"container\">\n\t\t\t\t<div class=\"elementor-element elementor-element-477a2ef elementor-widget elementor-widget-button\" data-id=\"477a2ef\" data-element_type=\"widget\" data-widget_type=\"button.default\">\n\t\t\t\t\t\t\t\t\t\t<a class=\"elementor-button elementor-button-link elementor-size-sm\" href=\"https:\/\/healthwell-being.eu\/de\/contact-informatie\/\">\n\t\t\t\t\t\t<span class=\"elementor-button-content-wrapper\">\n\t\t\t\t\t\t\t\t\t<span class=\"elementor-button-text\">Ja, das m\u00f6chte ich!<\/span>\n\t\t\t\t\t<\/span>\n\t\t\t\t\t<\/a>\n\t\t\t\t\t\t\t\t<\/div>\n\t\t\t\t<div class=\"elementor-element elementor-element-7884efd elementor-widget elementor-widget-button\" data-id=\"7884efd\" data-element_type=\"widget\" data-widget_type=\"button.default\">\n\t\t\t\t\t\t\t\t\t\t<a class=\"elementor-button elementor-button-link elementor-size-sm\" href=\"https:\/\/healthwell-being.eu\/de\/aanbod\/#therapievormen\">\n\t\t\t\t\t\t<span class=\"elementor-button-content-wrapper\">\n\t\t\t\t\t\t\t\t\t<span class=\"elementor-button-text\">Zur\u00fcck zu den Therapieformen<\/span>\n\t\t\t\t\t<\/span>\n\t\t\t\t\t<\/a>\n\t\t\t\t\t\t\t\t<\/div>\n\t\t\t\t<\/div>\n\t\t\t\t<\/div>\n\t\t\t\t\t<\/div>\n\t\t\t\t<\/div>\n\t\t\t\t<\/div>","protected":false},"excerpt":{"rendered":"<p>Wat is Chinese TDP-Lamp therapie? De Chinese TDP-lamp is een therapeutische warmtelamp die zijn oorsprong vindt in de traditionele Chinese geneeskunde. In tegenstelling tot een gewone infraroodlamp bevat de TDP-lamp een speciale mineraalplaat met meer dan dertig natuurlijke mineralen, waaronder calcium, magnesium, ijzer en zink. Wanneer de plaat wordt verhit, zendt ze een specifiek spectrum [&hellip;]<\/p>\n","protected":false},"author":1,"featured_media":0,"parent":0,"menu_order":0,"comment_status":"closed","ping_status":"closed","template":"","meta":{"_acf_changed":false,"footnotes":""},"class_list":["post-801","page","type-page","status-publish","hentry"],"acf":[],"yoast_head":"<!-- This site is optimized with the Yoast SEO plugin v26.2 - https:\/\/yoast.com\/wordpress\/plugins\/seo\/ -->\n<title>Chinese TDP-Lamp - Health &amp; Well-Being<\/title>\n<meta name=\"robots\" content=\"index, follow, max-snippet:-1, max-image-preview:large, max-video-preview:-1\" \/>\n<link rel=\"canonical\" href=\"https:\/\/healthwell-being.eu\/de\/chinese-tdp-lamp\/\" \/>\n<meta property=\"og:locale\" content=\"de_DE\" \/>\n<meta property=\"og:type\" content=\"article\" \/>\n<meta property=\"og:title\" content=\"Chinese TDP-Lamp - Health &amp; Well-Being\" \/>\n<meta property=\"og:description\" content=\"Wat is Chinese TDP-Lamp therapie? De Chinese TDP-lamp is een therapeutische warmtelamp die zijn oorsprong vindt in de traditionele Chinese geneeskunde. In tegenstelling tot een gewone infraroodlamp bevat de TDP-lamp een speciale mineraalplaat met meer dan dertig natuurlijke mineralen, waaronder calcium, magnesium, ijzer en zink. Wanneer de plaat wordt verhit, zendt ze een specifiek spectrum [&hellip;]\" \/>\n<meta property=\"og:url\" content=\"https:\/\/healthwell-being.eu\/de\/chinese-tdp-lamp\/\" \/>\n<meta property=\"og:site_name\" content=\"Health &amp; Well-Being\" \/>\n<meta property=\"article:modified_time\" content=\"2026-02-25T19:53:26+00:00\" \/>\n<meta name=\"twitter:card\" content=\"summary_large_image\" \/>\n<meta name=\"twitter:label1\" content=\"Gesch\u00e4tzte Lesezeit\" \/>\n\t<meta name=\"twitter:data1\" content=\"2\u00a0Minuten\" \/>\n<script type=\"application\/ld+json\" class=\"yoast-schema-graph\">{\"@context\":\"https:\/\/schema.org\",\"@graph\":[{\"@type\":\"WebPage\",\"@id\":\"https:\/\/healthwell-being.eu\/chinese-tdp-lamp\/\",\"url\":\"https:\/\/healthwell-being.eu\/chinese-tdp-lamp\/\",\"name\":\"Chinese TDP-Lamp - Health &amp; Well-Being\",\"isPartOf\":{\"@id\":\"https:\/\/healthwell-being.eu\/#website\"},\"datePublished\":\"2025-10-24T09:08:59+00:00\",\"dateModified\":\"2026-02-25T19:53:26+00:00\",\"breadcrumb\":{\"@id\":\"https:\/\/healthwell-being.eu\/chinese-tdp-lamp\/#breadcrumb\"},\"inLanguage\":\"de\",\"potentialAction\":[{\"@type\":\"ReadAction\",\"target\":[\"https:\/\/healthwell-being.eu\/chinese-tdp-lamp\/\"]}]},{\"@type\":\"BreadcrumbList\",\"@id\":\"https:\/\/healthwell-being.eu\/chinese-tdp-lamp\/#breadcrumb\",\"itemListElement\":[{\"@type\":\"ListItem\",\"position\":1,\"name\":\"Home\",\"item\":\"https:\/\/healthwell-being.eu\/\"},{\"@type\":\"ListItem\",\"position\":2,\"name\":\"Chinese TDP-Lamp\"}]},{\"@type\":\"WebSite\",\"@id\":\"https:\/\/healthwell-being.eu\/#website\",\"url\":\"https:\/\/healthwell-being.eu\/\",\"name\":\"Health &amp; Well-Being\",\"description\":\"\",\"potentialAction\":[{\"@type\":\"SearchAction\",\"target\":{\"@type\":\"EntryPoint\",\"urlTemplate\":\"https:\/\/healthwell-being.eu\/?s={search_term_string}\"},\"query-input\":{\"@type\":\"PropertyValueSpecification\",\"valueRequired\":true,\"valueName\":\"search_term_string\"}}],\"inLanguage\":\"de\"}]}<\/script>\n<!-- \/ Yoast SEO plugin. -->","yoast_head_json":{"title":"Chinese TDP-Lamp - Health &amp; Well-Being","robots":{"index":"index","follow":"follow","max-snippet":"max-snippet:-1","max-image-preview":"max-image-preview:large","max-video-preview":"max-video-preview:-1"},"canonical":"https:\/\/healthwell-being.eu\/de\/chinese-tdp-lamp\/","og_locale":"de_DE","og_type":"article","og_title":"Chinese TDP-Lamp - Health &amp; Well-Being","og_description":"Wat is Chinese TDP-Lamp therapie? De Chinese TDP-lamp is een therapeutische warmtelamp die zijn oorsprong vindt in de traditionele Chinese geneeskunde. In tegenstelling tot een gewone infraroodlamp bevat de TDP-lamp een speciale mineraalplaat met meer dan dertig natuurlijke mineralen, waaronder calcium, magnesium, ijzer en zink. Wanneer de plaat wordt verhit, zendt ze een specifiek spectrum [&hellip;]","og_url":"https:\/\/healthwell-being.eu\/de\/chinese-tdp-lamp\/","og_site_name":"Health &amp; Well-Being","article_modified_time":"2026-02-25T19:53:26+00:00","twitter_card":"summary_large_image","twitter_misc":{"Gesch\u00e4tzte Lesezeit":"2\u00a0Minuten"},"schema":{"@context":"https:\/\/schema.org","@graph":[{"@type":"WebPage","@id":"https:\/\/healthwell-being.eu\/chinese-tdp-lamp\/","url":"https:\/\/healthwell-being.eu\/chinese-tdp-lamp\/","name":"Chinese TDP-Lamp - Health &amp; Well-Being","isPartOf":{"@id":"https:\/\/healthwell-being.eu\/#website"},"datePublished":"2025-10-24T09:08:59+00:00","dateModified":"2026-02-25T19:53:26+00:00","breadcrumb":{"@id":"https:\/\/healthwell-being.eu\/chinese-tdp-lamp\/#breadcrumb"},"inLanguage":"de","potentialAction":[{"@type":"ReadAction","target":["https:\/\/healthwell-being.eu\/chinese-tdp-lamp\/"]}]},{"@type":"BreadcrumbList","@id":"https:\/\/healthwell-being.eu\/chinese-tdp-lamp\/#breadcrumb","itemListElement":[{"@type":"ListItem","position":1,"name":"Home","item":"https:\/\/healthwell-being.eu\/"},{"@type":"ListItem","position":2,"name":"Chinese TDP-Lamp"}]},{"@type":"WebSite","@id":"https:\/\/healthwell-being.eu\/#website","url":"https:\/\/healthwell-being.eu\/","name":"Health &amp; Well-Being","description":"","potentialAction":[{"@type":"SearchAction","target":{"@type":"EntryPoint","urlTemplate":"https:\/\/healthwell-being.eu\/?s={search_term_string}"},"query-input":{"@type":"PropertyValueSpecification","valueRequired":true,"valueName":"search_term_string"}}],"inLanguage":"de"}]}},"_links":{"self":[{"href":"https:\/\/healthwell-being.eu\/de\/wp-json\/wp\/v2\/pages\/801","targetHints":{"allow":["GET"]}}],"collection":[{"href":"https:\/\/healthwell-being.eu\/de\/wp-json\/wp\/v2\/pages"}],"about":[{"href":"https:\/\/healthwell-being.eu\/de\/wp-json\/wp\/v2\/types\/page"}],"author":[{"embeddable":true,"href":"https:\/\/healthwell-being.eu\/de\/wp-json\/wp\/v2\/users\/1"}],"replies":[{"embeddable":true,"href":"https:\/\/healthwell-being.eu\/de\/wp-json\/wp\/v2\/comments?post=801"}],"version-history":[{"count":15,"href":"https:\/\/healthwell-being.eu\/de\/wp-json\/wp\/v2\/pages\/801\/revisions"}],"predecessor-version":[{"id":1204,"href":"https:\/\/healthwell-being.eu\/de\/wp-json\/wp\/v2\/pages\/801\/revisions\/1204"}],"wp:attachment":[{"href":"https:\/\/healthwell-being.eu\/de\/wp-json\/wp\/v2\/media?parent=801"}],"curies":[{"name":"wp","href":"https:\/\/api.w.org\/{rel}","templated":true}]}}