{"id":781,"date":"2025-10-24T10:53:45","date_gmt":"2025-10-24T08:53:45","guid":{"rendered":"https:\/\/healthwell-being.eu\/?page_id=781"},"modified":"2026-02-25T20:52:28","modified_gmt":"2026-02-25T19:52:28","slug":"infraroodbehandelingen","status":"publish","type":"page","link":"https:\/\/healthwell-being.eu\/de\/infraroodbehandelingen\/","title":{"rendered":"Infrarotbehandlungen"},"content":{"rendered":"<div data-elementor-type=\"wp-page\" data-elementor-id=\"781\" class=\"elementor elementor-781\" data-elementor-post-type=\"page\">\n\t\t\t\t<div class=\"elementor-element elementor-element-73f62f1 e-flex e-con-boxed e-con e-parent\" data-id=\"73f62f1\" data-element_type=\"container\">\n\t\t\t\t\t<div class=\"e-con-inner\">\n\t\t<div class=\"elementor-element elementor-element-47c39f2 e-con-full e-flex e-con e-child\" data-id=\"47c39f2\" data-element_type=\"container\">\n\t\t\t\t<div class=\"elementor-element elementor-element-af63413 elementor-widget elementor-widget-heading\" data-id=\"af63413\" data-element_type=\"widget\" data-widget_type=\"heading.default\">\n\t\t\t\t\t<h2 class=\"elementor-heading-title elementor-size-default\">Was ist eine Infrarotbehandlung?\n<\/h2>\t\t\t\t<\/div>\n\t\t\t\t<div class=\"elementor-element elementor-element-02bc89d elementor-widget-divider--view-line elementor-widget elementor-widget-divider\" data-id=\"02bc89d\" data-element_type=\"widget\" data-widget_type=\"divider.default\">\n\t\t\t\t\t\t\t<div class=\"elementor-divider\">\n\t\t\t<span class=\"elementor-divider-separator\">\n\t\t\t\t\t\t<\/span>\n\t\t<\/div>\n\t\t\t\t\t\t<\/div>\n\t\t\t\t<div class=\"elementor-element elementor-element-d7c0c4f elementor-widget elementor-widget-text-editor\" data-id=\"d7c0c4f\" data-element_type=\"widget\" data-no-translation=\"\" data-widget_type=\"text-editor.default\">\n\t\t\t\t\t<style>.elementor-element-d7c0c4f{display:none !important}<\/style>\t\t\t\t<\/div>\n\t\t\t\t<div class=\"elementor-element elementor-element-f3c2e17 elementor-widget elementor-widget-text-editor\" data-id=\"f3c2e17\" data-element_type=\"widget\" data-no-translation=\"\" data-widget_type=\"text-editor.default\">\n\t\t\t\t\t\t\t\t\t<p>Die Infrarottherapie nutzt tiefenwirksame W\u00e4rmestrahlung, die den K\u00f6rper von innen heraus erw\u00e4rmt. Im Gegensatz zu einer herk\u00f6mmlichen Sauna wird bei Infrarot nicht die Luft erhitzt, sondern direkt das Gewebe. Dadurch entsteht eine angenehme, milde W\u00e4rme, die tief in Muskeln und Gelenke eindringt. Die W\u00e4rme regt die Durchblutung an, sodass Sauerstoff und N\u00e4hrstoffe besser zugef\u00fchrt und Abfallstoffe schneller abtransportiert werden k\u00f6nnen.<\/p><p>Die Infrarottherapie ersetzt keine medizinische Behandlung &#8211; sie kann jedoch eine wertvolle Unterst\u00fctzung f\u00fcr Ihren K\u00f6rper sein.<\/p>\t\t\t\t\t\t\t\t<\/div>\n\t\t<div class=\"elementor-element elementor-element-aa66213 e-con-full e-flex e-con e-child\" data-id=\"aa66213\" data-element_type=\"container\">\n\t\t\t\t<div class=\"elementor-element elementor-element-1cc88af elementor-widget elementor-widget-button\" data-id=\"1cc88af\" data-element_type=\"widget\" data-widget_type=\"button.default\">\n\t\t\t\t\t\t\t\t\t\t<a class=\"elementor-button elementor-button-link elementor-size-sm\" href=\"https:\/\/healthwell-being.eu\/de\/contact-informatie\/\">\n\t\t\t\t\t\t<span class=\"elementor-button-content-wrapper\">\n\t\t\t\t\t\t\t\t\t<span class=\"elementor-button-text\">Ja, das m\u00f6chte ich!<\/span>\n\t\t\t\t\t<\/span>\n\t\t\t\t\t<\/a>\n\t\t\t\t\t\t\t\t<\/div>\n\t\t\t\t<div class=\"elementor-element elementor-element-f4204e8 elementor-widget elementor-widget-button\" data-id=\"f4204e8\" data-element_type=\"widget\" data-widget_type=\"button.default\">\n\t\t\t\t\t\t\t\t\t\t<a class=\"elementor-button elementor-button-link elementor-size-sm\" href=\"https:\/\/healthwell-being.eu\/de\/aanbod\/#therapievormen\">\n\t\t\t\t\t\t<span class=\"elementor-button-content-wrapper\">\n\t\t\t\t\t\t\t\t\t<span class=\"elementor-button-text\">Zur\u00fcck zu den Therapieformen<\/span>\n\t\t\t\t\t<\/span>\n\t\t\t\t\t<\/a>\n\t\t\t\t\t\t\t\t<\/div>\n\t\t\t\t<\/div>\n\t\t\t\t<\/div>\n\t\t\t\t\t<\/div>\n\t\t\t\t<\/div>\n\t\t\t\t<\/div>","protected":false},"excerpt":{"rendered":"<p>Wat is een infraroodbehandeling? Infraroodtherapie maakt gebruik van diepwerkende warmtestraling die het lichaam van binnenuit verwarmt. In tegenstelling tot een traditionele sauna warmt infrarood niet de lucht, maar het weefsel zelf. Hierdoor ontstaat een aangename, milde warmte die diep doordringt tot in spieren en gewrichten. De warmte stimuleert de doorbloeding, waardoor zuurstof en voedingsstoffen beter [&hellip;]<\/p>\n","protected":false},"author":1,"featured_media":0,"parent":0,"menu_order":0,"comment_status":"closed","ping_status":"closed","template":"","meta":{"_acf_changed":false,"footnotes":""},"class_list":["post-781","page","type-page","status-publish","hentry"],"acf":[],"yoast_head":"<!-- This site is optimized with the Yoast SEO plugin v26.2 - https:\/\/yoast.com\/wordpress\/plugins\/seo\/ -->\n<title>Infraroodbehandelingen - Health &amp; Well-Being<\/title>\n<meta name=\"robots\" content=\"index, follow, max-snippet:-1, max-image-preview:large, max-video-preview:-1\" \/>\n<link rel=\"canonical\" href=\"https:\/\/healthwell-being.eu\/de\/infraroodbehandelingen\/\" \/>\n<meta property=\"og:locale\" content=\"de_DE\" \/>\n<meta property=\"og:type\" content=\"article\" \/>\n<meta property=\"og:title\" content=\"Infraroodbehandelingen - Health &amp; Well-Being\" \/>\n<meta property=\"og:description\" content=\"Wat is een infraroodbehandeling? Infraroodtherapie maakt gebruik van diepwerkende warmtestraling die het lichaam van binnenuit verwarmt. In tegenstelling tot een traditionele sauna warmt infrarood niet de lucht, maar het weefsel zelf. Hierdoor ontstaat een aangename, milde warmte die diep doordringt tot in spieren en gewrichten. De warmte stimuleert de doorbloeding, waardoor zuurstof en voedingsstoffen beter [&hellip;]\" \/>\n<meta property=\"og:url\" content=\"https:\/\/healthwell-being.eu\/de\/infraroodbehandelingen\/\" \/>\n<meta property=\"og:site_name\" content=\"Health &amp; Well-Being\" \/>\n<meta property=\"article:modified_time\" content=\"2026-02-25T19:52:28+00:00\" \/>\n<meta name=\"twitter:card\" content=\"summary_large_image\" \/>\n<meta name=\"twitter:label1\" content=\"Gesch\u00e4tzte Lesezeit\" \/>\n\t<meta name=\"twitter:data1\" content=\"1\u00a0Minute\" \/>\n<script type=\"application\/ld+json\" class=\"yoast-schema-graph\">{\"@context\":\"https:\/\/schema.org\",\"@graph\":[{\"@type\":\"WebPage\",\"@id\":\"https:\/\/healthwell-being.eu\/infraroodbehandelingen\/\",\"url\":\"https:\/\/healthwell-being.eu\/infraroodbehandelingen\/\",\"name\":\"Infraroodbehandelingen - Health &amp; Well-Being\",\"isPartOf\":{\"@id\":\"https:\/\/healthwell-being.eu\/#website\"},\"datePublished\":\"2025-10-24T08:53:45+00:00\",\"dateModified\":\"2026-02-25T19:52:28+00:00\",\"breadcrumb\":{\"@id\":\"https:\/\/healthwell-being.eu\/infraroodbehandelingen\/#breadcrumb\"},\"inLanguage\":\"de\",\"potentialAction\":[{\"@type\":\"ReadAction\",\"target\":[\"https:\/\/healthwell-being.eu\/infraroodbehandelingen\/\"]}]},{\"@type\":\"BreadcrumbList\",\"@id\":\"https:\/\/healthwell-being.eu\/infraroodbehandelingen\/#breadcrumb\",\"itemListElement\":[{\"@type\":\"ListItem\",\"position\":1,\"name\":\"Home\",\"item\":\"https:\/\/healthwell-being.eu\/\"},{\"@type\":\"ListItem\",\"position\":2,\"name\":\"Infraroodbehandelingen\"}]},{\"@type\":\"WebSite\",\"@id\":\"https:\/\/healthwell-being.eu\/#website\",\"url\":\"https:\/\/healthwell-being.eu\/\",\"name\":\"Health &amp; Well-Being\",\"description\":\"\",\"potentialAction\":[{\"@type\":\"SearchAction\",\"target\":{\"@type\":\"EntryPoint\",\"urlTemplate\":\"https:\/\/healthwell-being.eu\/?s={search_term_string}\"},\"query-input\":{\"@type\":\"PropertyValueSpecification\",\"valueRequired\":true,\"valueName\":\"search_term_string\"}}],\"inLanguage\":\"de\"}]}<\/script>\n<!-- \/ Yoast SEO plugin. -->","yoast_head_json":{"title":"Infraroodbehandelingen - Health &amp; Well-Being","robots":{"index":"index","follow":"follow","max-snippet":"max-snippet:-1","max-image-preview":"max-image-preview:large","max-video-preview":"max-video-preview:-1"},"canonical":"https:\/\/healthwell-being.eu\/de\/infraroodbehandelingen\/","og_locale":"de_DE","og_type":"article","og_title":"Infraroodbehandelingen - Health &amp; Well-Being","og_description":"Wat is een infraroodbehandeling? Infraroodtherapie maakt gebruik van diepwerkende warmtestraling die het lichaam van binnenuit verwarmt. In tegenstelling tot een traditionele sauna warmt infrarood niet de lucht, maar het weefsel zelf. Hierdoor ontstaat een aangename, milde warmte die diep doordringt tot in spieren en gewrichten. De warmte stimuleert de doorbloeding, waardoor zuurstof en voedingsstoffen beter [&hellip;]","og_url":"https:\/\/healthwell-being.eu\/de\/infraroodbehandelingen\/","og_site_name":"Health &amp; Well-Being","article_modified_time":"2026-02-25T19:52:28+00:00","twitter_card":"summary_large_image","twitter_misc":{"Gesch\u00e4tzte Lesezeit":"1\u00a0Minute"},"schema":{"@context":"https:\/\/schema.org","@graph":[{"@type":"WebPage","@id":"https:\/\/healthwell-being.eu\/infraroodbehandelingen\/","url":"https:\/\/healthwell-being.eu\/infraroodbehandelingen\/","name":"Infraroodbehandelingen - Health &amp; Well-Being","isPartOf":{"@id":"https:\/\/healthwell-being.eu\/#website"},"datePublished":"2025-10-24T08:53:45+00:00","dateModified":"2026-02-25T19:52:28+00:00","breadcrumb":{"@id":"https:\/\/healthwell-being.eu\/infraroodbehandelingen\/#breadcrumb"},"inLanguage":"de","potentialAction":[{"@type":"ReadAction","target":["https:\/\/healthwell-being.eu\/infraroodbehandelingen\/"]}]},{"@type":"BreadcrumbList","@id":"https:\/\/healthwell-being.eu\/infraroodbehandelingen\/#breadcrumb","itemListElement":[{"@type":"ListItem","position":1,"name":"Home","item":"https:\/\/healthwell-being.eu\/"},{"@type":"ListItem","position":2,"name":"Infraroodbehandelingen"}]},{"@type":"WebSite","@id":"https:\/\/healthwell-being.eu\/#website","url":"https:\/\/healthwell-being.eu\/","name":"Health &amp; Well-Being","description":"","potentialAction":[{"@type":"SearchAction","target":{"@type":"EntryPoint","urlTemplate":"https:\/\/healthwell-being.eu\/?s={search_term_string}"},"query-input":{"@type":"PropertyValueSpecification","valueRequired":true,"valueName":"search_term_string"}}],"inLanguage":"de"}]}},"_links":{"self":[{"href":"https:\/\/healthwell-being.eu\/de\/wp-json\/wp\/v2\/pages\/781","targetHints":{"allow":["GET"]}}],"collection":[{"href":"https:\/\/healthwell-being.eu\/de\/wp-json\/wp\/v2\/pages"}],"about":[{"href":"https:\/\/healthwell-being.eu\/de\/wp-json\/wp\/v2\/types\/page"}],"author":[{"embeddable":true,"href":"https:\/\/healthwell-being.eu\/de\/wp-json\/wp\/v2\/users\/1"}],"replies":[{"embeddable":true,"href":"https:\/\/healthwell-being.eu\/de\/wp-json\/wp\/v2\/comments?post=781"}],"version-history":[{"count":15,"href":"https:\/\/healthwell-being.eu\/de\/wp-json\/wp\/v2\/pages\/781\/revisions"}],"predecessor-version":[{"id":1201,"href":"https:\/\/healthwell-being.eu\/de\/wp-json\/wp\/v2\/pages\/781\/revisions\/1201"}],"wp:attachment":[{"href":"https:\/\/healthwell-being.eu\/de\/wp-json\/wp\/v2\/media?parent=781"}],"curies":[{"name":"wp","href":"https:\/\/api.w.org\/{rel}","templated":true}]}}