{"id":732,"date":"2025-10-24T09:39:06","date_gmt":"2025-10-24T07:39:06","guid":{"rendered":"https:\/\/healthwell-being.eu\/?page_id=732"},"modified":"2026-02-25T20:56:26","modified_gmt":"2026-02-25T19:56:26","slug":"detox-ioniserend-voetbad-met-een-platina-spoeler","status":"publish","type":"page","link":"https:\/\/healthwell-being.eu\/de\/detox-ioniserend-voetbad-met-een-platina-spoeler\/","title":{"rendered":"Detox-ionisierendes Fu\u00dfbad mit Platinspirale"},"content":{"rendered":"<div data-elementor-type=\"wp-page\" data-elementor-id=\"732\" class=\"elementor elementor-732\" data-elementor-post-type=\"page\">\n\t\t\t\t<div class=\"elementor-element elementor-element-ab4a72a e-flex e-con-boxed e-con e-parent\" data-id=\"ab4a72a\" data-element_type=\"container\">\n\t\t\t\t\t<div class=\"e-con-inner\">\n\t\t<div class=\"elementor-element elementor-element-4c4ec82 e-con-full e-flex e-con e-child\" data-id=\"4c4ec82\" data-element_type=\"container\">\n\t\t\t\t<div class=\"elementor-element elementor-element-cc25745 elementor-widget elementor-widget-heading\" data-id=\"cc25745\" data-element_type=\"widget\" data-widget_type=\"heading.default\">\n\t\t\t\t\t<h2 class=\"elementor-heading-title elementor-size-default\">Was ist ein ionisierendes Detox-Fu\u00dfbad mit Platinspule?\n<\/h2>\t\t\t\t<\/div>\n\t\t\t\t<div class=\"elementor-element elementor-element-8c281c1 elementor-widget-divider--view-line elementor-widget elementor-widget-divider\" data-id=\"8c281c1\" data-element_type=\"widget\" data-widget_type=\"divider.default\">\n\t\t\t\t\t\t\t<div class=\"elementor-divider\">\n\t\t\t<span class=\"elementor-divider-separator\">\n\t\t\t\t\t\t<\/span>\n\t\t<\/div>\n\t\t\t\t\t\t<\/div>\n\t\t\t\t<div class=\"elementor-element elementor-element-4fbacc1 elementor-widget elementor-widget-text-editor\" data-id=\"4fbacc1\" data-element_type=\"widget\" data-no-translation=\"\" data-widget_type=\"text-editor.default\">\n\t\t\t\t\t<style>.elementor-element-4fbacc1{display:none !important}<\/style>\t\t\t\t<\/div>\n\t\t\t\t<div class=\"elementor-element elementor-element-8379f63 elementor-widget elementor-widget-text-editor\" data-id=\"8379f63\" data-element_type=\"widget\" data-no-translation=\"\" data-widget_type=\"text-editor.default\">\n\t\t\t\t\t\t\t\t\t<p>Ein ionisches Fu\u00dfbad basiert auf dem Prinzip, dass der K\u00f6rper \u00fcber die Haut einen elektrischen Austausch eingehen kann. Dabei kann der K\u00f6rper elektrische Ladungen aufnehmen und abgeben. Im warmen Wasser mit etwas Meersalz werden diese Ladungen erzeugt, und der Austausch findet \u00fcber die F\u00fc\u00dfe statt.<\/p><p>Nach naturheilkundlichen Erkenntnissen soll dieser Prozess den Zellstoffwechsel anregen. Zellen sind so besser in der Lage, Stoffwechselabf\u00e4lle und andere belastende Substanzen auszuscheiden. Direkt nach der Stimulation durch den Ionenstrom k\u00f6nnen die nat\u00fcrlichen Reinigungsorgane des K\u00f6rpers aktiver werden. Daher wird ein ionisches Fu\u00dfbad als unterst\u00fctzende, stoffwechselanregende Behandlung angesehen.<\/p><p>Bei einem ionischen Fu\u00dfbad kommt es zu keiner Verf\u00e4rbung des Wassers. Der K\u00f6rper kann \u00fcber die F\u00fc\u00dfe Abfallstoffe an das Wasser abgeben. Der wichtigste Effekt findet jedoch im K\u00f6rper selbst statt, 8 bis 24 Stunden nach dem Ionenbad.<\/p><p>Zur Unterst\u00fctzung dieses Prozesses ist die Aufnahme von ausreichend Wasser und Mineralstoffen nach der Behandlung zu empfehlen. So kann der K\u00f6rper die freigesetzten Stoffe gut verarbeiten.<\/p><p>Das Wasser im ionischen Fu\u00dfbad dient als Austauschmedium zwischen K\u00f6rper und Umwelt. Je mehr Elektronen sich im Wasser befinden, desto gr\u00f6\u00dfer ist der Spannungsunterschied zwischen Wasser und Haut. Nach einigen Minuten im Wasser nimmt der Hautwiderstand ab, wodurch Austauschprozesse zwischen K\u00f6rperfl\u00fcssigkeit und Badewasser stattfinden k\u00f6nnen.<\/p><p>In den meisten F\u00e4llen nimmt der K\u00f6rper Elektronen aus dem Wasser auf, w\u00e4hrend gleichzeitig positive Ladungen aus dem K\u00f6rper ins Wasser wandern.<\/p>\t\t\t\t\t\t\t\t<\/div>\n\t\t<div class=\"elementor-element elementor-element-5de8b0f e-con-full e-flex e-con e-child\" data-id=\"5de8b0f\" data-element_type=\"container\">\n\t\t\t\t<div class=\"elementor-element elementor-element-ecb7f94 elementor-widget elementor-widget-button\" data-id=\"ecb7f94\" data-element_type=\"widget\" data-widget_type=\"button.default\">\n\t\t\t\t\t\t\t\t\t\t<a class=\"elementor-button elementor-button-link elementor-size-sm\" href=\"https:\/\/healthwell-being.eu\/de\/contact-informatie\/\">\n\t\t\t\t\t\t<span class=\"elementor-button-content-wrapper\">\n\t\t\t\t\t\t\t\t\t<span class=\"elementor-button-text\">Ja, das m\u00f6chte ich!<\/span>\n\t\t\t\t\t<\/span>\n\t\t\t\t\t<\/a>\n\t\t\t\t\t\t\t\t<\/div>\n\t\t\t\t<div class=\"elementor-element elementor-element-041efd6 elementor-widget elementor-widget-button\" data-id=\"041efd6\" data-element_type=\"widget\" data-widget_type=\"button.default\">\n\t\t\t\t\t\t\t\t\t\t<a class=\"elementor-button elementor-button-link elementor-size-sm\" href=\"https:\/\/healthwell-being.eu\/de\/aanbod\/#therapievormen\">\n\t\t\t\t\t\t<span class=\"elementor-button-content-wrapper\">\n\t\t\t\t\t\t\t\t\t<span class=\"elementor-button-text\">Zur\u00fcck zu den Therapieformen<\/span>\n\t\t\t\t\t<\/span>\n\t\t\t\t\t<\/a>\n\t\t\t\t\t\t\t\t<\/div>\n\t\t\t\t<\/div>\n\t\t\t\t<\/div>\n\t\t\t\t\t<\/div>\n\t\t\t\t<\/div>\n\t\t\t\t<\/div>","protected":false},"excerpt":{"rendered":"<p>Wat is een detox ioniserend voetbad met een platina spoeler? Een ionisch voetbad is gebaseerd op het principe dat het lichaam via de huid elektrische uitwisseling kan aangaan. Zo kan het lichaam elektrische ladingen opnemen en afgeven. In het warme water met wat zeezout worden deze ladingen opgewekt, en de uitwisseling vindt plaats via de [&hellip;]<\/p>\n","protected":false},"author":1,"featured_media":0,"parent":0,"menu_order":0,"comment_status":"closed","ping_status":"closed","template":"","meta":{"_acf_changed":false,"footnotes":""},"class_list":["post-732","page","type-page","status-publish","hentry"],"acf":[],"yoast_head":"<!-- This site is optimized with the Yoast SEO plugin v26.2 - https:\/\/yoast.com\/wordpress\/plugins\/seo\/ -->\n<title>Detox ioniserend voetbad met een platina spoeler - Health &amp; Well-Being<\/title>\n<meta name=\"robots\" content=\"index, follow, max-snippet:-1, max-image-preview:large, max-video-preview:-1\" \/>\n<link rel=\"canonical\" href=\"https:\/\/healthwell-being.eu\/de\/detox-ioniserend-voetbad-met-een-platina-spoeler\/\" \/>\n<meta property=\"og:locale\" content=\"de_DE\" \/>\n<meta property=\"og:type\" content=\"article\" \/>\n<meta property=\"og:title\" content=\"Detox ioniserend voetbad met een platina spoeler - Health &amp; Well-Being\" \/>\n<meta property=\"og:description\" content=\"Wat is een detox ioniserend voetbad met een platina spoeler? Een ionisch voetbad is gebaseerd op het principe dat het lichaam via de huid elektrische uitwisseling kan aangaan. Zo kan het lichaam elektrische ladingen opnemen en afgeven. In het warme water met wat zeezout worden deze ladingen opgewekt, en de uitwisseling vindt plaats via de [&hellip;]\" \/>\n<meta property=\"og:url\" content=\"https:\/\/healthwell-being.eu\/de\/detox-ioniserend-voetbad-met-een-platina-spoeler\/\" \/>\n<meta property=\"og:site_name\" content=\"Health &amp; Well-Being\" \/>\n<meta property=\"article:modified_time\" content=\"2026-02-25T19:56:26+00:00\" \/>\n<meta name=\"twitter:card\" content=\"summary_large_image\" \/>\n<meta name=\"twitter:label1\" content=\"Gesch\u00e4tzte Lesezeit\" \/>\n\t<meta name=\"twitter:data1\" content=\"3\u00a0Minuten\" \/>\n<script type=\"application\/ld+json\" class=\"yoast-schema-graph\">{\"@context\":\"https:\/\/schema.org\",\"@graph\":[{\"@type\":\"WebPage\",\"@id\":\"https:\/\/healthwell-being.eu\/detox-ioniserend-voetbad-met-een-platina-spoeler\/\",\"url\":\"https:\/\/healthwell-being.eu\/detox-ioniserend-voetbad-met-een-platina-spoeler\/\",\"name\":\"Detox ioniserend voetbad met een platina spoeler - Health &amp; Well-Being\",\"isPartOf\":{\"@id\":\"https:\/\/healthwell-being.eu\/#website\"},\"datePublished\":\"2025-10-24T07:39:06+00:00\",\"dateModified\":\"2026-02-25T19:56:26+00:00\",\"breadcrumb\":{\"@id\":\"https:\/\/healthwell-being.eu\/detox-ioniserend-voetbad-met-een-platina-spoeler\/#breadcrumb\"},\"inLanguage\":\"de\",\"potentialAction\":[{\"@type\":\"ReadAction\",\"target\":[\"https:\/\/healthwell-being.eu\/detox-ioniserend-voetbad-met-een-platina-spoeler\/\"]}]},{\"@type\":\"BreadcrumbList\",\"@id\":\"https:\/\/healthwell-being.eu\/detox-ioniserend-voetbad-met-een-platina-spoeler\/#breadcrumb\",\"itemListElement\":[{\"@type\":\"ListItem\",\"position\":1,\"name\":\"Home\",\"item\":\"https:\/\/healthwell-being.eu\/\"},{\"@type\":\"ListItem\",\"position\":2,\"name\":\"Detox ioniserend voetbad met een platina spoeler\"}]},{\"@type\":\"WebSite\",\"@id\":\"https:\/\/healthwell-being.eu\/#website\",\"url\":\"https:\/\/healthwell-being.eu\/\",\"name\":\"Health &amp; Well-Being\",\"description\":\"\",\"potentialAction\":[{\"@type\":\"SearchAction\",\"target\":{\"@type\":\"EntryPoint\",\"urlTemplate\":\"https:\/\/healthwell-being.eu\/?s={search_term_string}\"},\"query-input\":{\"@type\":\"PropertyValueSpecification\",\"valueRequired\":true,\"valueName\":\"search_term_string\"}}],\"inLanguage\":\"de\"}]}<\/script>\n<!-- \/ Yoast SEO plugin. -->","yoast_head_json":{"title":"Detox ioniserend voetbad met een platina spoeler - Health &amp; Well-Being","robots":{"index":"index","follow":"follow","max-snippet":"max-snippet:-1","max-image-preview":"max-image-preview:large","max-video-preview":"max-video-preview:-1"},"canonical":"https:\/\/healthwell-being.eu\/de\/detox-ioniserend-voetbad-met-een-platina-spoeler\/","og_locale":"de_DE","og_type":"article","og_title":"Detox ioniserend voetbad met een platina spoeler - Health &amp; Well-Being","og_description":"Wat is een detox ioniserend voetbad met een platina spoeler? Een ionisch voetbad is gebaseerd op het principe dat het lichaam via de huid elektrische uitwisseling kan aangaan. Zo kan het lichaam elektrische ladingen opnemen en afgeven. In het warme water met wat zeezout worden deze ladingen opgewekt, en de uitwisseling vindt plaats via de [&hellip;]","og_url":"https:\/\/healthwell-being.eu\/de\/detox-ioniserend-voetbad-met-een-platina-spoeler\/","og_site_name":"Health &amp; Well-Being","article_modified_time":"2026-02-25T19:56:26+00:00","twitter_card":"summary_large_image","twitter_misc":{"Gesch\u00e4tzte Lesezeit":"3\u00a0Minuten"},"schema":{"@context":"https:\/\/schema.org","@graph":[{"@type":"WebPage","@id":"https:\/\/healthwell-being.eu\/detox-ioniserend-voetbad-met-een-platina-spoeler\/","url":"https:\/\/healthwell-being.eu\/detox-ioniserend-voetbad-met-een-platina-spoeler\/","name":"Detox ioniserend voetbad met een platina spoeler - Health &amp; Well-Being","isPartOf":{"@id":"https:\/\/healthwell-being.eu\/#website"},"datePublished":"2025-10-24T07:39:06+00:00","dateModified":"2026-02-25T19:56:26+00:00","breadcrumb":{"@id":"https:\/\/healthwell-being.eu\/detox-ioniserend-voetbad-met-een-platina-spoeler\/#breadcrumb"},"inLanguage":"de","potentialAction":[{"@type":"ReadAction","target":["https:\/\/healthwell-being.eu\/detox-ioniserend-voetbad-met-een-platina-spoeler\/"]}]},{"@type":"BreadcrumbList","@id":"https:\/\/healthwell-being.eu\/detox-ioniserend-voetbad-met-een-platina-spoeler\/#breadcrumb","itemListElement":[{"@type":"ListItem","position":1,"name":"Home","item":"https:\/\/healthwell-being.eu\/"},{"@type":"ListItem","position":2,"name":"Detox ioniserend voetbad met een platina spoeler"}]},{"@type":"WebSite","@id":"https:\/\/healthwell-being.eu\/#website","url":"https:\/\/healthwell-being.eu\/","name":"Health &amp; Well-Being","description":"","potentialAction":[{"@type":"SearchAction","target":{"@type":"EntryPoint","urlTemplate":"https:\/\/healthwell-being.eu\/?s={search_term_string}"},"query-input":{"@type":"PropertyValueSpecification","valueRequired":true,"valueName":"search_term_string"}}],"inLanguage":"de"}]}},"_links":{"self":[{"href":"https:\/\/healthwell-being.eu\/de\/wp-json\/wp\/v2\/pages\/732","targetHints":{"allow":["GET"]}}],"collection":[{"href":"https:\/\/healthwell-being.eu\/de\/wp-json\/wp\/v2\/pages"}],"about":[{"href":"https:\/\/healthwell-being.eu\/de\/wp-json\/wp\/v2\/types\/page"}],"author":[{"embeddable":true,"href":"https:\/\/healthwell-being.eu\/de\/wp-json\/wp\/v2\/users\/1"}],"replies":[{"embeddable":true,"href":"https:\/\/healthwell-being.eu\/de\/wp-json\/wp\/v2\/comments?post=732"}],"version-history":[{"count":15,"href":"https:\/\/healthwell-being.eu\/de\/wp-json\/wp\/v2\/pages\/732\/revisions"}],"predecessor-version":[{"id":1213,"href":"https:\/\/healthwell-being.eu\/de\/wp-json\/wp\/v2\/pages\/732\/revisions\/1213"}],"wp:attachment":[{"href":"https:\/\/healthwell-being.eu\/de\/wp-json\/wp\/v2\/media?parent=732"}],"curies":[{"name":"wp","href":"https:\/\/api.w.org\/{rel}","templated":true}]}}