{"id":580,"date":"2025-10-09T10:55:44","date_gmt":"2025-10-09T08:55:44","guid":{"rendered":"https:\/\/healthwell-being.eu\/?page_id=580"},"modified":"2026-02-25T20:58:44","modified_gmt":"2026-02-25T19:58:44","slug":"microscopisch-levend-bloedonderzoek","status":"publish","type":"page","link":"https:\/\/healthwell-being.eu\/de\/microscopisch-levend-bloedonderzoek\/","title":{"rendered":"microscopisch levend bloedonderzoek"},"content":{"rendered":"<div data-elementor-type=\"wp-page\" data-elementor-id=\"580\" class=\"elementor elementor-580\" data-elementor-post-type=\"page\">\n\t\t\t\t<div class=\"elementor-element elementor-element-87c01c5 e-flex e-con-boxed e-con e-parent\" data-id=\"87c01c5\" data-element_type=\"container\">\n\t\t\t\t\t<div class=\"e-con-inner\">\n\t\t<div class=\"elementor-element elementor-element-ee04316 e-con-full e-flex e-con e-child\" data-id=\"ee04316\" data-element_type=\"container\">\n\t\t\t\t<div class=\"elementor-element elementor-element-cf0f174 elementor-widget elementor-widget-heading\" data-id=\"cf0f174\" data-element_type=\"widget\" data-widget_type=\"heading.default\">\n\t\t\t\t\t<h2 class=\"elementor-heading-title elementor-size-default\">Was ist eine Dunkelfeldmikroskopie?\n<\/h2>\t\t\t\t<\/div>\n\t\t\t\t<div class=\"elementor-element elementor-element-adb8511 elementor-widget-divider--view-line elementor-widget elementor-widget-divider\" data-id=\"adb8511\" data-element_type=\"widget\" data-widget_type=\"divider.default\">\n\t\t\t\t\t\t\t<div class=\"elementor-divider\">\n\t\t\t<span class=\"elementor-divider-separator\">\n\t\t\t\t\t\t<\/span>\n\t\t<\/div>\n\t\t\t\t\t\t<\/div>\n\t\t\t\t<div class=\"elementor-element elementor-element-f6cf1d2 elementor-widget elementor-widget-text-editor\" data-id=\"f6cf1d2\" data-element_type=\"widget\" data-no-translation=\"\" data-widget_type=\"text-editor.default\">\n\t\t\t\t\t<style>.elementor-element-f6cf1d2{display:none !important}<\/style>\t\t\t\t<\/div>\n\t\t\t\t<div class=\"elementor-element elementor-element-f174fc3 elementor-widget elementor-widget-text-editor\" data-id=\"f174fc3\" data-element_type=\"widget\" data-no-translation=\"\" data-widget_type=\"text-editor.default\">\n\t\t\t\t\t\t\t\t\t<p>Ist eine Methode, die vor allem in der Alternativmedizin angewendet wird.<br \/>Bei der Dunkelfeldmikroskopie wird ein Tropfen Blut aus Ihrer Fingerkuppe entnommen und unmittelbar nach der Entnahme unter einem speziellen Mikroskop untersucht.<\/p><p>Dieses Mikroskop (Dunkelfeld- oder Phasenkontrastmikroskop) erm\u00f6glicht es, die Blutzellen lebendig und in Bewegung zu beobachten.<\/p><p><strong>W\u00e4hrend der Betrachtung unter dem Mikroskop achte ich unter anderem auf:<\/strong><\/p><ul><li>Form und Beweglichkeit der roten Blutk\u00f6rperchen (z. B., ob sie aneinanderhaften);<\/li><li>Wei\u00dfe Blutk\u00f6rperchen und deren Aktivit\u00e4t;<\/li><li>Eventuell sichtbare Partikel im Plasma (wie Kristalle oder Fetttr\u00f6pfchen);<\/li><li>Das allgemeine Bild der \u201eVitalit\u00e4t\u201c des Blutes.<\/li><\/ul><p><strong>Ziel der Untersuchung ist es zum Beispiel:<\/strong><\/p><ul><li>Einen Eindruck von Ihrem allgemeinen Gesundheitszustand zu gewinnen;<\/li><li>M\u00f6gliche N\u00e4hrstoffm\u00e4ngel zu erkennen;<\/li><li>Hinweise auf Belastungen durch Stoffwechselabf\u00e4lle oder Stressfaktoren zu erhalten;<\/li><li>Die Auswirkungen von Lebensstil\u00e4nderungen oder Therapien zu beobachten.<\/li><\/ul>\t\t\t\t\t\t\t\t<\/div>\n\t\t<div class=\"elementor-element elementor-element-35926f1 e-con-full e-flex e-con e-child\" data-id=\"35926f1\" data-element_type=\"container\">\n\t\t\t\t<div class=\"elementor-element elementor-element-bd174e9 elementor-widget elementor-widget-button\" data-id=\"bd174e9\" data-element_type=\"widget\" data-widget_type=\"button.default\">\n\t\t\t\t\t\t\t\t\t\t<a class=\"elementor-button elementor-button-link elementor-size-sm\" href=\"https:\/\/healthwell-being.eu\/de\/contact-informatie\/\">\n\t\t\t\t\t\t<span class=\"elementor-button-content-wrapper\">\n\t\t\t\t\t\t\t\t\t<span class=\"elementor-button-text\">Ja, das m\u00f6chte ich!<\/span>\n\t\t\t\t\t<\/span>\n\t\t\t\t\t<\/a>\n\t\t\t\t\t\t\t\t<\/div>\n\t\t\t\t<div class=\"elementor-element elementor-element-b4904a7 elementor-widget elementor-widget-button\" data-id=\"b4904a7\" data-element_type=\"widget\" data-widget_type=\"button.default\">\n\t\t\t\t\t\t\t\t\t\t<a class=\"elementor-button elementor-button-link elementor-size-sm\" href=\"https:\/\/healthwell-being.eu\/de\/aanbod\/#therapievormen\">\n\t\t\t\t\t\t<span class=\"elementor-button-content-wrapper\">\n\t\t\t\t\t\t\t\t\t<span class=\"elementor-button-text\">Zur\u00fcck zu den Therapieformen<\/span>\n\t\t\t\t\t<\/span>\n\t\t\t\t\t<\/a>\n\t\t\t\t\t\t\t\t<\/div>\n\t\t\t\t<\/div>\n\t\t\t\t<\/div>\n\t\t\t\t\t<\/div>\n\t\t\t\t<\/div>\n\t\t\t\t<\/div>","protected":false},"excerpt":{"rendered":"<p>Wat is microscopisch levend bloedonderzoek? Ook wel donkerveldmicroscopie of levend bloedanalyse genoemd \u2013 is een methode die vooral in de alternatieve geneeskunde wordt gebruikt.Bij levend bloedonderzoek wordt een druppel bloed van uw vinger genomen en direct na afname onder een speciale microscoop bekeken.Die microscoop (donkerveld- of fasecontrastmicroscoop) laat de bloedcellen levend en bewegend zien. Terwijl [&hellip;]<\/p>\n","protected":false},"author":1,"featured_media":0,"parent":0,"menu_order":0,"comment_status":"closed","ping_status":"closed","template":"","meta":{"_acf_changed":false,"footnotes":""},"class_list":["post-580","page","type-page","status-publish","hentry"],"acf":[],"yoast_head":"<!-- This site is optimized with the Yoast SEO plugin v26.2 - https:\/\/yoast.com\/wordpress\/plugins\/seo\/ -->\n<title>microscopisch levend bloedonderzoek - Health &amp; Well-Being<\/title>\n<meta name=\"robots\" content=\"index, follow, max-snippet:-1, max-image-preview:large, max-video-preview:-1\" \/>\n<link rel=\"canonical\" href=\"https:\/\/healthwell-being.eu\/de\/microscopisch-levend-bloedonderzoek\/\" \/>\n<meta property=\"og:locale\" content=\"de_DE\" \/>\n<meta property=\"og:type\" content=\"article\" \/>\n<meta property=\"og:title\" content=\"microscopisch levend bloedonderzoek - Health &amp; Well-Being\" \/>\n<meta property=\"og:description\" content=\"Wat is microscopisch levend bloedonderzoek? Ook wel donkerveldmicroscopie of levend bloedanalyse genoemd \u2013 is een methode die vooral in de alternatieve geneeskunde wordt gebruikt.Bij levend bloedonderzoek wordt een druppel bloed van uw vinger genomen en direct na afname onder een speciale microscoop bekeken.Die microscoop (donkerveld- of fasecontrastmicroscoop) laat de bloedcellen levend en bewegend zien. Terwijl [&hellip;]\" \/>\n<meta property=\"og:url\" content=\"https:\/\/healthwell-being.eu\/de\/microscopisch-levend-bloedonderzoek\/\" \/>\n<meta property=\"og:site_name\" content=\"Health &amp; Well-Being\" \/>\n<meta property=\"article:modified_time\" content=\"2026-02-25T19:58:44+00:00\" \/>\n<meta name=\"twitter:card\" content=\"summary_large_image\" \/>\n<meta name=\"twitter:label1\" content=\"Gesch\u00e4tzte Lesezeit\" \/>\n\t<meta name=\"twitter:data1\" content=\"2\u00a0Minuten\" \/>\n<script type=\"application\/ld+json\" class=\"yoast-schema-graph\">{\"@context\":\"https:\/\/schema.org\",\"@graph\":[{\"@type\":\"WebPage\",\"@id\":\"https:\/\/healthwell-being.eu\/microscopisch-levend-bloedonderzoek\/\",\"url\":\"https:\/\/healthwell-being.eu\/microscopisch-levend-bloedonderzoek\/\",\"name\":\"microscopisch levend bloedonderzoek - Health &amp; Well-Being\",\"isPartOf\":{\"@id\":\"https:\/\/healthwell-being.eu\/#website\"},\"datePublished\":\"2025-10-09T08:55:44+00:00\",\"dateModified\":\"2026-02-25T19:58:44+00:00\",\"breadcrumb\":{\"@id\":\"https:\/\/healthwell-being.eu\/microscopisch-levend-bloedonderzoek\/#breadcrumb\"},\"inLanguage\":\"de\",\"potentialAction\":[{\"@type\":\"ReadAction\",\"target\":[\"https:\/\/healthwell-being.eu\/microscopisch-levend-bloedonderzoek\/\"]}]},{\"@type\":\"BreadcrumbList\",\"@id\":\"https:\/\/healthwell-being.eu\/microscopisch-levend-bloedonderzoek\/#breadcrumb\",\"itemListElement\":[{\"@type\":\"ListItem\",\"position\":1,\"name\":\"Home\",\"item\":\"https:\/\/healthwell-being.eu\/\"},{\"@type\":\"ListItem\",\"position\":2,\"name\":\"microscopisch levend bloedonderzoek\"}]},{\"@type\":\"WebSite\",\"@id\":\"https:\/\/healthwell-being.eu\/#website\",\"url\":\"https:\/\/healthwell-being.eu\/\",\"name\":\"Health &amp; Well-Being\",\"description\":\"\",\"potentialAction\":[{\"@type\":\"SearchAction\",\"target\":{\"@type\":\"EntryPoint\",\"urlTemplate\":\"https:\/\/healthwell-being.eu\/?s={search_term_string}\"},\"query-input\":{\"@type\":\"PropertyValueSpecification\",\"valueRequired\":true,\"valueName\":\"search_term_string\"}}],\"inLanguage\":\"de\"}]}<\/script>\n<!-- \/ Yoast SEO plugin. -->","yoast_head_json":{"title":"microscopisch levend bloedonderzoek - Health &amp; Well-Being","robots":{"index":"index","follow":"follow","max-snippet":"max-snippet:-1","max-image-preview":"max-image-preview:large","max-video-preview":"max-video-preview:-1"},"canonical":"https:\/\/healthwell-being.eu\/de\/microscopisch-levend-bloedonderzoek\/","og_locale":"de_DE","og_type":"article","og_title":"microscopisch levend bloedonderzoek - Health &amp; Well-Being","og_description":"Wat is microscopisch levend bloedonderzoek? Ook wel donkerveldmicroscopie of levend bloedanalyse genoemd \u2013 is een methode die vooral in de alternatieve geneeskunde wordt gebruikt.Bij levend bloedonderzoek wordt een druppel bloed van uw vinger genomen en direct na afname onder een speciale microscoop bekeken.Die microscoop (donkerveld- of fasecontrastmicroscoop) laat de bloedcellen levend en bewegend zien. Terwijl [&hellip;]","og_url":"https:\/\/healthwell-being.eu\/de\/microscopisch-levend-bloedonderzoek\/","og_site_name":"Health &amp; Well-Being","article_modified_time":"2026-02-25T19:58:44+00:00","twitter_card":"summary_large_image","twitter_misc":{"Gesch\u00e4tzte Lesezeit":"2\u00a0Minuten"},"schema":{"@context":"https:\/\/schema.org","@graph":[{"@type":"WebPage","@id":"https:\/\/healthwell-being.eu\/microscopisch-levend-bloedonderzoek\/","url":"https:\/\/healthwell-being.eu\/microscopisch-levend-bloedonderzoek\/","name":"microscopisch levend bloedonderzoek - Health &amp; Well-Being","isPartOf":{"@id":"https:\/\/healthwell-being.eu\/#website"},"datePublished":"2025-10-09T08:55:44+00:00","dateModified":"2026-02-25T19:58:44+00:00","breadcrumb":{"@id":"https:\/\/healthwell-being.eu\/microscopisch-levend-bloedonderzoek\/#breadcrumb"},"inLanguage":"de","potentialAction":[{"@type":"ReadAction","target":["https:\/\/healthwell-being.eu\/microscopisch-levend-bloedonderzoek\/"]}]},{"@type":"BreadcrumbList","@id":"https:\/\/healthwell-being.eu\/microscopisch-levend-bloedonderzoek\/#breadcrumb","itemListElement":[{"@type":"ListItem","position":1,"name":"Home","item":"https:\/\/healthwell-being.eu\/"},{"@type":"ListItem","position":2,"name":"microscopisch levend bloedonderzoek"}]},{"@type":"WebSite","@id":"https:\/\/healthwell-being.eu\/#website","url":"https:\/\/healthwell-being.eu\/","name":"Health &amp; Well-Being","description":"","potentialAction":[{"@type":"SearchAction","target":{"@type":"EntryPoint","urlTemplate":"https:\/\/healthwell-being.eu\/?s={search_term_string}"},"query-input":{"@type":"PropertyValueSpecification","valueRequired":true,"valueName":"search_term_string"}}],"inLanguage":"de"}]}},"_links":{"self":[{"href":"https:\/\/healthwell-being.eu\/de\/wp-json\/wp\/v2\/pages\/580","targetHints":{"allow":["GET"]}}],"collection":[{"href":"https:\/\/healthwell-being.eu\/de\/wp-json\/wp\/v2\/pages"}],"about":[{"href":"https:\/\/healthwell-being.eu\/de\/wp-json\/wp\/v2\/types\/page"}],"author":[{"embeddable":true,"href":"https:\/\/healthwell-being.eu\/de\/wp-json\/wp\/v2\/users\/1"}],"replies":[{"embeddable":true,"href":"https:\/\/healthwell-being.eu\/de\/wp-json\/wp\/v2\/comments?post=580"}],"version-history":[{"count":32,"href":"https:\/\/healthwell-being.eu\/de\/wp-json\/wp\/v2\/pages\/580\/revisions"}],"predecessor-version":[{"id":1219,"href":"https:\/\/healthwell-being.eu\/de\/wp-json\/wp\/v2\/pages\/580\/revisions\/1219"}],"wp:attachment":[{"href":"https:\/\/healthwell-being.eu\/de\/wp-json\/wp\/v2\/media?parent=580"}],"curies":[{"name":"wp","href":"https:\/\/api.w.org\/{rel}","templated":true}]}}