{"id":570,"date":"2025-10-09T10:53:10","date_gmt":"2025-10-09T08:53:10","guid":{"rendered":"https:\/\/healthwell-being.eu\/?page_id=570"},"modified":"2026-02-25T20:51:28","modified_gmt":"2026-02-25T19:51:28","slug":"frequentie-therapieen","status":"publish","type":"page","link":"https:\/\/healthwell-being.eu\/de\/frequentie-therapieen\/","title":{"rendered":"Frequenztherapien"},"content":{"rendered":"<div data-elementor-type=\"wp-page\" data-elementor-id=\"570\" class=\"elementor elementor-570\" data-elementor-post-type=\"page\">\n\t\t\t\t<div class=\"elementor-element elementor-element-41eec90 e-flex e-con-boxed e-con e-parent\" data-id=\"41eec90\" data-element_type=\"container\">\n\t\t\t\t\t<div class=\"e-con-inner\">\n\t\t<div class=\"elementor-element elementor-element-f855ed8 e-con-full e-flex e-con e-child\" data-id=\"f855ed8\" data-element_type=\"container\">\n\t\t\t\t<div class=\"elementor-element elementor-element-2433e33 elementor-widget elementor-widget-heading\" data-id=\"2433e33\" data-element_type=\"widget\" data-widget_type=\"heading.default\">\n\t\t\t\t\t<h2 class=\"elementor-heading-title elementor-size-default\">Was ist Frequenztherapie?\n<\/h2>\t\t\t\t<\/div>\n\t\t\t\t<div class=\"elementor-element elementor-element-a4a2c0f elementor-widget-divider--view-line elementor-widget elementor-widget-divider\" data-id=\"a4a2c0f\" data-element_type=\"widget\" data-widget_type=\"divider.default\">\n\t\t\t\t\t\t\t<div class=\"elementor-divider\">\n\t\t\t<span class=\"elementor-divider-separator\">\n\t\t\t\t\t\t<\/span>\n\t\t<\/div>\n\t\t\t\t\t\t<\/div>\n\t\t\t\t<div class=\"elementor-element elementor-element-aa0a6a5 elementor-widget elementor-widget-text-editor\" data-id=\"aa0a6a5\" data-element_type=\"widget\" data-no-translation=\"\" data-widget_type=\"text-editor.default\">\n\t\t\t\t\t<style>.elementor-element-aa0a6a5{display:none !important}<\/style>\t\t\t\t<\/div>\n\t\t\t\t<div class=\"elementor-element elementor-element-27d0e5c elementor-widget elementor-widget-text-editor\" data-id=\"27d0e5c\" data-element_type=\"widget\" data-no-translation=\"\" data-widget_type=\"text-editor.default\">\n\t\t\t\t\t\t\t\t\t<p>Alles im Universum ist atomar aufgebaut. Das lernen wir bereits in der Schule \u2013 viele von uns sind mit dem Periodensystem der Elemente vertraut. Entscheidend ist, wie Atome zusammengesetzt und angeordnet sind, sodass letztlich zum Beispiel ein Organ entsteht. Ein Organ besteht also aus Atomen und Information. W\u00fcrden dieselben Atome anders angeordnet, k\u00f6nnte daraus etwas anderes entstehen.<\/p><p>Da Atome aus Elektronen und Protonen bestehen, die unterschiedliche elektrische Ladungen tragen, entsteht automatisch ein elektrisches Feld. Und wo ein elektrisches Feld vorhanden ist, existiert auch ein magnetisches Feld.<\/p><p>Frequenzen stehen in direktem Zusammenhang mit elektrischen und magnetischen Feldern, denn sie beschreiben, wie schnell etwas schwingt oder sich ver\u00e4ndert.<\/p><p>Ein gesunder K\u00f6rper besitzt ein eigenes Muster elektromagnetischer Felder und Rhythmen. Diese Muster reichen von sehr langsamen Schwingungen (weniger als einmal pro Sekunde) bis hin zu extrem schnellen Schwingungen (mehr als 1.000 Billionen Mal pro Sekunde) und tragen viele Informationen dar\u00fcber, wie der K\u00f6rper funktioniert.<\/p><p>Bei Krankheit geraten diese Muster aus dem Gleichgewicht. Sie k\u00f6nnen zu starr werden (zu wenig Variabilit\u00e4t) oder zu chaotisch (zu viele Unregelm\u00e4\u00dfigkeiten). Dies zeigt sich in den elektromagnetischen Feldern und Rhythmen des K\u00f6rpers.<\/p><p>Bei der Frequenztherapie werden Informationen an den K\u00f6rper weitergegeben. Sie dient dazu, fehlerhafte elektromagnetische Felder zu korrigieren. Aus Beobachtungen geht hervor, dass dies eine positive Wirkung auf die k\u00f6rperliche und psychische Gesundheit haben kann. Hier sei angemerkt, dass, diese Therapieform wissenschaftlich bislang noch nicht vollst\u00e4ndig anerkannt ist und daher zu den alternativen Therapien z\u00e4hlt.<\/p><p>Mit <strong>Global Diagnostics<\/strong> werden die problematischen Frequenzen Ihres K\u00f6rpers ausgelesen. Mithilfe verschiedener Ger\u00e4te in meiner Praxis kann ich Sie anschlie\u00dfend gezielt mit den passenden Frequenzen behandeln.<\/p>\t\t\t\t\t\t\t\t<\/div>\n\t\t<div class=\"elementor-element elementor-element-2243756 e-con-full e-flex e-con e-child\" data-id=\"2243756\" data-element_type=\"container\">\n\t\t\t\t<div class=\"elementor-element elementor-element-fc6086b elementor-widget elementor-widget-button\" data-id=\"fc6086b\" data-element_type=\"widget\" data-widget_type=\"button.default\">\n\t\t\t\t\t\t\t\t\t\t<a class=\"elementor-button elementor-button-link elementor-size-sm\" href=\"https:\/\/healthwell-being.eu\/de\/contact-informatie\/\">\n\t\t\t\t\t\t<span class=\"elementor-button-content-wrapper\">\n\t\t\t\t\t\t\t\t\t<span class=\"elementor-button-text\">Ja, das m\u00f6chte ich!<\/span>\n\t\t\t\t\t<\/span>\n\t\t\t\t\t<\/a>\n\t\t\t\t\t\t\t\t<\/div>\n\t\t\t\t<div class=\"elementor-element elementor-element-7aaa0d4 elementor-widget elementor-widget-button\" data-id=\"7aaa0d4\" data-element_type=\"widget\" data-widget_type=\"button.default\">\n\t\t\t\t\t\t\t\t\t\t<a class=\"elementor-button elementor-button-link elementor-size-sm\" href=\"https:\/\/healthwell-being.eu\/de\/aanbod\/#therapievormen\">\n\t\t\t\t\t\t<span class=\"elementor-button-content-wrapper\">\n\t\t\t\t\t\t\t\t\t<span class=\"elementor-button-text\">Zur\u00fcck zu den Therapieformen<\/span>\n\t\t\t\t\t<\/span>\n\t\t\t\t\t<\/a>\n\t\t\t\t\t\t\t\t<\/div>\n\t\t\t\t<\/div>\n\t\t\t\t<\/div>\n\t\t\t\t\t<\/div>\n\t\t\t\t<\/div>\n\t\t\t\t<\/div>","protected":false},"excerpt":{"rendered":"<p>Wat is frequentie therapie? Alles in het universum is atomair opgebouwd. We leren dat ook op school, daar zijn we allemaal well eens met de periodieke tabel van elementen in aanraking gekomen. Het gaat erom hoe de atomen zijn samengesteld om uiteindelijk te resulteren in bijvoorbeeld een orgaan. Dus een orgaan bestaat uit atomen en [&hellip;]<\/p>\n","protected":false},"author":1,"featured_media":0,"parent":0,"menu_order":0,"comment_status":"closed","ping_status":"closed","template":"","meta":{"_acf_changed":false,"footnotes":""},"class_list":["post-570","page","type-page","status-publish","hentry"],"acf":[],"yoast_head":"<!-- This site is optimized with the Yoast SEO plugin v26.2 - https:\/\/yoast.com\/wordpress\/plugins\/seo\/ -->\n<title>Frequentie therapie\u00ebn - Health &amp; Well-Being<\/title>\n<meta name=\"robots\" content=\"index, follow, max-snippet:-1, max-image-preview:large, max-video-preview:-1\" \/>\n<link rel=\"canonical\" href=\"https:\/\/healthwell-being.eu\/de\/frequentie-therapieen\/\" \/>\n<meta property=\"og:locale\" content=\"de_DE\" \/>\n<meta property=\"og:type\" content=\"article\" \/>\n<meta property=\"og:title\" content=\"Frequentie therapie\u00ebn - Health &amp; Well-Being\" \/>\n<meta property=\"og:description\" content=\"Wat is frequentie therapie? Alles in het universum is atomair opgebouwd. We leren dat ook op school, daar zijn we allemaal well eens met de periodieke tabel van elementen in aanraking gekomen. Het gaat erom hoe de atomen zijn samengesteld om uiteindelijk te resulteren in bijvoorbeeld een orgaan. Dus een orgaan bestaat uit atomen en [&hellip;]\" \/>\n<meta property=\"og:url\" content=\"https:\/\/healthwell-being.eu\/de\/frequentie-therapieen\/\" \/>\n<meta property=\"og:site_name\" content=\"Health &amp; Well-Being\" \/>\n<meta property=\"article:modified_time\" content=\"2026-02-25T19:51:28+00:00\" \/>\n<meta name=\"twitter:card\" content=\"summary_large_image\" \/>\n<meta name=\"twitter:label1\" content=\"Gesch\u00e4tzte Lesezeit\" \/>\n\t<meta name=\"twitter:data1\" content=\"3\u00a0Minuten\" \/>\n<script type=\"application\/ld+json\" class=\"yoast-schema-graph\">{\"@context\":\"https:\/\/schema.org\",\"@graph\":[{\"@type\":\"WebPage\",\"@id\":\"https:\/\/healthwell-being.eu\/frequentie-therapieen\/\",\"url\":\"https:\/\/healthwell-being.eu\/frequentie-therapieen\/\",\"name\":\"Frequentie therapie\u00ebn - Health &amp; Well-Being\",\"isPartOf\":{\"@id\":\"https:\/\/healthwell-being.eu\/#website\"},\"datePublished\":\"2025-10-09T08:53:10+00:00\",\"dateModified\":\"2026-02-25T19:51:28+00:00\",\"breadcrumb\":{\"@id\":\"https:\/\/healthwell-being.eu\/frequentie-therapieen\/#breadcrumb\"},\"inLanguage\":\"de\",\"potentialAction\":[{\"@type\":\"ReadAction\",\"target\":[\"https:\/\/healthwell-being.eu\/frequentie-therapieen\/\"]}]},{\"@type\":\"BreadcrumbList\",\"@id\":\"https:\/\/healthwell-being.eu\/frequentie-therapieen\/#breadcrumb\",\"itemListElement\":[{\"@type\":\"ListItem\",\"position\":1,\"name\":\"Home\",\"item\":\"https:\/\/healthwell-being.eu\/\"},{\"@type\":\"ListItem\",\"position\":2,\"name\":\"Frequentie therapie\u00ebn\"}]},{\"@type\":\"WebSite\",\"@id\":\"https:\/\/healthwell-being.eu\/#website\",\"url\":\"https:\/\/healthwell-being.eu\/\",\"name\":\"Health &amp; Well-Being\",\"description\":\"\",\"potentialAction\":[{\"@type\":\"SearchAction\",\"target\":{\"@type\":\"EntryPoint\",\"urlTemplate\":\"https:\/\/healthwell-being.eu\/?s={search_term_string}\"},\"query-input\":{\"@type\":\"PropertyValueSpecification\",\"valueRequired\":true,\"valueName\":\"search_term_string\"}}],\"inLanguage\":\"de\"}]}<\/script>\n<!-- \/ Yoast SEO plugin. -->","yoast_head_json":{"title":"Frequentie therapie\u00ebn - Health &amp; Well-Being","robots":{"index":"index","follow":"follow","max-snippet":"max-snippet:-1","max-image-preview":"max-image-preview:large","max-video-preview":"max-video-preview:-1"},"canonical":"https:\/\/healthwell-being.eu\/de\/frequentie-therapieen\/","og_locale":"de_DE","og_type":"article","og_title":"Frequentie therapie\u00ebn - Health &amp; Well-Being","og_description":"Wat is frequentie therapie? Alles in het universum is atomair opgebouwd. We leren dat ook op school, daar zijn we allemaal well eens met de periodieke tabel van elementen in aanraking gekomen. Het gaat erom hoe de atomen zijn samengesteld om uiteindelijk te resulteren in bijvoorbeeld een orgaan. Dus een orgaan bestaat uit atomen en [&hellip;]","og_url":"https:\/\/healthwell-being.eu\/de\/frequentie-therapieen\/","og_site_name":"Health &amp; Well-Being","article_modified_time":"2026-02-25T19:51:28+00:00","twitter_card":"summary_large_image","twitter_misc":{"Gesch\u00e4tzte Lesezeit":"3\u00a0Minuten"},"schema":{"@context":"https:\/\/schema.org","@graph":[{"@type":"WebPage","@id":"https:\/\/healthwell-being.eu\/frequentie-therapieen\/","url":"https:\/\/healthwell-being.eu\/frequentie-therapieen\/","name":"Frequentie therapie\u00ebn - Health &amp; Well-Being","isPartOf":{"@id":"https:\/\/healthwell-being.eu\/#website"},"datePublished":"2025-10-09T08:53:10+00:00","dateModified":"2026-02-25T19:51:28+00:00","breadcrumb":{"@id":"https:\/\/healthwell-being.eu\/frequentie-therapieen\/#breadcrumb"},"inLanguage":"de","potentialAction":[{"@type":"ReadAction","target":["https:\/\/healthwell-being.eu\/frequentie-therapieen\/"]}]},{"@type":"BreadcrumbList","@id":"https:\/\/healthwell-being.eu\/frequentie-therapieen\/#breadcrumb","itemListElement":[{"@type":"ListItem","position":1,"name":"Home","item":"https:\/\/healthwell-being.eu\/"},{"@type":"ListItem","position":2,"name":"Frequentie therapie\u00ebn"}]},{"@type":"WebSite","@id":"https:\/\/healthwell-being.eu\/#website","url":"https:\/\/healthwell-being.eu\/","name":"Health &amp; Well-Being","description":"","potentialAction":[{"@type":"SearchAction","target":{"@type":"EntryPoint","urlTemplate":"https:\/\/healthwell-being.eu\/?s={search_term_string}"},"query-input":{"@type":"PropertyValueSpecification","valueRequired":true,"valueName":"search_term_string"}}],"inLanguage":"de"}]}},"_links":{"self":[{"href":"https:\/\/healthwell-being.eu\/de\/wp-json\/wp\/v2\/pages\/570","targetHints":{"allow":["GET"]}}],"collection":[{"href":"https:\/\/healthwell-being.eu\/de\/wp-json\/wp\/v2\/pages"}],"about":[{"href":"https:\/\/healthwell-being.eu\/de\/wp-json\/wp\/v2\/types\/page"}],"author":[{"embeddable":true,"href":"https:\/\/healthwell-being.eu\/de\/wp-json\/wp\/v2\/users\/1"}],"replies":[{"embeddable":true,"href":"https:\/\/healthwell-being.eu\/de\/wp-json\/wp\/v2\/comments?post=570"}],"version-history":[{"count":22,"href":"https:\/\/healthwell-being.eu\/de\/wp-json\/wp\/v2\/pages\/570\/revisions"}],"predecessor-version":[{"id":1198,"href":"https:\/\/healthwell-being.eu\/de\/wp-json\/wp\/v2\/pages\/570\/revisions\/1198"}],"wp:attachment":[{"href":"https:\/\/healthwell-being.eu\/de\/wp-json\/wp\/v2\/media?parent=570"}],"curies":[{"name":"wp","href":"https:\/\/api.w.org\/{rel}","templated":true}]}}