{"id":183,"date":"2025-08-22T09:52:22","date_gmt":"2025-08-22T07:52:22","guid":{"rendered":"https:\/\/healthwell-being.eu\/?page_id=183"},"modified":"2026-04-15T22:07:24","modified_gmt":"2026-04-15T20:07:24","slug":"contact-informatie","status":"publish","type":"page","link":"https:\/\/healthwell-being.eu\/de\/contact-informatie\/","title":{"rendered":"Kontakt &amp; Informationen"},"content":{"rendered":"\t\t<div data-elementor-type=\"wp-page\" data-elementor-id=\"183\" class=\"elementor elementor-183\" data-elementor-post-type=\"page\">\n\t\t\t\t<div class=\"elementor-element elementor-element-b5df4ce e-flex e-con-boxed e-con e-parent\" data-id=\"b5df4ce\" data-element_type=\"container\">\n\t\t\t\t\t<div class=\"e-con-inner\">\n\t\t<div class=\"elementor-element elementor-element-7033fb4 e-con-full e-flex e-con e-child\" data-id=\"7033fb4\" data-element_type=\"container\">\n\t\t\t\t<div class=\"elementor-element elementor-element-1eee9fb elementor-widget elementor-widget-heading\" data-id=\"1eee9fb\" data-element_type=\"widget\" data-widget_type=\"heading.default\">\n\t\t\t\t\t<h2 class=\"elementor-heading-title elementor-size-default\">Neem nu contact op!<\/h2>\t\t\t\t<\/div>\n\t\t\t\t<div class=\"elementor-element elementor-element-91b29df elementor-widget-divider--view-line elementor-widget elementor-widget-divider\" data-id=\"91b29df\" data-element_type=\"widget\" data-widget_type=\"divider.default\">\n\t\t\t\t\t\t\t<div class=\"elementor-divider\">\n\t\t\t<span class=\"elementor-divider-separator\">\n\t\t\t\t\t\t<\/span>\n\t\t<\/div>\n\t\t\t\t\t\t<\/div>\n\t\t\t\t<div class=\"elementor-element elementor-element-afa3e24 elementor-widget elementor-widget-text-editor\" data-id=\"afa3e24\" data-element_type=\"widget\" data-no-translation=\"\" data-widget_type=\"text-editor.default\">\n\t\t\t\t\t<style>.elementor-element-afa3e24{display:none !important}<\/style>\t\t\t\t<\/div>\n\t\t\t\t<div class=\"elementor-element elementor-element-f5682de elementor-widget elementor-widget-text-editor\" data-id=\"f5682de\" data-element_type=\"widget\" data-no-translation=\"\" data-widget_type=\"text-editor.default\">\n\t\t\t\t\t\t\t\t\t<p>Einen Termin k\u00f6nnen Sie \u00fcber meine Website, per E-Mail, telefonisch oder \u00fcber einen Messenger-Dienst wie zum Beispiel WhatsApp vereinbaren.<br \/>Sollte ich zur Zeit Ihres Anrufs in einer Behandlung sein hinterlassen Sie gerne eine Nachricht auf dem Anrufbeantworter. Sie erhalten schnellstm\u00f6glich eine R\u00fcckmeldung von mir.<\/p>\t\t\t\t\t\t\t\t<\/div>\n\t\t\t\t<div class=\"elementor-element elementor-element-a0225b0 elementor-widget elementor-widget-text-editor\" data-id=\"a0225b0\" data-element_type=\"widget\" data-widget_type=\"text-editor.default\">\n\t\t\t\t\t\t\t\t\tKatharina Posch Verhagen\t\t\t\t\t\t\t\t<\/div>\n\t\t\t\t<div class=\"elementor-element elementor-element-f5a7438 elementor-mobile-align-left elementor-align-left elementor-icon-list--layout-traditional elementor-list-item-link-full_width elementor-widget elementor-widget-icon-list\" data-id=\"f5a7438\" data-element_type=\"widget\" data-widget_type=\"icon-list.default\">\n\t\t\t\t\t\t\t<ul class=\"elementor-icon-list-items\">\n\t\t\t\t\t\t\t<li class=\"elementor-icon-list-item\">\n\t\t\t\t\t\t\t\t\t\t\t<a href=\"https:\/\/maps.app.goo.gl\/gatb9RxLdDwBMJDy8\" target=\"_blank\">\n\n\t\t\t\t\t\t\t\t\t\t\t\t<span class=\"elementor-icon-list-icon\">\n\t\t\t\t\t\t\t<svg aria-hidden=\"true\" class=\"e-font-icon-svg e-fas-map-marker-alt\" viewBox=\"0 0 384 512\" xmlns=\"http:\/\/www.w3.org\/2000\/svg\"><path d=\"M172.268 501.67C26.97 291.031 0 269.413 0 192 0 85.961 85.961 0 192 0s192 85.961 192 192c0 77.413-26.97 99.031-172.268 309.67-9.535 13.774-29.93 13.773-39.464 0zM192 272c44.183 0 80-35.817 80-80s-35.817-80-80-80-80 35.817-80 80 35.817 80 80 80z\"><\/path><\/svg>\t\t\t\t\t\t<\/span>\n\t\t\t\t\t\t\t\t\t\t<span class=\"elementor-icon-list-text\">Bredeweg 387, 6043 GD Roermond<\/span>\n\t\t\t\t\t\t\t\t\t\t\t<\/a>\n\t\t\t\t\t\t\t\t\t<\/li>\n\t\t\t\t\t\t\t\t<li class=\"elementor-icon-list-item\">\n\t\t\t\t\t\t\t\t\t\t\t<a href=\"tel:+31657765951\">\n\n\t\t\t\t\t\t\t\t\t\t\t\t<span class=\"elementor-icon-list-icon\">\n\t\t\t\t\t\t\t<svg aria-hidden=\"true\" class=\"e-font-icon-svg e-fas-phone-alt\" viewBox=\"0 0 512 512\" xmlns=\"http:\/\/www.w3.org\/2000\/svg\"><path d=\"M497.39 361.8l-112-48a24 24 0 0 0-28 6.9l-49.6 60.6A370.66 370.66 0 0 1 130.6 204.11l60.6-49.6a23.94 23.94 0 0 0 6.9-28l-48-112A24.16 24.16 0 0 0 122.6.61l-104 24A24 24 0 0 0 0 48c0 256.5 207.9 464 464 464a24 24 0 0 0 23.4-18.6l24-104a24.29 24.29 0 0 0-14.01-27.6z\"><\/path><\/svg>\t\t\t\t\t\t<\/span>\n\t\t\t\t\t\t\t\t\t\t<span class=\"elementor-icon-list-text\">+31 (0)6 5776 5951<\/span>\n\t\t\t\t\t\t\t\t\t\t\t<\/a>\n\t\t\t\t\t\t\t\t\t<\/li>\n\t\t\t\t\t\t\t\t<li class=\"elementor-icon-list-item\">\n\t\t\t\t\t\t\t\t\t\t\t<a href=\"mailto:info@healthwell-being.eu\">\n\n\t\t\t\t\t\t\t\t\t\t\t\t<span class=\"elementor-icon-list-icon\">\n\t\t\t\t\t\t\t<svg aria-hidden=\"true\" class=\"e-font-icon-svg e-fas-envelope\" viewBox=\"0 0 512 512\" xmlns=\"http:\/\/www.w3.org\/2000\/svg\"><path d=\"M502.3 190.8c3.9-3.1 9.7-.2 9.7 4.7V400c0 26.5-21.5 48-48 48H48c-26.5 0-48-21.5-48-48V195.6c0-5 5.7-7.8 9.7-4.7 22.4 17.4 52.1 39.5 154.1 113.6 21.1 15.4 56.7 47.8 92.2 47.6 35.7.3 72-32.8 92.3-47.6 102-74.1 131.6-96.3 154-113.7zM256 320c23.2.4 56.6-29.2 73.4-41.4 132.7-96.3 142.8-104.7 173.4-128.7 5.8-4.5 9.2-11.5 9.2-18.9v-19c0-26.5-21.5-48-48-48H48C21.5 64 0 85.5 0 112v19c0 7.4 3.4 14.3 9.2 18.9 30.6 23.9 40.7 32.4 173.4 128.7 16.8 12.2 50.2 41.8 73.4 41.4z\"><\/path><\/svg>\t\t\t\t\t\t<\/span>\n\t\t\t\t\t\t\t\t\t\t<span class=\"elementor-icon-list-text\">info@healthwell-being.eu<\/span>\n\t\t\t\t\t\t\t\t\t\t\t<\/a>\n\t\t\t\t\t\t\t\t\t<\/li>\n\t\t\t\t\t\t<\/ul>\n\t\t\t\t\t\t<\/div>\n\t\t\t\t<div class=\"elementor-element elementor-element-16e42b8 elementor-widget elementor-widget-text-editor\" data-id=\"16e42b8\" data-element_type=\"widget\" data-no-translation=\"\" data-widget_type=\"text-editor.default\">\n\t\t\t\t\t<style>.elementor-element-16e42b8{display:none !important}<\/style>\t\t\t\t<\/div>\n\t\t\t\t<div class=\"elementor-element elementor-element-4986b67 elementor-widget elementor-widget-text-editor\" data-id=\"4986b67\" data-element_type=\"widget\" data-no-translation=\"\" data-widget_type=\"text-editor.default\">\n\t\t\t\t\t\t\t\t\t<p>Handelsregisternummer: 95820809<\/p><p>Parkm\u00f6glichkeiten sind vorhanden!<\/p><p>Eingang \u00fcber die kieferorthop\u00e4dische Praxis.<br \/>Bitte melden Sie sich an der Rezeption und nehmen Sie anschlie\u00dfend im Wartezimmer im ersten Stock Platz. Ein Aufzug ist nicht vorhanden.<\/p>\t\t\t\t\t\t\t\t<\/div>\n\t\t\t\t<\/div>\n\t\t<div class=\"elementor-element elementor-element-ab76225 e-con-full e-flex e-con e-child\" data-id=\"ab76225\" data-element_type=\"container\">\n\t\t<div class=\"elementor-element elementor-element-5a33938 e-con-full e-flex e-con e-child\" data-id=\"5a33938\" data-element_type=\"container\" data-settings=\"{&quot;background_background&quot;:&quot;classic&quot;}\">\n\t\t\t\t<div class=\"elementor-element elementor-element-3048c3f elementor-widget elementor-widget-heading\" data-id=\"3048c3f\" data-element_type=\"widget\" data-widget_type=\"heading.default\">\n\t\t\t\t\t<span class=\"elementor-heading-title elementor-size-default\">Afspraak maken via mijn website<\/span>\t\t\t\t<\/div>\n\t\t\t\t<div class=\"elementor-element elementor-element-71fec0f elementor-widget elementor-widget-text-editor\" data-id=\"71fec0f\" data-element_type=\"widget\" data-widget_type=\"text-editor.default\">\n\t\t\t\t\t\t\t\t\tJe kunt hier een afspraak maken. Daarnaast kun je me ook een e-mail sturen, bellen, of een bericht sturen via een Messenger zoals bijvoorbeeld WhatsApp.\t\t\t\t\t\t\t\t<\/div>\n\t\t\t\t<div class=\"elementor-element elementor-element-79e3f4c elementor-widget elementor-widget-form\" data-id=\"79e3f4c\" data-element_type=\"widget\" data-settings=\"{&quot;button_width&quot;:&quot;20&quot;,&quot;step_next_label&quot;:&quot;Volgende&quot;,&quot;step_previous_label&quot;:&quot;Vorige&quot;,&quot;step_type&quot;:&quot;number_text&quot;,&quot;step_icon_shape&quot;:&quot;circle&quot;}\" data-widget_type=\"form.default\">\n\t\t\t\t\t\t\t<form class=\"elementor-form\" method=\"post\" name=\"Nieuw formulier\" aria-label=\"Nieuw formulier\">\n\t\t\t<input type=\"hidden\" name=\"post_id\" value=\"183\"\/>\n\t\t\t<input type=\"hidden\" name=\"form_id\" value=\"79e3f4c\"\/>\n\t\t\t<input type=\"hidden\" name=\"referer_title\" value=\"Contact &amp; informatie - Health &amp; Well-Being\" \/>\n\n\t\t\t\t\t\t\t<input type=\"hidden\" name=\"queried_id\" value=\"183\"\/>\n\t\t\t\n\t\t\t<div class=\"elementor-form-fields-wrapper elementor-labels-above\">\n\t\t\t\t\t\t\t\t<div class=\"elementor-field-type-text elementor-field-group elementor-column elementor-field-group-name elementor-col-50\">\n\t\t\t\t\t\t\t\t\t\t\t\t<label for=\"form-field-name\" class=\"elementor-field-label\">\n\t\t\t\t\t\t\t\tNaam\t\t\t\t\t\t\t<\/label>\n\t\t\t\t\t\t\t\t\t\t\t\t\t\t<input size=\"1\" type=\"text\" name=\"form_fields[name]\" id=\"form-field-name\" class=\"elementor-field elementor-size-lg  elementor-field-textual\" placeholder=\"Naam\">\n\t\t\t\t\t\t\t\t\t\t\t<\/div>\n\t\t\t\t\t\t\t\t<div class=\"elementor-field-type-text elementor-field-group elementor-column elementor-field-group-field_69a622d elementor-col-50\">\n\t\t\t\t\t\t\t\t\t\t\t\t<label for=\"form-field-field_69a622d\" class=\"elementor-field-label\">\n\t\t\t\t\t\t\t\tTelefoonnummer\t\t\t\t\t\t\t<\/label>\n\t\t\t\t\t\t\t\t\t\t\t\t\t\t<input size=\"1\" type=\"text\" name=\"form_fields[field_69a622d]\" id=\"form-field-field_69a622d\" class=\"elementor-field elementor-size-lg  elementor-field-textual\" placeholder=\"Telefoonnummer\">\n\t\t\t\t\t\t\t\t\t\t\t<\/div>\n\t\t\t\t\t\t\t\t<div class=\"elementor-field-type-email elementor-field-group elementor-column elementor-field-group-email elementor-col-100 elementor-field-required\">\n\t\t\t\t\t\t\t\t\t\t\t\t<label for=\"form-field-email\" class=\"elementor-field-label\">\n\t\t\t\t\t\t\t\tE-mail\t\t\t\t\t\t\t<\/label>\n\t\t\t\t\t\t\t\t\t\t\t\t\t\t<input size=\"1\" type=\"email\" name=\"form_fields[email]\" id=\"form-field-email\" class=\"elementor-field elementor-size-lg  elementor-field-textual\" placeholder=\"E-mail\" required=\"required\">\n\t\t\t\t\t\t\t\t\t\t\t<\/div>\n\t\t\t\t\t\t\t\t<div class=\"elementor-field-type-textarea elementor-field-group elementor-column elementor-field-group-field_5397da1 elementor-col-100\">\n\t\t\t\t\t\t\t\t\t\t\t\t<label for=\"form-field-field_5397da1\" class=\"elementor-field-label\">\n\t\t\t\t\t\t\t\tWanneer\t\t\t\t\t\t\t<\/label>\n\t\t\t\t\t\t<textarea class=\"elementor-field-textual elementor-field  elementor-size-lg\" name=\"form_fields[field_5397da1]\" id=\"form-field-field_5397da1\" rows=\"4\" placeholder=\"Geef aan wanneer u graag een afspraak wilt, of wanneer u niet kunt. Ik houd zoveel mogelijk rekening met uw voorkeur.\"><\/textarea>\t\t\t\t<\/div>\n\t\t\t\t\t\t\t\t<div class=\"elementor-field-type-textarea elementor-field-group elementor-column elementor-field-group-message elementor-col-100\">\n\t\t\t\t\t\t\t\t\t\t\t\t<label for=\"form-field-message\" class=\"elementor-field-label\">\n\t\t\t\t\t\t\t\tContext\t\t\t\t\t\t\t<\/label>\n\t\t\t\t\t\t<textarea class=\"elementor-field-textual elementor-field  elementor-size-lg\" name=\"form_fields[message]\" id=\"form-field-message\" rows=\"4\" placeholder=\"Context\"><\/textarea>\t\t\t\t<\/div>\n\t\t\t\t\t\t\t\t<div class=\"elementor-field-type-recaptcha_v3 elementor-field-group elementor-column elementor-field-group-field_6bc5723 elementor-col-100 recaptcha_v3-inline\">\n\t\t\t\t\t<div class=\"elementor-field\" id=\"form-field-field_6bc5723\"><div class=\"elementor-g-recaptcha\" data-sitekey=\"6Lee2HcsAAAAAA0OQHOvI2GUKQJAc-q12tsqO1i3\" data-type=\"v3\" data-action=\"Form\" data-badge=\"inline\" data-size=\"invisible\"><\/div><\/div>\t\t\t\t<\/div>\n\t\t\t\t\t\t\t\t<div class=\"elementor-field-group elementor-column elementor-field-type-submit elementor-col-20 e-form__buttons\">\n\t\t\t\t\t<button class=\"elementor-button elementor-size-sm\" type=\"submit\">\n\t\t\t\t\t\t<span class=\"elementor-button-content-wrapper\">\n\t\t\t\t\t\t\t\t\t\t\t\t\t\t\t\t\t\t\t\t\t\t<span class=\"elementor-button-text\">Verstuur<\/span>\n\t\t\t\t\t\t\t\t\t\t\t\t\t<\/span>\n\t\t\t\t\t<\/button>\n\t\t\t\t<\/div>\n\t\t\t<\/div>\n\t\t<\/form>\n\t\t\t\t\t\t<\/div>\n\t\t\t\t<\/div>\n\t\t\t\t<\/div>\n\t\t\t\t\t<\/div>\n\t\t\t\t<\/div>\n\t\t<div class=\"elementor-element elementor-element-48c163a e-flex e-con-boxed e-con e-parent\" data-id=\"48c163a\" data-element_type=\"container\">\n\t\t\t\t\t<div class=\"e-con-inner\">\n\t\t\t\t<div class=\"elementor-element elementor-element-2d8c425 elementor-widget elementor-widget-google_maps\" data-id=\"2d8c425\" data-element_type=\"widget\" data-widget_type=\"google_maps.default\">\n\t\t\t\t\t\t\t<div class=\"elementor-custom-embed\">\n\t\t\t<iframe loading=\"lazy\"\n\t\t\t\t\tsrc=\"https:\/\/maps.google.com\/maps?q=Bredeweg%20387%2C%206043%20GD%20Roermond&#038;t=m&#038;z=13&#038;output=embed&#038;iwloc=near\"\n\t\t\t\t\ttitle=\"Bredeweg 387, 6043 GD Roermond\"\n\t\t\t\t\taria-label=\"Bredeweg 387, 6043 GD Roermond\"\n\t\t\t><\/iframe>\n\t\t<\/div>\n\t\t\t\t\t\t<\/div>\n\t\t\t\t\t<\/div>\n\t\t\t\t<\/div>\n\t\t\t\t<\/div>\n\t\t","protected":false},"excerpt":{"rendered":"<p>Neem nu contact op! Een afspraak kan gemaakt worden via mijn website, email, telefonisch of via een Messenger zoals bijvoorbeeld Whatsapp.Als u belt en ik bezig ben met een behandeling, kan het zijn dat ik de telefoon niet kan aannemen. Als u dan een bericht op het antwoordapparaat achterlaat, bel ik u zo spoedig mogelijk [&hellip;]<\/p>\n","protected":false},"author":1,"featured_media":0,"parent":0,"menu_order":0,"comment_status":"closed","ping_status":"closed","template":"","meta":{"_acf_changed":false,"footnotes":""},"class_list":["post-183","page","type-page","status-publish","hentry"],"acf":[],"yoast_head":"<!-- This site is optimized with the Yoast SEO plugin v26.2 - https:\/\/yoast.com\/wordpress\/plugins\/seo\/ -->\n<title>Contact &amp; informatie - Health &amp; Well-Being<\/title>\n<meta name=\"robots\" content=\"index, follow, max-snippet:-1, max-image-preview:large, max-video-preview:-1\" \/>\n<link rel=\"canonical\" href=\"https:\/\/healthwell-being.eu\/de\/contact-informatie\/\" \/>\n<meta property=\"og:locale\" content=\"de_DE\" \/>\n<meta property=\"og:type\" content=\"article\" \/>\n<meta property=\"og:title\" content=\"Contact &amp; informatie - Health &amp; Well-Being\" \/>\n<meta property=\"og:description\" content=\"Neem nu contact op! Een afspraak kan gemaakt worden via mijn website, email, telefonisch of via een Messenger zoals bijvoorbeeld Whatsapp.Als u belt en ik bezig ben met een behandeling, kan het zijn dat ik de telefoon niet kan aannemen. Als u dan een bericht op het antwoordapparaat achterlaat, bel ik u zo spoedig mogelijk [&hellip;]\" \/>\n<meta property=\"og:url\" content=\"https:\/\/healthwell-being.eu\/de\/contact-informatie\/\" \/>\n<meta property=\"og:site_name\" content=\"Health &amp; Well-Being\" \/>\n<meta property=\"article:modified_time\" content=\"2026-04-15T20:07:24+00:00\" \/>\n<meta name=\"twitter:card\" content=\"summary_large_image\" \/>\n<meta name=\"twitter:label1\" content=\"Gesch\u00e4tzte Lesezeit\" \/>\n\t<meta name=\"twitter:data1\" content=\"2\u00a0Minuten\" \/>\n<script type=\"application\/ld+json\" class=\"yoast-schema-graph\">{\"@context\":\"https:\/\/schema.org\",\"@graph\":[{\"@type\":\"WebPage\",\"@id\":\"https:\/\/healthwell-being.eu\/contact-informatie\/\",\"url\":\"https:\/\/healthwell-being.eu\/contact-informatie\/\",\"name\":\"Contact & informatie - Health &amp; Well-Being\",\"isPartOf\":{\"@id\":\"https:\/\/healthwell-being.eu\/#website\"},\"datePublished\":\"2025-08-22T07:52:22+00:00\",\"dateModified\":\"2026-04-15T20:07:24+00:00\",\"breadcrumb\":{\"@id\":\"https:\/\/healthwell-being.eu\/contact-informatie\/#breadcrumb\"},\"inLanguage\":\"de\",\"potentialAction\":[{\"@type\":\"ReadAction\",\"target\":[\"https:\/\/healthwell-being.eu\/contact-informatie\/\"]}]},{\"@type\":\"BreadcrumbList\",\"@id\":\"https:\/\/healthwell-being.eu\/contact-informatie\/#breadcrumb\",\"itemListElement\":[{\"@type\":\"ListItem\",\"position\":1,\"name\":\"Home\",\"item\":\"https:\/\/healthwell-being.eu\/\"},{\"@type\":\"ListItem\",\"position\":2,\"name\":\"Contact &#038; informatie\"}]},{\"@type\":\"WebSite\",\"@id\":\"https:\/\/healthwell-being.eu\/#website\",\"url\":\"https:\/\/healthwell-being.eu\/\",\"name\":\"Health &amp; Well-Being\",\"description\":\"\",\"potentialAction\":[{\"@type\":\"SearchAction\",\"target\":{\"@type\":\"EntryPoint\",\"urlTemplate\":\"https:\/\/healthwell-being.eu\/?s={search_term_string}\"},\"query-input\":{\"@type\":\"PropertyValueSpecification\",\"valueRequired\":true,\"valueName\":\"search_term_string\"}}],\"inLanguage\":\"de\"}]}<\/script>\n<!-- \/ Yoast SEO plugin. -->","yoast_head_json":{"title":"Contact & informatie - Health &amp; Well-Being","robots":{"index":"index","follow":"follow","max-snippet":"max-snippet:-1","max-image-preview":"max-image-preview:large","max-video-preview":"max-video-preview:-1"},"canonical":"https:\/\/healthwell-being.eu\/de\/contact-informatie\/","og_locale":"de_DE","og_type":"article","og_title":"Contact & informatie - Health &amp; Well-Being","og_description":"Neem nu contact op! Een afspraak kan gemaakt worden via mijn website, email, telefonisch of via een Messenger zoals bijvoorbeeld Whatsapp.Als u belt en ik bezig ben met een behandeling, kan het zijn dat ik de telefoon niet kan aannemen. Als u dan een bericht op het antwoordapparaat achterlaat, bel ik u zo spoedig mogelijk [&hellip;]","og_url":"https:\/\/healthwell-being.eu\/de\/contact-informatie\/","og_site_name":"Health &amp; Well-Being","article_modified_time":"2026-04-15T20:07:24+00:00","twitter_card":"summary_large_image","twitter_misc":{"Gesch\u00e4tzte Lesezeit":"2\u00a0Minuten"},"schema":{"@context":"https:\/\/schema.org","@graph":[{"@type":"WebPage","@id":"https:\/\/healthwell-being.eu\/contact-informatie\/","url":"https:\/\/healthwell-being.eu\/contact-informatie\/","name":"Contact & informatie - Health &amp; Well-Being","isPartOf":{"@id":"https:\/\/healthwell-being.eu\/#website"},"datePublished":"2025-08-22T07:52:22+00:00","dateModified":"2026-04-15T20:07:24+00:00","breadcrumb":{"@id":"https:\/\/healthwell-being.eu\/contact-informatie\/#breadcrumb"},"inLanguage":"de","potentialAction":[{"@type":"ReadAction","target":["https:\/\/healthwell-being.eu\/contact-informatie\/"]}]},{"@type":"BreadcrumbList","@id":"https:\/\/healthwell-being.eu\/contact-informatie\/#breadcrumb","itemListElement":[{"@type":"ListItem","position":1,"name":"Home","item":"https:\/\/healthwell-being.eu\/"},{"@type":"ListItem","position":2,"name":"Contact &#038; informatie"}]},{"@type":"WebSite","@id":"https:\/\/healthwell-being.eu\/#website","url":"https:\/\/healthwell-being.eu\/","name":"Health &amp; Well-Being","description":"","potentialAction":[{"@type":"SearchAction","target":{"@type":"EntryPoint","urlTemplate":"https:\/\/healthwell-being.eu\/?s={search_term_string}"},"query-input":{"@type":"PropertyValueSpecification","valueRequired":true,"valueName":"search_term_string"}}],"inLanguage":"de"}]}},"_links":{"self":[{"href":"https:\/\/healthwell-being.eu\/de\/wp-json\/wp\/v2\/pages\/183","targetHints":{"allow":["GET"]}}],"collection":[{"href":"https:\/\/healthwell-being.eu\/de\/wp-json\/wp\/v2\/pages"}],"about":[{"href":"https:\/\/healthwell-being.eu\/de\/wp-json\/wp\/v2\/types\/page"}],"author":[{"embeddable":true,"href":"https:\/\/healthwell-being.eu\/de\/wp-json\/wp\/v2\/users\/1"}],"replies":[{"embeddable":true,"href":"https:\/\/healthwell-being.eu\/de\/wp-json\/wp\/v2\/comments?post=183"}],"version-history":[{"count":63,"href":"https:\/\/healthwell-being.eu\/de\/wp-json\/wp\/v2\/pages\/183\/revisions"}],"predecessor-version":[{"id":1348,"href":"https:\/\/healthwell-being.eu\/de\/wp-json\/wp\/v2\/pages\/183\/revisions\/1348"}],"wp:attachment":[{"href":"https:\/\/healthwell-being.eu\/de\/wp-json\/wp\/v2\/media?parent=183"}],"curies":[{"name":"wp","href":"https:\/\/api.w.org\/{rel}","templated":true}]}}