{"id":181,"date":"2025-08-22T09:52:13","date_gmt":"2025-08-22T07:52:13","guid":{"rendered":"https:\/\/healthwell-being.eu\/?page_id=181"},"modified":"2026-03-30T15:38:17","modified_gmt":"2026-03-30T13:38:17","slug":"investering-in-uw-gezondheid","status":"publish","type":"page","link":"https:\/\/healthwell-being.eu\/de\/investering-in-uw-gezondheid\/","title":{"rendered":"Investition in Ihre Gesundheit"},"content":{"rendered":"<div data-elementor-type=\"wp-page\" data-elementor-id=\"181\" class=\"elementor elementor-181\" data-elementor-post-type=\"page\">\n\t\t\t\t<div class=\"elementor-element elementor-element-0d1f2b2 e-flex e-con-boxed e-con e-parent\" data-id=\"0d1f2b2\" data-element_type=\"container\">\n\t\t\t\t\t<div class=\"e-con-inner\">\n\t\t<div class=\"elementor-element elementor-element-384c5da e-con-full e-flex e-con e-child\" data-id=\"384c5da\" data-element_type=\"container\">\n\t\t\t\t<div class=\"elementor-element elementor-element-3c08f21 elementor-widget elementor-widget-heading\" data-id=\"3c08f21\" data-element_type=\"widget\" data-widget_type=\"heading.default\">\n\t\t\t\t\t<h2 class=\"elementor-heading-title elementor-size-default\">Starten Sie jetzt und investieren Sie in Ihre Gesundheit<\/h2>\t\t\t\t<\/div>\n\t\t\t\t<div class=\"elementor-element elementor-element-4edfc49 elementor-widget-divider--view-line elementor-widget elementor-widget-divider\" data-id=\"4edfc49\" data-element_type=\"widget\" data-widget_type=\"divider.default\">\n\t\t\t\t\t\t\t<div class=\"elementor-divider\">\n\t\t\t<span class=\"elementor-divider-separator\">\n\t\t\t\t\t\t<\/span>\n\t\t<\/div>\n\t\t\t\t\t\t<\/div>\n\t\t\t\t<div class=\"elementor-element elementor-element-aa0e3fb elementor-widget elementor-widget-text-editor\" data-id=\"aa0e3fb\" data-element_type=\"widget\" data-no-translation=\"\" data-widget_type=\"text-editor.default\">\n\t\t\t\t\t<style>.elementor-element-aa0e3fb{display:none !important}<\/style>\t\t\t\t<\/div>\n\t\t\t\t<div class=\"elementor-element elementor-element-43e78d5 elementor-widget elementor-widget-text-editor\" data-id=\"43e78d5\" data-element_type=\"widget\" data-no-translation=\"\" data-widget_type=\"text-editor.default\">\n\t\t\t\t\t\t\t\t\t<p style=\"font-weight: 400;\">Stundensatz f\u00fcr das Erstgespr\u00e4ch: 90 \u20ac<\/p><p style=\"font-weight: 400;\">Stundensatz f\u00fcr Folgekonsultationen: 75 \u20ac<\/p><p style=\"font-weight: 400;\">Behandlungen werden auf Grundlage der Behandlungstarife abgerechnet. Diese werden auf Anfrage per E-Mail zugesendet.<\/p><p>Wird ein Termin nicht mindestens 24 Stunden im Voraus abgesagt oder erscheinen Sie nicht zum vereinbarten Termin, wird ein Betrag von 90 \u20ac in Rechnung gestellt.<\/p>\t\t\t\t\t\t\t\t<\/div>\n\t\t\t\t<div class=\"elementor-element elementor-element-d15f0e6 elementor-widget elementor-widget-button\" data-id=\"d15f0e6\" data-element_type=\"widget\" data-no-translation=\"\" data-widget_type=\"button.default\">\n\t\t\t\t\t<style>.elementor-element-d15f0e6{display:none !important}<\/style>\t\t\t\t<\/div>\n\t\t\t\t<div class=\"elementor-element elementor-element-f20ec88 elementor-widget elementor-widget-text-editor\" data-id=\"f20ec88\" data-element_type=\"widget\" data-widget_type=\"text-editor.default\">\n\t\t\t\t\t\t\t\t\t<p>Einen Termin k\u00f6nnen Sie \u00fcber meine Website, per E-Mail, telefonisch oder \u00fcber einen Messenger-Dienst wie zum Beispiel WhatsApp vereinbaren.<\/p><p>Sollte ich zur Zeit Ihres Anrufs in einer Behandlung sein hinterlassen Sie gerne eine Nachricht auf dem Anrufbeantworter. Sie erhalten schnellstm\u00f6glich eine R\u00fcckmeldung von mir.<\/p>\t\t\t\t\t\t\t\t<\/div>\n\t\t\t\t<div class=\"elementor-element elementor-element-8280f45 elementor-widget elementor-widget-button\" data-id=\"8280f45\" data-element_type=\"widget\" data-widget_type=\"button.default\">\n\t\t\t\t\t\t\t\t\t\t<a class=\"elementor-button elementor-button-link elementor-size-sm\" href=\"https:\/\/healthwell-being.eu\/de\/contact-informatie\/\" target=\"_blank\">\n\t\t\t\t\t\t<span class=\"elementor-button-content-wrapper\">\n\t\t\t\t\t\t\t\t\t<span class=\"elementor-button-text\">Kontakt &amp; Informationen<\/span>\n\t\t\t\t\t<\/span>\n\t\t\t\t\t<\/a>\n\t\t\t\t\t\t\t\t<\/div>\n\t\t\t\t<\/div>\n\t\t<div class=\"elementor-element elementor-element-d0e0cb5 e-con-full e-flex e-con e-child\" data-id=\"d0e0cb5\" data-element_type=\"container\">\n\t\t\t\t<div class=\"elementor-element elementor-element-a5f1294 elementor-widget elementor-widget-image\" data-id=\"a5f1294\" data-element_type=\"widget\" data-widget_type=\"image.default\">\n\t\t\t\t\t\t\t\t\t\t\t\t\t\t\t<img fetchpriority=\"high\" decoding=\"async\" width=\"1200\" height=\"1600\" src=\"https:\/\/healthwell-being.eu\/wp-content\/uploads\/2025\/10\/Afbeelding-van-WhatsApp-op-2025-09-26-om-16.50.00_2538192d.jpg\" class=\"attachment-full size-full wp-image-685\" alt=\"\" srcset=\"https:\/\/healthwell-being.eu\/wp-content\/uploads\/2025\/10\/Afbeelding-van-WhatsApp-op-2025-09-26-om-16.50.00_2538192d.jpg 1200w, https:\/\/healthwell-being.eu\/wp-content\/uploads\/2025\/10\/Afbeelding-van-WhatsApp-op-2025-09-26-om-16.50.00_2538192d-225x300.jpg 225w, https:\/\/healthwell-being.eu\/wp-content\/uploads\/2025\/10\/Afbeelding-van-WhatsApp-op-2025-09-26-om-16.50.00_2538192d-768x1024.jpg 768w, https:\/\/healthwell-being.eu\/wp-content\/uploads\/2025\/10\/Afbeelding-van-WhatsApp-op-2025-09-26-om-16.50.00_2538192d-1152x1536.jpg 1152w\" sizes=\"(max-width: 1200px) 100vw, 1200px\" \/>\t\t\t\t\t\t\t\t\t\t\t\t\t\t\t<\/div>\n\t\t\t\t<div class=\"elementor-element elementor-element-eb93359 elementor-widget elementor-widget-text-editor\" data-id=\"eb93359\" data-element_type=\"widget\" data-no-translation=\"\" data-widget_type=\"text-editor.default\">\n\t\t\t\t\t<style>.elementor-element-eb93359{display:none !important}<\/style>\t\t\t\t<\/div>\n\t\t\t\t<div class=\"elementor-element elementor-element-ec5b6ea elementor-widget elementor-widget-text-editor\" data-id=\"ec5b6ea\" data-element_type=\"widget\" data-no-translation=\"\" data-widget_type=\"text-editor.default\">\n\t\t\t\t\t\t\t\t\t<p>Entgiftendes ionisierendes Fu\u00dfbad mit Platin-Sp\u00fclvorrichtung <br \/>und Helm von Weber Medical<\/p>\t\t\t\t\t\t\t\t<\/div>\n\t\t\t\t<\/div>\n\t\t\t\t\t<\/div>\n\t\t\t\t<\/div>\n\t\t\t\t<\/div>","protected":false},"excerpt":{"rendered":"<p>Start nu en investeer in uw gezondheid Uurtarief intakeconsult: \u20ac90,- Uurtarief vervolgconsult: \u20ac75,- Behandelingen worden afgerekend op basis van behandelingstarieven. Deze worden op verzoek per e-mail toegestuurd. Wanneer uw afspraak niet minstens 24 uur van tevoren wordt afgezegd of bij het niet komen opdagen, wordt een bedrag van \u20ac 90 in rekening gebracht. Vergoeding en [&hellip;]<\/p>\n","protected":false},"author":1,"featured_media":0,"parent":0,"menu_order":0,"comment_status":"closed","ping_status":"closed","template":"","meta":{"_acf_changed":false,"footnotes":""},"class_list":["post-181","page","type-page","status-publish","hentry"],"acf":[],"yoast_head":"<!-- This site is optimized with the Yoast SEO plugin v26.2 - https:\/\/yoast.com\/wordpress\/plugins\/seo\/ -->\n<title>Investering in uw gezondheid - Health &amp; Well-Being<\/title>\n<meta name=\"robots\" content=\"index, follow, max-snippet:-1, max-image-preview:large, max-video-preview:-1\" \/>\n<link rel=\"canonical\" href=\"https:\/\/healthwell-being.eu\/de\/investering-in-uw-gezondheid\/\" \/>\n<meta property=\"og:locale\" content=\"de_DE\" \/>\n<meta property=\"og:type\" content=\"article\" \/>\n<meta property=\"og:title\" content=\"Investering in uw gezondheid - Health &amp; Well-Being\" \/>\n<meta property=\"og:description\" content=\"Start nu en investeer in uw gezondheid Uurtarief intakeconsult: \u20ac90,- Uurtarief vervolgconsult: \u20ac75,- Behandelingen worden afgerekend op basis van behandelingstarieven. Deze worden op verzoek per e-mail toegestuurd. Wanneer uw afspraak niet minstens 24 uur van tevoren wordt afgezegd of bij het niet komen opdagen, wordt een bedrag van \u20ac 90 in rekening gebracht. Vergoeding en [&hellip;]\" \/>\n<meta property=\"og:url\" content=\"https:\/\/healthwell-being.eu\/de\/investering-in-uw-gezondheid\/\" \/>\n<meta property=\"og:site_name\" content=\"Health &amp; Well-Being\" \/>\n<meta property=\"article:modified_time\" content=\"2026-03-30T13:38:17+00:00\" \/>\n<meta property=\"og:image\" content=\"https:\/\/healthwell-being.eu\/wp-content\/uploads\/2025\/10\/Afbeelding-van-WhatsApp-op-2025-09-26-om-16.50.00_2538192d.jpg\" \/>\n\t<meta property=\"og:image:width\" content=\"1200\" \/>\n\t<meta property=\"og:image:height\" content=\"1600\" \/>\n\t<meta property=\"og:image:type\" content=\"image\/jpeg\" \/>\n<meta name=\"twitter:card\" content=\"summary_large_image\" \/>\n<meta name=\"twitter:label1\" content=\"Gesch\u00e4tzte Lesezeit\" \/>\n\t<meta name=\"twitter:data1\" content=\"2\u00a0Minuten\" \/>\n<script type=\"application\/ld+json\" class=\"yoast-schema-graph\">{\"@context\":\"https:\/\/schema.org\",\"@graph\":[{\"@type\":\"WebPage\",\"@id\":\"https:\/\/healthwell-being.eu\/investering-in-uw-gezondheid\/\",\"url\":\"https:\/\/healthwell-being.eu\/investering-in-uw-gezondheid\/\",\"name\":\"Investering in uw gezondheid - Health &amp; Well-Being\",\"isPartOf\":{\"@id\":\"https:\/\/healthwell-being.eu\/#website\"},\"primaryImageOfPage\":{\"@id\":\"https:\/\/healthwell-being.eu\/investering-in-uw-gezondheid\/#primaryimage\"},\"image\":{\"@id\":\"https:\/\/healthwell-being.eu\/investering-in-uw-gezondheid\/#primaryimage\"},\"thumbnailUrl\":\"https:\/\/healthwell-being.eu\/wp-content\/uploads\/2025\/10\/Afbeelding-van-WhatsApp-op-2025-09-26-om-16.50.00_2538192d.jpg\",\"datePublished\":\"2025-08-22T07:52:13+00:00\",\"dateModified\":\"2026-03-30T13:38:17+00:00\",\"breadcrumb\":{\"@id\":\"https:\/\/healthwell-being.eu\/investering-in-uw-gezondheid\/#breadcrumb\"},\"inLanguage\":\"de\",\"potentialAction\":[{\"@type\":\"ReadAction\",\"target\":[\"https:\/\/healthwell-being.eu\/investering-in-uw-gezondheid\/\"]}]},{\"@type\":\"ImageObject\",\"inLanguage\":\"de\",\"@id\":\"https:\/\/healthwell-being.eu\/investering-in-uw-gezondheid\/#primaryimage\",\"url\":\"https:\/\/healthwell-being.eu\/wp-content\/uploads\/2025\/10\/Afbeelding-van-WhatsApp-op-2025-09-26-om-16.50.00_2538192d.jpg\",\"contentUrl\":\"https:\/\/healthwell-being.eu\/wp-content\/uploads\/2025\/10\/Afbeelding-van-WhatsApp-op-2025-09-26-om-16.50.00_2538192d.jpg\"},{\"@type\":\"BreadcrumbList\",\"@id\":\"https:\/\/healthwell-being.eu\/investering-in-uw-gezondheid\/#breadcrumb\",\"itemListElement\":[{\"@type\":\"ListItem\",\"position\":1,\"name\":\"Home\",\"item\":\"https:\/\/healthwell-being.eu\/\"},{\"@type\":\"ListItem\",\"position\":2,\"name\":\"Investering in uw gezondheid\"}]},{\"@type\":\"WebSite\",\"@id\":\"https:\/\/healthwell-being.eu\/#website\",\"url\":\"https:\/\/healthwell-being.eu\/\",\"name\":\"Health &amp; Well-Being\",\"description\":\"\",\"potentialAction\":[{\"@type\":\"SearchAction\",\"target\":{\"@type\":\"EntryPoint\",\"urlTemplate\":\"https:\/\/healthwell-being.eu\/?s={search_term_string}\"},\"query-input\":{\"@type\":\"PropertyValueSpecification\",\"valueRequired\":true,\"valueName\":\"search_term_string\"}}],\"inLanguage\":\"de\"}]}<\/script>\n<!-- \/ Yoast SEO plugin. -->","yoast_head_json":{"title":"Investering in uw gezondheid - Health &amp; Well-Being","robots":{"index":"index","follow":"follow","max-snippet":"max-snippet:-1","max-image-preview":"max-image-preview:large","max-video-preview":"max-video-preview:-1"},"canonical":"https:\/\/healthwell-being.eu\/de\/investering-in-uw-gezondheid\/","og_locale":"de_DE","og_type":"article","og_title":"Investering in uw gezondheid - Health &amp; Well-Being","og_description":"Start nu en investeer in uw gezondheid Uurtarief intakeconsult: \u20ac90,- Uurtarief vervolgconsult: \u20ac75,- Behandelingen worden afgerekend op basis van behandelingstarieven. Deze worden op verzoek per e-mail toegestuurd. Wanneer uw afspraak niet minstens 24 uur van tevoren wordt afgezegd of bij het niet komen opdagen, wordt een bedrag van \u20ac 90 in rekening gebracht. Vergoeding en [&hellip;]","og_url":"https:\/\/healthwell-being.eu\/de\/investering-in-uw-gezondheid\/","og_site_name":"Health &amp; Well-Being","article_modified_time":"2026-03-30T13:38:17+00:00","og_image":[{"width":1200,"height":1600,"url":"https:\/\/healthwell-being.eu\/wp-content\/uploads\/2025\/10\/Afbeelding-van-WhatsApp-op-2025-09-26-om-16.50.00_2538192d.jpg","type":"image\/jpeg"}],"twitter_card":"summary_large_image","twitter_misc":{"Gesch\u00e4tzte Lesezeit":"2\u00a0Minuten"},"schema":{"@context":"https:\/\/schema.org","@graph":[{"@type":"WebPage","@id":"https:\/\/healthwell-being.eu\/investering-in-uw-gezondheid\/","url":"https:\/\/healthwell-being.eu\/investering-in-uw-gezondheid\/","name":"Investering in uw gezondheid - Health &amp; Well-Being","isPartOf":{"@id":"https:\/\/healthwell-being.eu\/#website"},"primaryImageOfPage":{"@id":"https:\/\/healthwell-being.eu\/investering-in-uw-gezondheid\/#primaryimage"},"image":{"@id":"https:\/\/healthwell-being.eu\/investering-in-uw-gezondheid\/#primaryimage"},"thumbnailUrl":"https:\/\/healthwell-being.eu\/wp-content\/uploads\/2025\/10\/Afbeelding-van-WhatsApp-op-2025-09-26-om-16.50.00_2538192d.jpg","datePublished":"2025-08-22T07:52:13+00:00","dateModified":"2026-03-30T13:38:17+00:00","breadcrumb":{"@id":"https:\/\/healthwell-being.eu\/investering-in-uw-gezondheid\/#breadcrumb"},"inLanguage":"de","potentialAction":[{"@type":"ReadAction","target":["https:\/\/healthwell-being.eu\/investering-in-uw-gezondheid\/"]}]},{"@type":"ImageObject","inLanguage":"de","@id":"https:\/\/healthwell-being.eu\/investering-in-uw-gezondheid\/#primaryimage","url":"https:\/\/healthwell-being.eu\/wp-content\/uploads\/2025\/10\/Afbeelding-van-WhatsApp-op-2025-09-26-om-16.50.00_2538192d.jpg","contentUrl":"https:\/\/healthwell-being.eu\/wp-content\/uploads\/2025\/10\/Afbeelding-van-WhatsApp-op-2025-09-26-om-16.50.00_2538192d.jpg"},{"@type":"BreadcrumbList","@id":"https:\/\/healthwell-being.eu\/investering-in-uw-gezondheid\/#breadcrumb","itemListElement":[{"@type":"ListItem","position":1,"name":"Home","item":"https:\/\/healthwell-being.eu\/"},{"@type":"ListItem","position":2,"name":"Investering in uw gezondheid"}]},{"@type":"WebSite","@id":"https:\/\/healthwell-being.eu\/#website","url":"https:\/\/healthwell-being.eu\/","name":"Health &amp; Well-Being","description":"","potentialAction":[{"@type":"SearchAction","target":{"@type":"EntryPoint","urlTemplate":"https:\/\/healthwell-being.eu\/?s={search_term_string}"},"query-input":{"@type":"PropertyValueSpecification","valueRequired":true,"valueName":"search_term_string"}}],"inLanguage":"de"}]}},"_links":{"self":[{"href":"https:\/\/healthwell-being.eu\/de\/wp-json\/wp\/v2\/pages\/181","targetHints":{"allow":["GET"]}}],"collection":[{"href":"https:\/\/healthwell-being.eu\/de\/wp-json\/wp\/v2\/pages"}],"about":[{"href":"https:\/\/healthwell-being.eu\/de\/wp-json\/wp\/v2\/types\/page"}],"author":[{"embeddable":true,"href":"https:\/\/healthwell-being.eu\/de\/wp-json\/wp\/v2\/users\/1"}],"replies":[{"embeddable":true,"href":"https:\/\/healthwell-being.eu\/de\/wp-json\/wp\/v2\/comments?post=181"}],"version-history":[{"count":66,"href":"https:\/\/healthwell-being.eu\/de\/wp-json\/wp\/v2\/pages\/181\/revisions"}],"predecessor-version":[{"id":1328,"href":"https:\/\/healthwell-being.eu\/de\/wp-json\/wp\/v2\/pages\/181\/revisions\/1328"}],"wp:attachment":[{"href":"https:\/\/healthwell-being.eu\/de\/wp-json\/wp\/v2\/media?parent=181"}],"curies":[{"name":"wp","href":"https:\/\/api.w.org\/{rel}","templated":true}]}}