{"id":179,"date":"2025-08-22T09:52:04","date_gmt":"2025-08-22T07:52:04","guid":{"rendered":"https:\/\/healthwell-being.eu\/?page_id=179"},"modified":"2026-03-24T18:20:17","modified_gmt":"2026-03-24T17:20:17","slug":"partners","status":"publish","type":"page","link":"https:\/\/healthwell-being.eu\/de\/partners\/","title":{"rendered":"Partners"},"content":{"rendered":"<div data-elementor-type=\"wp-page\" data-elementor-id=\"179\" class=\"elementor elementor-179\" data-elementor-post-type=\"page\">\n\t\t\t\t<div class=\"elementor-element elementor-element-c744ba6 e-flex e-con-boxed e-con e-parent\" data-id=\"c744ba6\" data-element_type=\"container\">\n\t\t\t\t\t<div class=\"e-con-inner\">\n\t\t<div class=\"elementor-element elementor-element-a292e1d e-con-full e-flex e-con e-child\" data-id=\"a292e1d\" data-element_type=\"container\">\n\t\t\t\t<div class=\"elementor-element elementor-element-8a37e7d elementor-widget elementor-widget-heading\" data-id=\"8a37e7d\" data-element_type=\"widget\" data-widget_type=\"heading.default\">\n\t\t\t\t\t<h2 class=\"elementor-heading-title elementor-size-default\">Meine Partners<\/h2>\t\t\t\t<\/div>\n\t\t\t\t<div class=\"elementor-element elementor-element-d32931f elementor-widget-divider--view-line elementor-widget elementor-widget-divider\" data-id=\"d32931f\" data-element_type=\"widget\" data-widget_type=\"divider.default\">\n\t\t\t\t\t\t\t<div class=\"elementor-divider\">\n\t\t\t<span class=\"elementor-divider-separator\">\n\t\t\t\t\t\t<\/span>\n\t\t<\/div>\n\t\t\t\t\t\t<\/div>\n\t\t\t\t<div class=\"elementor-element elementor-element-f73fd55 elementor-widget elementor-widget-text-editor\" data-id=\"f73fd55\" data-element_type=\"widget\" data-no-translation=\"\" data-widget_type=\"text-editor.default\">\n\t\t\t\t\t<style>.elementor-element-f73fd55{display:none !important}<\/style>\t\t\t\t<\/div>\n\t\t\t\t<div class=\"elementor-element elementor-element-6284444 elementor-widget elementor-widget-text-editor\" data-id=\"6284444\" data-element_type=\"widget\" data-no-translation=\"\" data-widget_type=\"text-editor.default\">\n\t\t\t\t\t\t\t\t\t<p><span lang=\"DE-AT\">Hier finden Sie eine Auswahl an Partnern, mit denen ich zusammenarbeite.<\/span><\/p><p>Mitglied bei:<\/p><p>MBOG \u2013 Lizenz-Nr. 1740 TL<br \/>RBCZ \u2013 Lizenz-Nr. 250304R<br \/><a href=\"https:\/\/www.bdh-online.de\/patienten\/therapeutensuche\/?u=13627\" target=\"_blank\" rel=\"noopener\"><span lang=\"DE-AT\">BDH<\/span><\/a><span lang=\"DE-AT\"> (Bund Deutscher Heilpraktiker e.V.)<\/span><\/p><p><span lang=\"DE-AT\">Als Mitglied der <\/span><span lang=\"DE-AT\">MBOG<\/span><span lang=\"DE-AT\"> (Gesellschaft zur F\u00f6rderung der orthomolekularen Medizin) steht dieser Titel f\u00fcr Professionalit\u00e4t und fachliche Kompetenz.<\/span><\/p><p><span lang=\"DE-AT\">Die <\/span><span lang=\"DE-AT\">Stiftung RBCZ<\/span><span lang=\"DE-AT\"> ist eine \u00fcbergeordnete Organisation in der Niederlande, die Berufsangeh\u00f6rige der komplement\u00e4ren und alternativen Medizin (\u00c4rzte <\/span><span lang=\"DE-AT\">und<\/span><span lang=\"DE-AT\"> Therapeuten mit mindestens Hochschulniveau) zertifiziert und registriert.<\/span><\/p>\t\t\t\t\t\t\t\t<\/div>\n\t\t\t\t<div class=\"elementor-element elementor-element-a6a7a70 elementor-widget elementor-widget-button\" data-id=\"a6a7a70\" data-element_type=\"widget\" data-widget_type=\"button.default\">\n\t\t\t\t\t\t\t\t\t\t<a class=\"elementor-button elementor-button-link elementor-size-sm\" href=\"https:\/\/healthwell-being.eu\/de\/contact-informatie\/\">\n\t\t\t\t\t\t<span class=\"elementor-button-content-wrapper\">\n\t\t\t\t\t\t\t\t\t<span class=\"elementor-button-text\">Kontakt &amp; Informationen<\/span>\n\t\t\t\t\t<\/span>\n\t\t\t\t\t<\/a>\n\t\t\t\t\t\t\t\t<\/div>\n\t\t\t\t<\/div>\n\t\t<div class=\"elementor-element elementor-element-c0c43f2 e-con-full e-flex e-con e-child\" data-id=\"c0c43f2\" data-element_type=\"container\">\n\t\t<div class=\"elementor-element elementor-element-324335b e-grid e-con-full e-con e-child\" data-id=\"324335b\" data-element_type=\"container\">\n\t\t\t\t<div class=\"elementor-element elementor-element-2fd72ab elementor-widget elementor-widget-image\" data-id=\"2fd72ab\" data-element_type=\"widget\" data-widget_type=\"image.default\">\n\t\t\t\t\t\t\t\t\t\t\t\t<figure class=\"wp-caption\">\n\t\t\t\t\t\t\t\t\t\t\t<a href=\"https:\/\/www.mvtraining.nl\/\" target=\"_blank\">\n\t\t\t\t\t\t\t<img fetchpriority=\"high\" decoding=\"async\" width=\"326\" height=\"245\" src=\"https:\/\/healthwell-being.eu\/wp-content\/uploads\/2025\/10\/Afbeelding1.jpg\" class=\"attachment-full size-full wp-image-745\" alt=\"\" srcset=\"https:\/\/healthwell-being.eu\/wp-content\/uploads\/2025\/10\/Afbeelding1.jpg 326w, https:\/\/healthwell-being.eu\/wp-content\/uploads\/2025\/10\/Afbeelding1-300x225.jpg 300w\" sizes=\"(max-width: 326px) 100vw, 326px\" \/>\t\t\t\t\t\t\t\t<\/a>\n\t\t\t\t\t\t\t\t\t\t\t<figcaption class=\"widget-image-caption wp-caption-text\">Roermond (NL)<\/figcaption>\n\t\t\t\t\t\t\t\t\t\t<\/figure>\n\t\t\t\t\t\t\t\t\t<\/div>\n\t\t\t\t<div class=\"elementor-element elementor-element-4582f3c elementor-widget elementor-widget-image\" data-id=\"4582f3c\" data-element_type=\"widget\" data-no-translation=\"\" data-widget_type=\"image.default\">\n\t\t\t\t\t<style>.elementor-element-4582f3c{display:none !important}<\/style>\t\t\t\t<\/div>\n\t\t\t\t<div class=\"elementor-element elementor-element-846ddb0 elementor-widget elementor-widget-image\" data-id=\"846ddb0\" data-element_type=\"widget\" data-widget_type=\"image.default\">\n\t\t\t\t\t\t\t\t\t\t\t\t<figure class=\"wp-caption\">\n\t\t\t\t\t\t\t\t\t\t\t<a href=\"https:\/\/www.mauri-osteopathie.nl\/\" target=\"_blank\">\n\t\t\t\t\t\t\t<img decoding=\"async\" width=\"531\" height=\"46\" src=\"https:\/\/healthwell-being.eu\/wp-content\/uploads\/2025\/10\/mauri-new.png\" class=\"attachment-full size-full wp-image-744\" alt=\"\" srcset=\"https:\/\/healthwell-being.eu\/wp-content\/uploads\/2025\/10\/mauri-new.png 531w, https:\/\/healthwell-being.eu\/wp-content\/uploads\/2025\/10\/mauri-new-300x26.png 300w\" sizes=\"(max-width: 531px) 100vw, 531px\" \/>\t\t\t\t\t\t\t\t<\/a>\n\t\t\t\t\t\t\t\t\t\t\t<figcaption class=\"widget-image-caption wp-caption-text\">Roermond (NL)<\/figcaption>\n\t\t\t\t\t\t\t\t\t\t<\/figure>\n\t\t\t\t\t\t\t\t\t<\/div>\n\t\t\t\t<div class=\"elementor-element elementor-element-0e81878 elementor-widget elementor-widget-image\" data-id=\"0e81878\" data-element_type=\"widget\" data-widget_type=\"image.default\">\n\t\t\t\t\t\t\t\t\t\t\t\t<figure class=\"wp-caption\">\n\t\t\t\t\t\t\t\t\t\t\t<a href=\"https:\/\/osteopaatvenlo.nl\/\" target=\"_blank\">\n\t\t\t\t\t\t\t<img decoding=\"async\" width=\"92\" height=\"87\" src=\"https:\/\/healthwell-being.eu\/wp-content\/uploads\/2025\/10\/Afbeelding2.jpg\" class=\"attachment-full size-full wp-image-743\" alt=\"\" \/>\t\t\t\t\t\t\t\t<\/a>\n\t\t\t\t\t\t\t\t\t\t\t<figcaption class=\"widget-image-caption wp-caption-text\">Venlo (NL)<\/figcaption>\n\t\t\t\t\t\t\t\t\t\t<\/figure>\n\t\t\t\t\t\t\t\t\t<\/div>\n\t\t\t\t<div class=\"elementor-element elementor-element-330f9a6 elementor-widget elementor-widget-image\" data-id=\"330f9a6\" data-element_type=\"widget\" data-no-translation=\"\" data-widget_type=\"image.default\">\n\t\t\t\t\t<style>.elementor-element-330f9a6{display:none !important}<\/style>\t\t\t\t<\/div>\n\t\t\t\t<div class=\"elementor-element elementor-element-95c6030 elementor-widget elementor-widget-image\" data-id=\"95c6030\" data-element_type=\"widget\" data-no-translation=\"\" data-widget_type=\"image.default\">\n\t\t\t\t\t\t\t\t\t\t\t\t<figure class=\"wp-caption\">\n\t\t\t\t\t\t\t\t\t\t\t<a href=\"https:\/\/www.biovis.eu\/de\/ernaehrung\/\" target=\"_blank\">\n\t\t\t\t\t\t\t<img loading=\"lazy\" decoding=\"async\" width=\"189\" height=\"70\" src=\"https:\/\/healthwell-being.eu\/wp-content\/uploads\/2025\/10\/Afbeelding3.png\" class=\"attachment-full size-full wp-image-742\" alt=\"\" \/>\t\t\t\t\t\t\t\t<\/a>\n\t\t\t\t\t\t\t\t\t\t\t<figcaption class=\"widget-image-caption wp-caption-text\">Ern\u00e4hrungsempfehlungen<\/figcaption>\n\t\t\t\t\t\t\t\t\t\t<\/figure>\n\t\t\t\t\t\t\t\t\t<\/div>\n\t\t\t\t<div class=\"elementor-element elementor-element-281226f elementor-widget elementor-widget-image\" data-id=\"281226f\" data-element_type=\"widget\" data-no-translation=\"\" data-widget_type=\"image.default\">\n\t\t\t\t\t<style>.elementor-element-281226f{display:none !important}<\/style>\t\t\t\t<\/div>\n\t\t\t\t<div class=\"elementor-element elementor-element-9c6367a elementor-widget elementor-widget-image\" data-id=\"9c6367a\" data-element_type=\"widget\" data-widget_type=\"image.default\">\n\t\t\t\t\t\t\t\t\t\t\t\t<figure class=\"wp-caption\">\n\t\t\t\t\t\t\t\t\t\t\t<a href=\"https:\/\/zaehnekoehler.de\/\" target=\"_blank\">\n\t\t\t\t\t\t\t<img loading=\"lazy\" decoding=\"async\" width=\"204\" height=\"32\" src=\"https:\/\/healthwell-being.eu\/wp-content\/uploads\/2026\/01\/zaehnekoehler.svg\" class=\"attachment-full size-full wp-image-1059\" alt=\"\" \/>\t\t\t\t\t\t\t\t<\/a>\n\t\t\t\t\t\t\t\t\t\t\t<figcaption class=\"widget-image-caption wp-caption-text\">Biologischer Zahnarzt, Krefeld (DE)<\/figcaption>\n\t\t\t\t\t\t\t\t\t\t<\/figure>\n\t\t\t\t\t\t\t\t\t<\/div>\n\t\t\t\t<div class=\"elementor-element elementor-element-dd246f9 elementor-widget elementor-widget-image\" data-id=\"dd246f9\" data-element_type=\"widget\" data-widget_type=\"image.default\">\n\t\t\t\t\t\t\t\t\t\t\t\t<figure class=\"wp-caption\">\n\t\t\t\t\t\t\t\t\t\t\t<a href=\"https:\/\/www.maartje-wijnhoven.nl\/\" target=\"_blank\">\n\t\t\t\t\t\t\t<img loading=\"lazy\" decoding=\"async\" width=\"605\" height=\"108\" src=\"https:\/\/healthwell-being.eu\/wp-content\/uploads\/2026\/01\/Afbeelding1.png\" class=\"attachment-full size-full wp-image-1060\" alt=\"\" srcset=\"https:\/\/healthwell-being.eu\/wp-content\/uploads\/2026\/01\/Afbeelding1.png 605w, https:\/\/healthwell-being.eu\/wp-content\/uploads\/2026\/01\/Afbeelding1-300x54.png 300w\" sizes=\"(max-width: 605px) 100vw, 605px\" \/>\t\t\t\t\t\t\t\t<\/a>\n\t\t\t\t\t\t\t\t\t\t\t<figcaption class=\"widget-image-caption wp-caption-text\">Orthomolekularer Therapeut, Roermond (NL)<\/figcaption>\n\t\t\t\t\t\t\t\t\t\t<\/figure>\n\t\t\t\t\t\t\t\t\t<\/div>\n\t\t\t\t<div class=\"elementor-element elementor-element-fb03ddb elementor-widget elementor-widget-image\" data-id=\"fb03ddb\" data-element_type=\"widget\" data-widget_type=\"image.default\">\n\t\t\t\t\t\t\t\t\t\t\t\t<figure class=\"wp-caption\">\n\t\t\t\t\t\t\t\t\t\t\t<a href=\"http:\/\/www.rugzorgroermond.nl\/\" target=\"_blank\">\n\t\t\t\t\t\t\t<img loading=\"lazy\" decoding=\"async\" width=\"1058\" height=\"359\" src=\"https:\/\/healthwell-being.eu\/wp-content\/uploads\/2026\/02\/RugzorgFinalLogo.png\" class=\"attachment-full size-full wp-image-1108\" alt=\"\" srcset=\"https:\/\/healthwell-being.eu\/wp-content\/uploads\/2026\/02\/RugzorgFinalLogo.png 1058w, https:\/\/healthwell-being.eu\/wp-content\/uploads\/2026\/02\/RugzorgFinalLogo-300x102.png 300w, https:\/\/healthwell-being.eu\/wp-content\/uploads\/2026\/02\/RugzorgFinalLogo-1024x347.png 1024w, https:\/\/healthwell-being.eu\/wp-content\/uploads\/2026\/02\/RugzorgFinalLogo-768x261.png 768w\" sizes=\"(max-width: 1058px) 100vw, 1058px\" \/>\t\t\t\t\t\t\t\t<\/a>\n\t\t\t\t\t\t\t\t\t\t\t<figcaption class=\"widget-image-caption wp-caption-text\">Chiropraktiker, Roermond (NL)<\/figcaption>\n\t\t\t\t\t\t\t\t\t\t<\/figure>\n\t\t\t\t\t\t\t\t\t<\/div>\n\t\t\t\t<\/div>\n\t\t\t\t<\/div>\n\t\t\t\t\t<\/div>\n\t\t\t\t<\/div>\n\t\t\t\t<\/div>","protected":false},"excerpt":{"rendered":"<p>Mijn partners Hier vindt u een selectie van partners waarmee ik samenwerk. Lid bij: MBOG licentie nr. 1740 TLRBCZ licentie nr. 250304RBDH (Bund Deutscher Heilpraktiker e.V.) Als Lid van MBOG (Maatschappij ter Bevordering van de Orthomoleculaire Geneeskunde) staat deze titel garant voor professionaliteit en vakbekwaamheid. De Stichting RBCZ is een overkoepelende organisatie die beroepsbeoefenaren van [&hellip;]<\/p>\n","protected":false},"author":1,"featured_media":0,"parent":0,"menu_order":0,"comment_status":"closed","ping_status":"closed","template":"","meta":{"_acf_changed":false,"footnotes":""},"class_list":["post-179","page","type-page","status-publish","hentry"],"acf":[],"yoast_head":"<!-- This site is optimized with the Yoast SEO plugin v26.2 - https:\/\/yoast.com\/wordpress\/plugins\/seo\/ -->\n<title>Partners - Health &amp; Well-Being<\/title>\n<meta name=\"robots\" content=\"index, follow, max-snippet:-1, max-image-preview:large, max-video-preview:-1\" \/>\n<link rel=\"canonical\" href=\"https:\/\/healthwell-being.eu\/de\/partners\/\" \/>\n<meta property=\"og:locale\" content=\"de_DE\" \/>\n<meta property=\"og:type\" content=\"article\" \/>\n<meta property=\"og:title\" content=\"Partners - Health &amp; Well-Being\" \/>\n<meta property=\"og:description\" content=\"Mijn partners Hier vindt u een selectie van partners waarmee ik samenwerk. Lid bij: MBOG licentie nr. 1740 TLRBCZ licentie nr. 250304RBDH (Bund Deutscher Heilpraktiker e.V.) Als Lid van MBOG (Maatschappij ter Bevordering van de Orthomoleculaire Geneeskunde) staat deze titel garant voor professionaliteit en vakbekwaamheid. De Stichting RBCZ is een overkoepelende organisatie die beroepsbeoefenaren van [&hellip;]\" \/>\n<meta property=\"og:url\" content=\"https:\/\/healthwell-being.eu\/de\/partners\/\" \/>\n<meta property=\"og:site_name\" content=\"Health &amp; Well-Being\" \/>\n<meta property=\"article:modified_time\" content=\"2026-03-24T17:20:17+00:00\" \/>\n<meta property=\"og:image\" content=\"https:\/\/healthwell-being.eu\/wp-content\/uploads\/2025\/10\/Afbeelding1.jpg\" \/>\n\t<meta property=\"og:image:width\" content=\"326\" \/>\n\t<meta property=\"og:image:height\" content=\"245\" \/>\n\t<meta property=\"og:image:type\" content=\"image\/jpeg\" \/>\n<meta name=\"twitter:card\" content=\"summary_large_image\" \/>\n<meta name=\"twitter:label1\" content=\"Gesch\u00e4tzte Lesezeit\" \/>\n\t<meta name=\"twitter:data1\" content=\"3\u00a0Minuten\" \/>\n<script type=\"application\/ld+json\" class=\"yoast-schema-graph\">{\"@context\":\"https:\/\/schema.org\",\"@graph\":[{\"@type\":\"WebPage\",\"@id\":\"https:\/\/healthwell-being.eu\/partners\/\",\"url\":\"https:\/\/healthwell-being.eu\/partners\/\",\"name\":\"Partners - Health &amp; Well-Being\",\"isPartOf\":{\"@id\":\"https:\/\/healthwell-being.eu\/#website\"},\"primaryImageOfPage\":{\"@id\":\"https:\/\/healthwell-being.eu\/partners\/#primaryimage\"},\"image\":{\"@id\":\"https:\/\/healthwell-being.eu\/partners\/#primaryimage\"},\"thumbnailUrl\":\"https:\/\/healthwell-being.eu\/wp-content\/uploads\/2025\/10\/Afbeelding1.jpg\",\"datePublished\":\"2025-08-22T07:52:04+00:00\",\"dateModified\":\"2026-03-24T17:20:17+00:00\",\"breadcrumb\":{\"@id\":\"https:\/\/healthwell-being.eu\/partners\/#breadcrumb\"},\"inLanguage\":\"de\",\"potentialAction\":[{\"@type\":\"ReadAction\",\"target\":[\"https:\/\/healthwell-being.eu\/partners\/\"]}]},{\"@type\":\"ImageObject\",\"inLanguage\":\"de\",\"@id\":\"https:\/\/healthwell-being.eu\/partners\/#primaryimage\",\"url\":\"https:\/\/healthwell-being.eu\/wp-content\/uploads\/2025\/10\/Afbeelding1.jpg\",\"contentUrl\":\"https:\/\/healthwell-being.eu\/wp-content\/uploads\/2025\/10\/Afbeelding1.jpg\"},{\"@type\":\"BreadcrumbList\",\"@id\":\"https:\/\/healthwell-being.eu\/partners\/#breadcrumb\",\"itemListElement\":[{\"@type\":\"ListItem\",\"position\":1,\"name\":\"Home\",\"item\":\"https:\/\/healthwell-being.eu\/\"},{\"@type\":\"ListItem\",\"position\":2,\"name\":\"Partners\"}]},{\"@type\":\"WebSite\",\"@id\":\"https:\/\/healthwell-being.eu\/#website\",\"url\":\"https:\/\/healthwell-being.eu\/\",\"name\":\"Health &amp; Well-Being\",\"description\":\"\",\"potentialAction\":[{\"@type\":\"SearchAction\",\"target\":{\"@type\":\"EntryPoint\",\"urlTemplate\":\"https:\/\/healthwell-being.eu\/?s={search_term_string}\"},\"query-input\":{\"@type\":\"PropertyValueSpecification\",\"valueRequired\":true,\"valueName\":\"search_term_string\"}}],\"inLanguage\":\"de\"}]}<\/script>\n<!-- \/ Yoast SEO plugin. -->","yoast_head_json":{"title":"Partners - Health &amp; Well-Being","robots":{"index":"index","follow":"follow","max-snippet":"max-snippet:-1","max-image-preview":"max-image-preview:large","max-video-preview":"max-video-preview:-1"},"canonical":"https:\/\/healthwell-being.eu\/de\/partners\/","og_locale":"de_DE","og_type":"article","og_title":"Partners - Health &amp; Well-Being","og_description":"Mijn partners Hier vindt u een selectie van partners waarmee ik samenwerk. Lid bij: MBOG licentie nr. 1740 TLRBCZ licentie nr. 250304RBDH (Bund Deutscher Heilpraktiker e.V.) Als Lid van MBOG (Maatschappij ter Bevordering van de Orthomoleculaire Geneeskunde) staat deze titel garant voor professionaliteit en vakbekwaamheid. De Stichting RBCZ is een overkoepelende organisatie die beroepsbeoefenaren van [&hellip;]","og_url":"https:\/\/healthwell-being.eu\/de\/partners\/","og_site_name":"Health &amp; Well-Being","article_modified_time":"2026-03-24T17:20:17+00:00","og_image":[{"width":326,"height":245,"url":"https:\/\/healthwell-being.eu\/wp-content\/uploads\/2025\/10\/Afbeelding1.jpg","type":"image\/jpeg"}],"twitter_card":"summary_large_image","twitter_misc":{"Gesch\u00e4tzte Lesezeit":"3\u00a0Minuten"},"schema":{"@context":"https:\/\/schema.org","@graph":[{"@type":"WebPage","@id":"https:\/\/healthwell-being.eu\/partners\/","url":"https:\/\/healthwell-being.eu\/partners\/","name":"Partners - Health &amp; Well-Being","isPartOf":{"@id":"https:\/\/healthwell-being.eu\/#website"},"primaryImageOfPage":{"@id":"https:\/\/healthwell-being.eu\/partners\/#primaryimage"},"image":{"@id":"https:\/\/healthwell-being.eu\/partners\/#primaryimage"},"thumbnailUrl":"https:\/\/healthwell-being.eu\/wp-content\/uploads\/2025\/10\/Afbeelding1.jpg","datePublished":"2025-08-22T07:52:04+00:00","dateModified":"2026-03-24T17:20:17+00:00","breadcrumb":{"@id":"https:\/\/healthwell-being.eu\/partners\/#breadcrumb"},"inLanguage":"de","potentialAction":[{"@type":"ReadAction","target":["https:\/\/healthwell-being.eu\/partners\/"]}]},{"@type":"ImageObject","inLanguage":"de","@id":"https:\/\/healthwell-being.eu\/partners\/#primaryimage","url":"https:\/\/healthwell-being.eu\/wp-content\/uploads\/2025\/10\/Afbeelding1.jpg","contentUrl":"https:\/\/healthwell-being.eu\/wp-content\/uploads\/2025\/10\/Afbeelding1.jpg"},{"@type":"BreadcrumbList","@id":"https:\/\/healthwell-being.eu\/partners\/#breadcrumb","itemListElement":[{"@type":"ListItem","position":1,"name":"Home","item":"https:\/\/healthwell-being.eu\/"},{"@type":"ListItem","position":2,"name":"Partners"}]},{"@type":"WebSite","@id":"https:\/\/healthwell-being.eu\/#website","url":"https:\/\/healthwell-being.eu\/","name":"Health &amp; Well-Being","description":"","potentialAction":[{"@type":"SearchAction","target":{"@type":"EntryPoint","urlTemplate":"https:\/\/healthwell-being.eu\/?s={search_term_string}"},"query-input":{"@type":"PropertyValueSpecification","valueRequired":true,"valueName":"search_term_string"}}],"inLanguage":"de"}]}},"_links":{"self":[{"href":"https:\/\/healthwell-being.eu\/de\/wp-json\/wp\/v2\/pages\/179","targetHints":{"allow":["GET"]}}],"collection":[{"href":"https:\/\/healthwell-being.eu\/de\/wp-json\/wp\/v2\/pages"}],"about":[{"href":"https:\/\/healthwell-being.eu\/de\/wp-json\/wp\/v2\/types\/page"}],"author":[{"embeddable":true,"href":"https:\/\/healthwell-being.eu\/de\/wp-json\/wp\/v2\/users\/1"}],"replies":[{"embeddable":true,"href":"https:\/\/healthwell-being.eu\/de\/wp-json\/wp\/v2\/comments?post=179"}],"version-history":[{"count":102,"href":"https:\/\/healthwell-being.eu\/de\/wp-json\/wp\/v2\/pages\/179\/revisions"}],"predecessor-version":[{"id":1313,"href":"https:\/\/healthwell-being.eu\/de\/wp-json\/wp\/v2\/pages\/179\/revisions\/1313"}],"wp:attachment":[{"href":"https:\/\/healthwell-being.eu\/de\/wp-json\/wp\/v2\/media?parent=179"}],"curies":[{"name":"wp","href":"https:\/\/api.w.org\/{rel}","templated":true}]}}