{"id":177,"date":"2025-08-22T09:51:53","date_gmt":"2025-08-22T07:51:53","guid":{"rendered":"https:\/\/healthwell-being.eu\/?page_id=177"},"modified":"2026-03-09T14:09:19","modified_gmt":"2026-03-09T13:09:19","slug":"over-mij","status":"publish","type":"page","link":"https:\/\/healthwell-being.eu\/de\/over-mij\/","title":{"rendered":"\u00dcber mich"},"content":{"rendered":"<div data-elementor-type=\"wp-page\" data-elementor-id=\"177\" class=\"elementor elementor-177\" data-elementor-post-type=\"page\">\n\t\t\t\t<div class=\"elementor-element elementor-element-0e06089 e-flex e-con-boxed e-con e-parent\" data-id=\"0e06089\" data-element_type=\"container\">\n\t\t\t\t\t<div class=\"e-con-inner\">\n\t\t<div class=\"elementor-element elementor-element-7e44b67 e-con-full e-flex e-con e-child\" data-id=\"7e44b67\" data-element_type=\"container\">\n\t\t\t\t<div class=\"elementor-element elementor-element-8e5cfbf elementor-widget elementor-widget-heading\" data-id=\"8e5cfbf\" data-element_type=\"widget\" data-widget_type=\"heading.default\">\n\t\t\t\t\t<h2 class=\"elementor-heading-title elementor-size-default\">Mehr \u00fcber mich<\/h2>\t\t\t\t<\/div>\n\t\t\t\t<div class=\"elementor-element elementor-element-a674f8a elementor-widget-divider--view-line elementor-widget elementor-widget-divider\" data-id=\"a674f8a\" data-element_type=\"widget\" data-widget_type=\"divider.default\">\n\t\t\t\t\t\t\t<div class=\"elementor-divider\">\n\t\t\t<span class=\"elementor-divider-separator\">\n\t\t\t\t\t\t<\/span>\n\t\t<\/div>\n\t\t\t\t\t\t<\/div>\n\t\t\t\t<div class=\"elementor-element elementor-element-aadb230 elementor-widget elementor-widget-text-editor\" data-id=\"aadb230\" data-element_type=\"widget\" data-no-translation=\"\" data-widget_type=\"text-editor.default\">\n\t\t\t\t\t<style>.elementor-element-aadb230{display:none !important}<\/style>\t\t\t\t<\/div>\n\t\t\t\t<div class=\"elementor-element elementor-element-a4fe609 elementor-widget elementor-widget-text-editor\" data-id=\"a4fe609\" data-element_type=\"widget\" data-no-translation=\"\" data-widget_type=\"text-editor.default\">\n\t\t\t\t\t\t\t\t\t<p>Meine Eltern stammen aus den Niederlanden, ich bin jedoch in Brasilien aufgewachsen.<\/p><p>Urspr\u00fcnglich als IT-Ingenieurin ausgebildet haben mich meine Neugier und mein Wissensdrang in viele unterschiedliche Branchen gef\u00fchrt. Seit \u00fcber 10 Jahren bin ich nunmehr mit Passion im medizinischen Bereich t\u00e4tig. Mehrere Jahre habe ich als Heilpraktikerin erfolgreich meine eigene Praxis in \u00d6sterreich gef\u00fchrt. Eine private Ver\u00e4nderung brachte mich zur\u00fcck in die Niederlande: hier habe ich 2025 meine Praxis Health &amp; Well-Being in Roermond gegr\u00fcndet.<\/p><p>Ich bin kein Arzt aber verf\u00fcge jedoch \u00fcber zahlreiche, hauptsachlich in Deutschland abgeschlossene Ausbildungen, die in den Niederlande durch MBOG und RBCZ anerkannt sind.<br \/>Neben meiner Praxist\u00e4tigkeit habe ich mich dem Konzept des lebenslangen Lernens verschrieben; ich treibe au\u00dferdem leidenschaftlich Sport, genie\u00dfe gutes Essen in gehobenen Restaurants und halte mich gerne in der Natur auf.<\/p><p>Im Mittelpunkt meiner Arbeit steht ein ganzheitliches Verst\u00e4ndnis des Menschen, das k\u00f6rperliche und seelische Aspekte gleicherma\u00dfen ber\u00fccksichtigt. Insbesondere fokussiert meine Begleitung die Unterst\u00fctzung und die St\u00e4rkung Ihrer Selbstregulations- und Selbstheilungskr\u00e4fte.<\/p><p>Ihre Investition f\u00fcr mehr Wohlbefinden und innere Balance beinhaltet neben zeitlichen und finanziellen Aspekten h\u00e4ufig auch die Ver\u00e4nderung Ihrer Gewohnheiten. M\u00f6chten Sie die Verantwortung f\u00fcr Ihre Gesundheit \u00fcbernehmen und sind motiviert, die erforderlichen Schritte aktiv umzusetzen unterst\u00fctze ich Sie mit Leidenschaft, Professionalit\u00e4t und Einf\u00fchlungsverm\u00f6gen.<\/p>\t\t\t\t\t\t\t\t<\/div>\n\t\t\t\t<div class=\"elementor-element elementor-element-ea00f5c elementor-widget elementor-widget-button\" data-id=\"ea00f5c\" data-element_type=\"widget\" data-widget_type=\"button.default\">\n\t\t\t\t\t\t\t\t\t\t<a class=\"elementor-button elementor-button-link elementor-size-sm\" href=\"https:\/\/healthwell-being.eu\/de\/contact-informatie\/\">\n\t\t\t\t\t\t<span class=\"elementor-button-content-wrapper\">\n\t\t\t\t\t\t\t\t\t<span class=\"elementor-button-text\">Kontakt &amp; Informationen<\/span>\n\t\t\t\t\t<\/span>\n\t\t\t\t\t<\/a>\n\t\t\t\t\t\t\t\t<\/div>\n\t\t\t\t<\/div>\n\t\t<div class=\"elementor-element elementor-element-9350d3a e-con-full e-flex e-con e-child\" data-id=\"9350d3a\" data-element_type=\"container\">\n\t\t\t\t<div class=\"elementor-element elementor-element-72b4341 elementor-widget elementor-widget-image\" data-id=\"72b4341\" data-element_type=\"widget\" data-widget_type=\"image.default\">\n\t\t\t\t\t\t\t\t\t\t\t\t\t\t\t<img fetchpriority=\"high\" decoding=\"async\" width=\"1707\" height=\"2560\" src=\"https:\/\/healthwell-being.eu\/wp-content\/uploads\/2025\/10\/DSC_0038-scaled.webp\" class=\"attachment-full size-full wp-image-844\" alt=\"\" srcset=\"https:\/\/healthwell-being.eu\/wp-content\/uploads\/2025\/10\/DSC_0038-scaled.webp 1707w, https:\/\/healthwell-being.eu\/wp-content\/uploads\/2025\/10\/DSC_0038-200x300.webp 200w, https:\/\/healthwell-being.eu\/wp-content\/uploads\/2025\/10\/DSC_0038-683x1024.webp 683w, https:\/\/healthwell-being.eu\/wp-content\/uploads\/2025\/10\/DSC_0038-768x1152.webp 768w, https:\/\/healthwell-being.eu\/wp-content\/uploads\/2025\/10\/DSC_0038-1024x1536.webp 1024w, https:\/\/healthwell-being.eu\/wp-content\/uploads\/2025\/10\/DSC_0038-1365x2048.webp 1365w\" sizes=\"(max-width: 1707px) 100vw, 1707px\" \/>\t\t\t\t\t\t\t\t\t\t\t\t\t\t\t<\/div>\n\t\t\t\t<div class=\"elementor-element elementor-element-2c54cd9 elementor-absolute elementor-view-default elementor-widget elementor-widget-icon\" data-id=\"2c54cd9\" data-element_type=\"widget\" data-settings=\"{&quot;_position&quot;:&quot;absolute&quot;}\" data-widget_type=\"icon.default\">\n\t\t\t\t\t\t\t<div class=\"elementor-icon-wrapper\">\n\t\t\t<div class=\"elementor-icon\">\n\t\t\t<svg xmlns=\"http:\/\/www.w3.org\/2000\/svg\" width=\"160\" height=\"200\" viewbox=\"0 0 160 200\" fill=\"none\"><path d=\"M152.084 194.15C142.844 202.506 128.49 201.829 120.086 192.642C111.683 183.456 112.363 169.184 121.603 160.829C121.998 160.472 122.409 160.125 122.826 159.798C123.046 159.625 123.259 159.446 123.464 159.261C126.795 156.248 128.152 151.599 126.906 147.247C125.583 142.629 121.587 139.26 116.788 138.717C111.524 138.122 106.438 136.272 102.079 133.366C97.9398 130.607 92.5114 130.698 88.4686 133.596C88.0986 133.861 87.7474 134.145 87.4156 134.445C84.1223 137.423 82.7439 142.022 83.9474 146.361C88.2454 161.86 83.5123 178.182 71.5948 188.958C54.2495 204.642 27.3041 203.372 11.5289 186.127C-4.24624 168.882 -2.96887 142.092 14.3765 126.408C20.0748 121.255 27.0643 117.743 34.5899 116.252C36.7571 115.823 38.7105 114.817 40.2803 113.397C42.0347 111.811 43.3106 109.708 43.8705 107.316C44.9321 102.785 43.2285 98.0551 39.5156 95.2233C38.4481 94.409 37.4433 93.4895 36.5295 92.4905C28.1259 83.3038 28.8064 69.0323 38.0464 60.6773C42.7855 56.392 49.1778 54.3045 55.584 54.9492C58.9912 55.2922 62.3343 54.1614 64.8068 51.9257C65.4649 51.3307 66.0609 50.6577 66.5805 49.913C69.0524 46.3709 69.3946 41.7738 67.4746 37.9086C62.2808 27.4509 64.7122 14.6687 73.3871 6.82449C84.1671 -2.92309 100.914 -2.13377 110.718 8.58402C120.522 19.3018 119.728 35.9518 108.948 45.6994C102.988 51.0888 94.9817 53.454 86.982 52.1884C83.3725 51.6173 79.7392 52.7268 77.0878 55.1242C76.5952 55.5697 76.1372 56.0589 75.7188 56.5906C73.0485 59.9847 72.4408 64.552 74.1321 68.5193C75.1293 70.8595 75.7169 73.3433 75.8776 75.9017C76.1734 80.6114 79.2515 84.6983 83.714 86.3063C87.8935 87.8124 92.5423 86.8748 95.7951 83.9335C96.0152 83.7344 96.2287 83.5268 96.4355 83.3095C97.009 82.707 97.6149 82.1163 98.2365 81.5543C111.772 69.3148 132.8 70.3059 145.11 83.7636C157.421 97.2214 156.424 118.128 142.888 130.367C141.419 131.696 139.829 132.896 138.161 133.935C137.552 134.314 136.986 134.742 136.467 135.212C133.495 137.899 132.047 141.943 132.738 145.973C133.551 150.708 137.157 154.486 141.869 155.542C146.408 156.559 150.465 158.909 153.601 162.337C162.004 171.524 161.324 185.795 152.084 194.15ZM58.7507 100.222C56.3853 102.361 54.9376 105.4 54.8528 108.689C54.7331 113.341 57.3631 117.633 61.5759 119.661C64.2217 120.934 66.7406 122.49 69.0624 124.284C72.9983 127.326 78.4222 127.612 82.6596 125.001C83.2876 124.614 83.8698 124.176 84.4029 123.694C87.4668 120.923 88.9063 116.713 88.0638 112.575C87.5084 109.846 87.3004 107.048 87.4458 104.257C87.6907 99.5422 85.0988 95.1329 80.8472 93.0312C76.5958 90.9298 71.4953 91.5369 67.8628 94.577C66.1285 96.0283 64.2002 97.2045 62.1313 98.0734C60.8684 98.6041 59.7306 99.3357 58.7507 100.222Z\" fill=\"#523089\"><\/path><\/svg>\t\t\t<\/div>\n\t\t<\/div>\n\t\t\t\t\t\t<\/div>\n\t\t\t\t<\/div>\n\t\t\t\t\t<\/div>\n\t\t\t\t<\/div>\n\t\t<div class=\"elementor-element elementor-element-bbe3fe3 e-flex e-con-boxed e-con e-parent\" data-id=\"bbe3fe3\" data-element_type=\"container\">\n\t\t\t\t\t<div class=\"e-con-inner\">\n\t\t<div class=\"elementor-element elementor-element-08a1157 e-con-full e-flex e-con e-child\" data-id=\"08a1157\" data-element_type=\"container\">\n\t\t\t\t<div class=\"elementor-element elementor-element-fe4f529 elementor-widget elementor-widget-image\" data-id=\"fe4f529\" data-element_type=\"widget\" data-widget_type=\"image.default\">\n\t\t\t\t\t\t\t\t\t\t\t\t\t\t\t<img decoding=\"async\" width=\"2560\" height=\"1707\" src=\"https:\/\/healthwell-being.eu\/wp-content\/uploads\/2025\/10\/DSC_0012-scaled.webp\" class=\"attachment-full size-full wp-image-439\" alt=\"\" srcset=\"https:\/\/healthwell-being.eu\/wp-content\/uploads\/2025\/10\/DSC_0012-scaled.webp 2560w, https:\/\/healthwell-being.eu\/wp-content\/uploads\/2025\/10\/DSC_0012-300x200.webp 300w, https:\/\/healthwell-being.eu\/wp-content\/uploads\/2025\/10\/DSC_0012-1024x683.webp 1024w, https:\/\/healthwell-being.eu\/wp-content\/uploads\/2025\/10\/DSC_0012-768x512.webp 768w, https:\/\/healthwell-being.eu\/wp-content\/uploads\/2025\/10\/DSC_0012-1536x1024.webp 1536w, https:\/\/healthwell-being.eu\/wp-content\/uploads\/2025\/10\/DSC_0012-2048x1365.webp 2048w\" sizes=\"(max-width: 2560px) 100vw, 2560px\" \/>\t\t\t\t\t\t\t\t\t\t\t\t\t\t\t<\/div>\n\t\t\t\t<div class=\"elementor-element elementor-element-64251d9 elementor-widget elementor-widget-text-editor\" data-id=\"64251d9\" data-element_type=\"widget\" data-widget_type=\"text-editor.default\">\n\t\t\t\t\t\t\t\t\tDunkelfeldmikroskopie\t\t\t\t\t\t\t\t<\/div>\n\t\t\t\t<div class=\"elementor-element elementor-element-a48b80a elementor-absolute elementor-hidden-mobile elementor-view-default elementor-widget elementor-widget-icon\" data-id=\"a48b80a\" data-element_type=\"widget\" data-settings=\"{&quot;_position&quot;:&quot;absolute&quot;}\" data-widget_type=\"icon.default\">\n\t\t\t\t\t\t\t<div class=\"elementor-icon-wrapper\">\n\t\t\t<div class=\"elementor-icon\">\n\t\t\t<svg xmlns=\"http:\/\/www.w3.org\/2000\/svg\" width=\"160\" height=\"200\" viewbox=\"0 0 160 200\" fill=\"none\"><path d=\"M152.09 194.15C142.85 202.506 128.496 201.829 120.092 192.642C111.689 183.456 112.369 169.184 121.609 160.829C122.003 160.472 122.415 160.125 122.832 159.798C123.052 159.625 123.265 159.446 123.47 159.261C126.801 156.248 128.158 151.599 126.912 147.247C125.589 142.629 121.593 139.26 116.794 138.717C111.53 138.122 106.444 136.272 102.085 133.366C97.9457 130.607 92.5172 130.698 88.4745 133.596C88.1045 133.861 87.7533 134.145 87.4214 134.445C84.1281 137.423 82.7498 142.022 83.9533 146.361C88.2513 161.86 83.5181 178.182 71.6007 188.958C54.2554 204.642 27.3099 203.372 11.5348 186.127C-4.24038 168.882 -2.96301 142.092 14.3823 126.408C20.0806 121.255 27.0702 117.743 34.5958 116.252C36.7629 115.823 38.7163 114.817 40.2862 113.397C42.0406 111.811 43.3164 109.708 43.8763 107.316C44.938 102.785 43.2344 98.0551 39.5214 95.2233C38.454 94.409 37.4492 93.4895 36.5353 92.4905C28.1318 83.3038 28.8123 69.0323 38.0522 60.6773C42.7914 56.392 49.1836 54.3045 55.5899 54.9492C58.997 55.2922 62.3402 54.1614 64.8127 51.9257C65.4707 51.3307 66.0668 50.6577 66.5864 49.913C69.0582 46.3709 69.4005 41.7738 67.4804 37.9086C62.2866 27.4509 64.718 14.6687 73.393 6.82449C84.173 -2.92309 100.92 -2.13377 110.724 8.58402C120.528 19.3018 119.734 35.9518 108.954 45.6994C102.994 51.0888 94.9875 53.454 86.9879 52.1884C83.3784 51.6173 79.745 52.7268 77.0937 55.1242C76.6011 55.5697 76.1431 56.0589 75.7246 56.5906C73.0543 59.9847 72.4467 64.552 74.138 68.5193C75.1352 70.8595 75.7228 73.3433 75.8835 75.9017C76.1792 80.6114 79.2574 84.6983 83.7199 86.3063C87.8994 87.8124 92.5481 86.8748 95.8009 83.9335C96.0211 83.7344 96.2346 83.5268 96.4413 83.3095C97.0149 82.707 97.6208 82.1163 98.2423 81.5543C111.778 69.3148 132.806 70.3059 145.116 83.7636C157.427 97.2214 156.43 118.128 142.894 130.367C141.425 131.696 139.835 132.896 138.166 133.935C137.558 134.314 136.992 134.742 136.473 135.212C133.501 137.899 132.053 141.943 132.744 145.973C133.557 150.708 137.163 154.486 141.875 155.542C146.414 156.559 150.471 158.909 153.607 162.337C162.01 171.524 161.33 185.795 152.09 194.15ZM58.7565 100.222C56.3912 102.361 54.9435 105.4 54.8587 108.689C54.739 113.341 57.3689 117.633 61.5818 119.661C64.2276 120.934 66.7465 122.49 69.0683 124.284C73.0042 127.326 78.4281 127.612 82.6654 125.001C83.2935 124.614 83.8756 124.176 84.4088 123.694C87.4727 120.923 88.9121 116.713 88.0696 112.575C87.5143 109.846 87.3063 107.048 87.4517 104.257C87.6965 99.5422 85.1047 95.1329 80.853 93.0312C76.6017 90.9298 71.5012 91.5369 67.8686 94.577C66.1343 96.0283 64.206 97.2045 62.1372 98.0734C60.8743 98.6041 59.7364 99.3357 58.7565 100.222Z\" fill=\"#AA7F20\"><\/path><\/svg>\t\t\t<\/div>\n\t\t<\/div>\n\t\t\t\t\t\t<\/div>\n\t\t\t\t<\/div>\n\t\t<div class=\"elementor-element elementor-element-62f44e7 e-con-full e-flex e-con e-child\" data-id=\"62f44e7\" data-element_type=\"container\">\n\t\t\t\t<div class=\"elementor-element elementor-element-278015c elementor-widget elementor-widget-heading\" data-id=\"278015c\" data-element_type=\"widget\" data-widget_type=\"heading.default\">\n\t\t\t\t\t<h2 class=\"elementor-heading-title elementor-size-default\">Ausbildungen<\/h2>\t\t\t\t<\/div>\n\t\t\t\t<div class=\"elementor-element elementor-element-0bd1329 elementor-widget-divider--view-line elementor-widget elementor-widget-divider\" data-id=\"0bd1329\" data-element_type=\"widget\" data-widget_type=\"divider.default\">\n\t\t\t\t\t\t\t<div class=\"elementor-divider\">\n\t\t\t<span class=\"elementor-divider-separator\">\n\t\t\t\t\t\t<\/span>\n\t\t<\/div>\n\t\t\t\t\t\t<\/div>\n\t\t\t\t<div class=\"elementor-element elementor-element-194fa91 elementor-widget elementor-widget-text-editor\" data-id=\"194fa91\" data-element_type=\"widget\" data-widget_type=\"text-editor.default\">\n\t\t\t\t\t\t\t\t\t<p>Nach meinem Ingenieurstudium arbeitete ich viele Jahre in der Privatwirtschaft. Nach einem Umweg fand ich meine wahre Berufung und absolvierte die folgenden Kurse:<\/p><ul><li>\u201eHeilpraktikerin\u201c nach deutschem Recht;<\/li><li>Funktionelle Medizin, IFMS Hannover, Deutschland;<\/li><li>Kompetenzseminar Genetik, Dr. med. R. Barring &amp; Dr. E. Schnakenberg, IFMS Hannover, Deutschland;<\/li><li>ART (Autonome Reaktionstherapie), Dr. med. D. Klinghardt, INK, Deutschland;<\/li><li>PK-Therapeut (Psychokinese) nach der Methode von Dr. med. D. Klinghardt;<\/li><li>Myofasziale Techniken, Dr. med. Von Gimborn, GAMED, \u00d6sterreich;<\/li><li>ScarWork\u00ae (Narbenaufl\u00f6sungstechniken), Sharon Wheeler, USA;<\/li><li>Lebendblutmikroskopische Untersuchung, Ausbildungszentrum \"Dunkelfeld\" Datteln, Deutschland;<\/li><li>Verschiedene Module Aromatherapie, Holger Tille, Paracelsus Ausbildungszentren, Deutschland;<\/li><li>Cosmogetic Healing \u00ae (Feinmaterialtherapie), Jana Haas, Schweiz;<\/li><li>Und verschiedene spezielle Seminare.<\/li><\/ul>\t\t\t\t\t\t\t\t<\/div>\n\t\t\t\t<div class=\"elementor-element elementor-element-9067c25 elementor-widget elementor-widget-text-editor\" data-id=\"9067c25\" data-element_type=\"widget\" data-widget_type=\"text-editor.default\">\n\t\t\t\t\t\t\t\t\t<p>Heilpraktiker nach deutschem Recht sind Personen, die eine Linderung von Krankheiten durch alternative Heilmethoden anbieten. Heilpraktiker haben eine fundierte medizinische Grundausbildung und verstehen daher die pathophysiologischen Abl\u00e4ufe einer Erkrankung<\/p>\t\t\t\t\t\t\t\t<\/div>\n\t\t\t\t<div class=\"elementor-element elementor-element-d9a08ea elementor-widget elementor-widget-button\" data-id=\"d9a08ea\" data-element_type=\"widget\" data-widget_type=\"button.default\">\n\t\t\t\t\t\t\t\t\t\t<a class=\"elementor-button elementor-button-link elementor-size-sm\" href=\"https:\/\/healthwell-being.eu\/de\/contact-informatie\/\">\n\t\t\t\t\t\t<span class=\"elementor-button-content-wrapper\">\n\t\t\t\t\t\t\t\t\t<span class=\"elementor-button-text\">Kontakt &amp; Informationen<\/span>\n\t\t\t\t\t<\/span>\n\t\t\t\t\t<\/a>\n\t\t\t\t\t\t\t\t<\/div>\n\t\t\t\t<\/div>\n\t\t\t\t\t<\/div>\n\t\t\t\t<\/div>\n\t\t\t\t<\/div>","protected":false},"excerpt":{"rendered":"<p>Meer over mij Mijn ouders komen uit Nederland, maar ik ben in Brazili\u00eb opgegroeid. Ik heb in totaal maar enkele jaren in Nederland gewoond, en nu, na een scheiding, ben ik weer terug in Nederland. Mijn Nederlands is dus niet perfect, maar dat weerhoudt mij er niet van om met hart en passie in de [&hellip;]<\/p>\n","protected":false},"author":1,"featured_media":942,"parent":0,"menu_order":0,"comment_status":"closed","ping_status":"closed","template":"","meta":{"_acf_changed":false,"footnotes":""},"class_list":["post-177","page","type-page","status-publish","has-post-thumbnail","hentry"],"acf":[],"yoast_head":"<!-- This site is optimized with the Yoast SEO plugin v26.2 - https:\/\/yoast.com\/wordpress\/plugins\/seo\/ -->\n<title>Over mij - Health &amp; Well-Being<\/title>\n<meta name=\"robots\" content=\"index, follow, max-snippet:-1, max-image-preview:large, max-video-preview:-1\" \/>\n<link rel=\"canonical\" href=\"https:\/\/healthwell-being.eu\/de\/over-mij\/\" \/>\n<meta property=\"og:locale\" content=\"de_DE\" \/>\n<meta property=\"og:type\" content=\"article\" \/>\n<meta property=\"og:title\" content=\"Over mij - Health &amp; Well-Being\" \/>\n<meta property=\"og:description\" content=\"Meer over mij Mijn ouders komen uit Nederland, maar ik ben in Brazili\u00eb opgegroeid. Ik heb in totaal maar enkele jaren in Nederland gewoond, en nu, na een scheiding, ben ik weer terug in Nederland. Mijn Nederlands is dus niet perfect, maar dat weerhoudt mij er niet van om met hart en passie in de [&hellip;]\" \/>\n<meta property=\"og:url\" content=\"https:\/\/healthwell-being.eu\/de\/over-mij\/\" \/>\n<meta property=\"og:site_name\" content=\"Health &amp; Well-Being\" \/>\n<meta property=\"article:modified_time\" content=\"2026-03-09T13:09:19+00:00\" \/>\n<meta property=\"og:image\" content=\"https:\/\/healthwell-being.eu\/wp-content\/uploads\/2025\/10\/Velden-Maasduinen-met-hond-scaled-1.webp\" \/>\n\t<meta property=\"og:image:width\" content=\"2560\" \/>\n\t<meta property=\"og:image:height\" content=\"1707\" \/>\n\t<meta property=\"og:image:type\" content=\"image\/webp\" \/>\n<meta name=\"twitter:card\" content=\"summary_large_image\" \/>\n<meta name=\"twitter:label1\" content=\"Gesch\u00e4tzte Lesezeit\" \/>\n\t<meta name=\"twitter:data1\" content=\"4\u00a0Minuten\" \/>\n<script type=\"application\/ld+json\" class=\"yoast-schema-graph\">{\"@context\":\"https:\/\/schema.org\",\"@graph\":[{\"@type\":\"WebPage\",\"@id\":\"https:\/\/healthwell-being.eu\/over-mij\/\",\"url\":\"https:\/\/healthwell-being.eu\/over-mij\/\",\"name\":\"Over mij - Health &amp; Well-Being\",\"isPartOf\":{\"@id\":\"https:\/\/healthwell-being.eu\/#website\"},\"primaryImageOfPage\":{\"@id\":\"https:\/\/healthwell-being.eu\/over-mij\/#primaryimage\"},\"image\":{\"@id\":\"https:\/\/healthwell-being.eu\/over-mij\/#primaryimage\"},\"thumbnailUrl\":\"https:\/\/healthwell-being.eu\/wp-content\/uploads\/2025\/10\/Velden-Maasduinen-met-hond-scaled-1.webp\",\"datePublished\":\"2025-08-22T07:51:53+00:00\",\"dateModified\":\"2026-03-09T13:09:19+00:00\",\"breadcrumb\":{\"@id\":\"https:\/\/healthwell-being.eu\/over-mij\/#breadcrumb\"},\"inLanguage\":\"de\",\"potentialAction\":[{\"@type\":\"ReadAction\",\"target\":[\"https:\/\/healthwell-being.eu\/over-mij\/\"]}]},{\"@type\":\"ImageObject\",\"inLanguage\":\"de\",\"@id\":\"https:\/\/healthwell-being.eu\/over-mij\/#primaryimage\",\"url\":\"https:\/\/healthwell-being.eu\/wp-content\/uploads\/2025\/10\/Velden-Maasduinen-met-hond-scaled-1.webp\",\"contentUrl\":\"https:\/\/healthwell-being.eu\/wp-content\/uploads\/2025\/10\/Velden-Maasduinen-met-hond-scaled-1.webp\",\"width\":2560,\"height\":1707},{\"@type\":\"BreadcrumbList\",\"@id\":\"https:\/\/healthwell-being.eu\/over-mij\/#breadcrumb\",\"itemListElement\":[{\"@type\":\"ListItem\",\"position\":1,\"name\":\"Home\",\"item\":\"https:\/\/healthwell-being.eu\/\"},{\"@type\":\"ListItem\",\"position\":2,\"name\":\"Over mij\"}]},{\"@type\":\"WebSite\",\"@id\":\"https:\/\/healthwell-being.eu\/#website\",\"url\":\"https:\/\/healthwell-being.eu\/\",\"name\":\"Health &amp; Well-Being\",\"description\":\"\",\"potentialAction\":[{\"@type\":\"SearchAction\",\"target\":{\"@type\":\"EntryPoint\",\"urlTemplate\":\"https:\/\/healthwell-being.eu\/?s={search_term_string}\"},\"query-input\":{\"@type\":\"PropertyValueSpecification\",\"valueRequired\":true,\"valueName\":\"search_term_string\"}}],\"inLanguage\":\"de\"}]}<\/script>\n<!-- \/ Yoast SEO plugin. -->","yoast_head_json":{"title":"Over mij - Health &amp; Well-Being","robots":{"index":"index","follow":"follow","max-snippet":"max-snippet:-1","max-image-preview":"max-image-preview:large","max-video-preview":"max-video-preview:-1"},"canonical":"https:\/\/healthwell-being.eu\/de\/over-mij\/","og_locale":"de_DE","og_type":"article","og_title":"Over mij - Health &amp; Well-Being","og_description":"Meer over mij Mijn ouders komen uit Nederland, maar ik ben in Brazili\u00eb opgegroeid. Ik heb in totaal maar enkele jaren in Nederland gewoond, en nu, na een scheiding, ben ik weer terug in Nederland. Mijn Nederlands is dus niet perfect, maar dat weerhoudt mij er niet van om met hart en passie in de [&hellip;]","og_url":"https:\/\/healthwell-being.eu\/de\/over-mij\/","og_site_name":"Health &amp; Well-Being","article_modified_time":"2026-03-09T13:09:19+00:00","og_image":[{"width":2560,"height":1707,"url":"https:\/\/healthwell-being.eu\/wp-content\/uploads\/2025\/10\/Velden-Maasduinen-met-hond-scaled-1.webp","type":"image\/webp"}],"twitter_card":"summary_large_image","twitter_misc":{"Gesch\u00e4tzte Lesezeit":"4\u00a0Minuten"},"schema":{"@context":"https:\/\/schema.org","@graph":[{"@type":"WebPage","@id":"https:\/\/healthwell-being.eu\/over-mij\/","url":"https:\/\/healthwell-being.eu\/over-mij\/","name":"Over mij - Health &amp; Well-Being","isPartOf":{"@id":"https:\/\/healthwell-being.eu\/#website"},"primaryImageOfPage":{"@id":"https:\/\/healthwell-being.eu\/over-mij\/#primaryimage"},"image":{"@id":"https:\/\/healthwell-being.eu\/over-mij\/#primaryimage"},"thumbnailUrl":"https:\/\/healthwell-being.eu\/wp-content\/uploads\/2025\/10\/Velden-Maasduinen-met-hond-scaled-1.webp","datePublished":"2025-08-22T07:51:53+00:00","dateModified":"2026-03-09T13:09:19+00:00","breadcrumb":{"@id":"https:\/\/healthwell-being.eu\/over-mij\/#breadcrumb"},"inLanguage":"de","potentialAction":[{"@type":"ReadAction","target":["https:\/\/healthwell-being.eu\/over-mij\/"]}]},{"@type":"ImageObject","inLanguage":"de","@id":"https:\/\/healthwell-being.eu\/over-mij\/#primaryimage","url":"https:\/\/healthwell-being.eu\/wp-content\/uploads\/2025\/10\/Velden-Maasduinen-met-hond-scaled-1.webp","contentUrl":"https:\/\/healthwell-being.eu\/wp-content\/uploads\/2025\/10\/Velden-Maasduinen-met-hond-scaled-1.webp","width":2560,"height":1707},{"@type":"BreadcrumbList","@id":"https:\/\/healthwell-being.eu\/over-mij\/#breadcrumb","itemListElement":[{"@type":"ListItem","position":1,"name":"Home","item":"https:\/\/healthwell-being.eu\/"},{"@type":"ListItem","position":2,"name":"Over mij"}]},{"@type":"WebSite","@id":"https:\/\/healthwell-being.eu\/#website","url":"https:\/\/healthwell-being.eu\/","name":"Health &amp; Well-Being","description":"","potentialAction":[{"@type":"SearchAction","target":{"@type":"EntryPoint","urlTemplate":"https:\/\/healthwell-being.eu\/?s={search_term_string}"},"query-input":{"@type":"PropertyValueSpecification","valueRequired":true,"valueName":"search_term_string"}}],"inLanguage":"de"}]}},"_links":{"self":[{"href":"https:\/\/healthwell-being.eu\/de\/wp-json\/wp\/v2\/pages\/177","targetHints":{"allow":["GET"]}}],"collection":[{"href":"https:\/\/healthwell-being.eu\/de\/wp-json\/wp\/v2\/pages"}],"about":[{"href":"https:\/\/healthwell-being.eu\/de\/wp-json\/wp\/v2\/types\/page"}],"author":[{"embeddable":true,"href":"https:\/\/healthwell-being.eu\/de\/wp-json\/wp\/v2\/users\/1"}],"replies":[{"embeddable":true,"href":"https:\/\/healthwell-being.eu\/de\/wp-json\/wp\/v2\/comments?post=177"}],"version-history":[{"count":71,"href":"https:\/\/healthwell-being.eu\/de\/wp-json\/wp\/v2\/pages\/177\/revisions"}],"predecessor-version":[{"id":1270,"href":"https:\/\/healthwell-being.eu\/de\/wp-json\/wp\/v2\/pages\/177\/revisions\/1270"}],"wp:featuredmedia":[{"embeddable":true,"href":"https:\/\/healthwell-being.eu\/de\/wp-json\/wp\/v2\/media\/942"}],"wp:attachment":[{"href":"https:\/\/healthwell-being.eu\/de\/wp-json\/wp\/v2\/media?parent=177"}],"curies":[{"name":"wp","href":"https:\/\/api.w.org\/{rel}","templated":true}]}}