{"id":175,"date":"2025-08-22T09:51:46","date_gmt":"2025-08-22T07:51:46","guid":{"rendered":"https:\/\/healthwell-being.eu\/?page_id=175"},"modified":"2026-04-07T08:37:37","modified_gmt":"2026-04-07T06:37:37","slug":"aanbod","status":"publish","type":"page","link":"https:\/\/healthwell-being.eu\/de\/aanbod\/","title":{"rendered":"Angebot"},"content":{"rendered":"<div data-elementor-type=\"wp-page\" data-elementor-id=\"175\" class=\"elementor elementor-175\" data-elementor-post-type=\"page\">\n\t\t\t\t<div class=\"elementor-element elementor-element-ef0c813 e-flex e-con-boxed e-con e-parent\" data-id=\"ef0c813\" data-element_type=\"container\">\n\t\t\t\t\t<div class=\"e-con-inner\">\n\t\t<div class=\"elementor-element elementor-element-afea66f e-con-full e-flex e-con e-child\" data-id=\"afea66f\" data-element_type=\"container\">\n\t\t\t\t<div class=\"elementor-element elementor-element-fe48e17 elementor-widget elementor-widget-heading\" data-id=\"fe48e17\" data-element_type=\"widget\" data-widget_type=\"heading.default\">\n\t\t\t\t\t<h2 class=\"elementor-heading-title elementor-size-default\">Die Sprache Ihrer Beschwerden verstehen<\/h2>\t\t\t\t<\/div>\n\t\t\t\t<div class=\"elementor-element elementor-element-b16891c elementor-widget-divider--view-line elementor-widget elementor-widget-divider\" data-id=\"b16891c\" data-element_type=\"widget\" data-widget_type=\"divider.default\">\n\t\t\t\t\t\t\t<div class=\"elementor-divider\">\n\t\t\t<span class=\"elementor-divider-separator\">\n\t\t\t\t\t\t<\/span>\n\t\t<\/div>\n\t\t\t\t\t\t<\/div>\n\t\t\t\t<div class=\"elementor-element elementor-element-e5085d5 elementor-widget elementor-widget-text-editor\" data-id=\"e5085d5\" data-element_type=\"widget\" data-no-translation=\"\" data-widget_type=\"text-editor.default\">\n\t\t\t\t\t<style>.elementor-element-e5085d5{display:none !important}<\/style>\t\t\t\t<\/div>\n\t\t\t\t<div class=\"elementor-element elementor-element-83b289c elementor-widget elementor-widget-text-editor\" data-id=\"83b289c\" data-element_type=\"widget\" data-no-translation=\"\" data-widget_type=\"text-editor.default\">\n\t\t\t\t\t\t\t\t\t<p>Unser K\u00f6rper verf\u00fcgt \u00fcber eine beeindruckende F\u00e4higkeit, sich selbst im Gleichgewicht zu halten. \u00dcber Nieren, Leber, Darm, Lunge, Haut und Lymphsystem werden t\u00e4glich Schad- und Abfallstoffe ausgeschieden. Dennoch sind wir st\u00e4ndig zus\u00e4tzlichen Belastungen ausgesetzt, wie Luftverschmutzung, Pestiziden, Schwermetallen, Lebensmittelzusatzstoffen, Medikamenten und Stress.<\/p><p>Ein ungesunder Lebensstil, zu wenig Bewegung oder anhaltende Anspannung k\u00f6nnen dieses nat\u00fcrliche Gleichgewicht st\u00f6ren. Dadurch kann das Selbstheilungsverm\u00f6gen des K\u00f6rpers eingeschr\u00e4nkt werden. M\u00fcdigkeit, eine verminderte Abwehrkraft oder Verdauungsprobleme k\u00f6nnen Anzeichen daf\u00fcr sein, dass der K\u00f6rper Unterst\u00fctzung ben\u00f6tigt.<\/p><p>Wenn K\u00f6rper und Geist aus dem Gleichgewicht geraten, f\u00fchlen wir uns nicht wohl oder weniger vital. Symptome sind keine Feinde, sondern Botschaften des K\u00f6rpers, die darauf hinweisen, dass etwas aus der Balance geraten ist.<\/p><p>In einem ausf\u00fchrlichen Erstgespr\u00e4ch nehmen wir uns Zeit, Ihre individuelle Situation, Ihre Wahrnehmungen und relevante Einflussfaktoren ganzheitlich zu erfassen. Ziel ist \u2013 auf Basis einer fundierten Ursachenforschung \u2013 die gemeinsame Festlegung sinnvoller Schwerpunkte f\u00fcr die Behandlung zu finden.<\/p><p>Der Fokus liegt auf einer funktionellen Betrachtung von Energie- und Stoffwechselzusammenh\u00e4ngen. Nicht das Symptom steht im Mittelpunkt sondern vielmehr die Frage warum der K\u00f6rper aus dem Gleichgewicht geraten ist.<\/p><p>Nach den Erkenntnissen von Prof. Dr. Alfred Pischinger (Universit\u00e4t Wien) spielt der Zellstoffwechsel eine zentrale Rolle f\u00fcr unsere Gesamtgesundheit. Eine gesunde Kommunikation zwischen den Zellen und ihrer Umgebung \u2013 dem sogenannten extrazellul\u00e4ren Gewebe \u2013 tr\u00e4gt wesentlich zu Regeneration und Vitalit\u00e4t bei.<\/p><p>Die Unterst\u00fctzung nat\u00fcrlicher Entgiftungsprozesse und die F\u00f6rderung des zellul\u00e4ren Gleichgewichts stehen daher im Mittelpunkt meines Behandlungsansatzes. Indem der K\u00f6rper beim Ausleiten belastender Stoffe unterst\u00fctzt wird, k\u00f6nnen Energie und Widerstandskraft wieder zunehmen.<\/p><p>Faktoren, die das Gleichgewicht beeinflussen k\u00f6nnen:<\/p><ul><li>Viren, Bakterien, Pilze und Parasiten;<\/li><li>Schwermetalle, Biozide und Weichmacher;<\/li><li>Ern\u00e4hrung und Verdauungsprobleme (z. B. \u201eLeaky Gut\u201c);<\/li><li>Chronischer Stress oder unverarbeitete Traumata;<\/li><li>Elektromagnetische Belastung (E-Smog);<\/li><li>Schlafmangel oder ein gest\u00f6rter Tag-Nacht-Rhythmus.<\/li><\/ul><p><br \/>Diese Einfl\u00fcsse k\u00f6nnen das nat\u00fcrliche Gleichgewicht st\u00f6ren und den K\u00f6rper zus\u00e4tzlich belasten. Durch ein schrittweises Arbeiten an Regeneration und Balance kann der K\u00f6rper wieder besser funktionieren und es entsteht Raum f\u00fcr mehr Energie und Wohlbefinden.<\/p><p>Jede Behandlung ist individuell und auf Ihre individuellen Bed\u00fcrfnisse abgestimmt. Gemeinsam arbeiten wir daran, Ihre Vitalit\u00e4t zu st\u00e4rken, das Gleichgewicht wiederherzustellen und nachhaltiges Wohlbefinden zu f\u00f6rdern.<\/p>\t\t\t\t\t\t\t\t<\/div>\n\t\t\t\t<div class=\"elementor-element elementor-element-2f7b7ef elementor-widget elementor-widget-button\" data-id=\"2f7b7ef\" data-element_type=\"widget\" data-widget_type=\"button.default\">\n\t\t\t\t\t\t\t\t\t\t<a class=\"elementor-button elementor-button-link elementor-size-sm\" href=\"https:\/\/healthwell-being.eu\/de\/contact-informatie\/\">\n\t\t\t\t\t\t<span class=\"elementor-button-content-wrapper\">\n\t\t\t\t\t\t\t\t\t<span class=\"elementor-button-text\">Kontakt &amp; Informationen<\/span>\n\t\t\t\t\t<\/span>\n\t\t\t\t\t<\/a>\n\t\t\t\t\t\t\t\t<\/div>\n\t\t\t\t<\/div>\n\t\t<div class=\"elementor-element elementor-element-715edf7 e-con-full e-flex e-con e-child\" data-id=\"715edf7\" data-element_type=\"container\">\n\t\t\t\t<div class=\"elementor-element elementor-element-f7e1f75 elementor-widget elementor-widget-image\" data-id=\"f7e1f75\" data-element_type=\"widget\" data-no-translation=\"\" data-widget_type=\"image.default\">\n\t\t\t\t\t<style>.elementor-element-f7e1f75{display:none !important}<\/style>\t\t\t\t<\/div>\n\t\t\t\t<div class=\"elementor-element elementor-element-e37b7d7 elementor-widget elementor-widget-image\" data-id=\"e37b7d7\" data-element_type=\"widget\" data-no-translation=\"\" data-widget_type=\"image.default\">\n\t\t\t\t\t\t\t\t\t\t\t\t\t\t\t<img fetchpriority=\"high\" decoding=\"async\" width=\"1000\" height=\"686\" src=\"https:\/\/healthwell-being.eu\/wp-content\/uploads\/2026\/03\/HWB-invloeden-de.png\" class=\"attachment-full size-full wp-image-1254\" alt=\"\" srcset=\"https:\/\/healthwell-being.eu\/wp-content\/uploads\/2026\/03\/HWB-invloeden-de.png 1000w, https:\/\/healthwell-being.eu\/wp-content\/uploads\/2026\/03\/HWB-invloeden-de-300x206.png 300w, https:\/\/healthwell-being.eu\/wp-content\/uploads\/2026\/03\/HWB-invloeden-de-768x527.png 768w, https:\/\/healthwell-being.eu\/wp-content\/uploads\/2026\/03\/HWB-invloeden-de-18x12.png 18w\" sizes=\"(max-width: 1000px) 100vw, 1000px\" \/>\t\t\t\t\t\t\t\t\t\t\t\t\t\t\t<\/div>\n\t\t\t\t<\/div>\n\t\t\t\t\t<\/div>\n\t\t\t\t<\/div>\n\t\t<div class=\"elementor-element elementor-element-7c5dcae e-flex e-con-boxed e-con e-parent\" data-id=\"7c5dcae\" data-element_type=\"container\" id=\"therapievormen\">\n\t\t\t\t\t<div class=\"e-con-inner\">\n\t\t<div class=\"elementor-element elementor-element-ef46ac1 e-con-full e-flex e-con e-child\" data-id=\"ef46ac1\" data-element_type=\"container\">\n\t\t\t\t<div class=\"elementor-element elementor-element-25a69b6 elementor-widget elementor-widget-image\" data-id=\"25a69b6\" data-element_type=\"widget\" data-widget_type=\"image.default\">\n\t\t\t\t\t\t\t\t\t\t\t\t\t\t\t<img decoding=\"async\" width=\"1200\" height=\"1600\" src=\"https:\/\/healthwell-being.eu\/wp-content\/uploads\/2025\/10\/Afbeelding-van-WhatsApp-op-2025-09-26-om-16.51.43_f584a1fb.jpg\" class=\"attachment-full size-full wp-image-683\" alt=\"\" srcset=\"https:\/\/healthwell-being.eu\/wp-content\/uploads\/2025\/10\/Afbeelding-van-WhatsApp-op-2025-09-26-om-16.51.43_f584a1fb.jpg 1200w, https:\/\/healthwell-being.eu\/wp-content\/uploads\/2025\/10\/Afbeelding-van-WhatsApp-op-2025-09-26-om-16.51.43_f584a1fb-225x300.jpg 225w, https:\/\/healthwell-being.eu\/wp-content\/uploads\/2025\/10\/Afbeelding-van-WhatsApp-op-2025-09-26-om-16.51.43_f584a1fb-768x1024.jpg 768w, https:\/\/healthwell-being.eu\/wp-content\/uploads\/2025\/10\/Afbeelding-van-WhatsApp-op-2025-09-26-om-16.51.43_f584a1fb-1152x1536.jpg 1152w\" sizes=\"(max-width: 1200px) 100vw, 1200px\" \/>\t\t\t\t\t\t\t\t\t\t\t\t\t\t\t<\/div>\n\t\t\t\t<div class=\"elementor-element elementor-element-02dcedd elementor-widget elementor-widget-text-editor\" data-id=\"02dcedd\" data-element_type=\"widget\" data-widget_type=\"text-editor.default\">\n\t\t\t\t\t\t\t\t\t<p>CO2-Gasbad<\/p>\t\t\t\t\t\t\t\t<\/div>\n\t\t\t\t<div class=\"elementor-element elementor-element-7fa33b6 elementor-absolute elementor-view-default elementor-widget elementor-widget-icon\" data-id=\"7fa33b6\" data-element_type=\"widget\" data-settings=\"{&quot;_position&quot;:&quot;absolute&quot;}\" data-widget_type=\"icon.default\">\n\t\t\t\t\t\t\t<div class=\"elementor-icon-wrapper\">\n\t\t\t<div class=\"elementor-icon\">\n\t\t\t<svg xmlns=\"http:\/\/www.w3.org\/2000\/svg\" width=\"160\" height=\"200\" viewbox=\"0 0 160 200\" fill=\"none\"><path d=\"M152.09 194.15C142.85 202.506 128.496 201.829 120.092 192.642C111.689 183.456 112.369 169.184 121.609 160.829C122.003 160.472 122.415 160.125 122.832 159.798C123.052 159.625 123.265 159.446 123.47 159.261C126.801 156.248 128.158 151.599 126.912 147.247C125.589 142.629 121.593 139.26 116.794 138.717C111.53 138.122 106.444 136.272 102.085 133.366C97.9457 130.607 92.5172 130.698 88.4745 133.596C88.1045 133.861 87.7533 134.145 87.4214 134.445C84.1281 137.423 82.7498 142.022 83.9533 146.361C88.2513 161.86 83.5181 178.182 71.6007 188.958C54.2554 204.642 27.3099 203.372 11.5348 186.127C-4.24038 168.882 -2.96301 142.092 14.3823 126.408C20.0806 121.255 27.0702 117.743 34.5958 116.252C36.7629 115.823 38.7163 114.817 40.2862 113.397C42.0406 111.811 43.3164 109.708 43.8763 107.316C44.938 102.785 43.2344 98.0551 39.5214 95.2233C38.454 94.409 37.4492 93.4895 36.5353 92.4905C28.1318 83.3038 28.8123 69.0323 38.0522 60.6773C42.7914 56.392 49.1836 54.3045 55.5899 54.9492C58.997 55.2922 62.3402 54.1614 64.8127 51.9257C65.4707 51.3307 66.0668 50.6577 66.5864 49.913C69.0582 46.3709 69.4005 41.7738 67.4804 37.9086C62.2866 27.4509 64.718 14.6687 73.393 6.82449C84.173 -2.92309 100.92 -2.13377 110.724 8.58402C120.528 19.3018 119.734 35.9518 108.954 45.6994C102.994 51.0888 94.9875 53.454 86.9879 52.1884C83.3784 51.6173 79.745 52.7268 77.0937 55.1242C76.6011 55.5697 76.1431 56.0589 75.7246 56.5906C73.0543 59.9847 72.4467 64.552 74.138 68.5193C75.1352 70.8595 75.7228 73.3433 75.8835 75.9017C76.1792 80.6114 79.2574 84.6983 83.7199 86.3063C87.8994 87.8124 92.5481 86.8748 95.8009 83.9335C96.0211 83.7344 96.2346 83.5268 96.4413 83.3095C97.0149 82.707 97.6208 82.1163 98.2423 81.5543C111.778 69.3148 132.806 70.3059 145.116 83.7636C157.427 97.2214 156.43 118.128 142.894 130.367C141.425 131.696 139.835 132.896 138.166 133.935C137.558 134.314 136.992 134.742 136.473 135.212C133.501 137.899 132.053 141.943 132.744 145.973C133.557 150.708 137.163 154.486 141.875 155.542C146.414 156.559 150.471 158.909 153.607 162.337C162.01 171.524 161.33 185.795 152.09 194.15ZM58.7565 100.222C56.3912 102.361 54.9435 105.4 54.8587 108.689C54.739 113.341 57.3689 117.633 61.5818 119.661C64.2276 120.934 66.7465 122.49 69.0683 124.284C73.0042 127.326 78.4281 127.612 82.6654 125.001C83.2935 124.614 83.8756 124.176 84.4088 123.694C87.4727 120.923 88.9121 116.713 88.0696 112.575C87.5143 109.846 87.3063 107.048 87.4517 104.257C87.6965 99.5422 85.1047 95.1329 80.853 93.0312C76.6017 90.9298 71.5012 91.5369 67.8686 94.577C66.1343 96.0283 64.206 97.2045 62.1372 98.0734C60.8743 98.6041 59.7364 99.3357 58.7565 100.222Z\" fill=\"#AA7F20\"><\/path><\/svg>\t\t\t<\/div>\n\t\t<\/div>\n\t\t\t\t\t\t<\/div>\n\t\t\t\t<\/div>\n\t\t<div class=\"elementor-element elementor-element-9c4df18 e-con-full e-flex e-con e-child\" data-id=\"9c4df18\" data-element_type=\"container\">\n\t\t\t\t<div class=\"elementor-element elementor-element-56105d6 elementor-widget elementor-widget-heading\" data-id=\"56105d6\" data-element_type=\"widget\" data-widget_type=\"heading.default\">\n\t\t\t\t\t<h2 class=\"elementor-heading-title elementor-size-default\">Therapieformen<\/h2>\t\t\t\t<\/div>\n\t\t\t\t<div class=\"elementor-element elementor-element-16ae6fb elementor-widget-divider--view-line elementor-widget elementor-widget-divider\" data-id=\"16ae6fb\" data-element_type=\"widget\" data-widget_type=\"divider.default\">\n\t\t\t\t\t\t\t<div class=\"elementor-divider\">\n\t\t\t<span class=\"elementor-divider-separator\">\n\t\t\t\t\t\t<\/span>\n\t\t<\/div>\n\t\t\t\t\t\t<\/div>\n\t\t\t\t<div class=\"elementor-element elementor-element-f4507d6 elementor-widget elementor-widget-text-editor\" data-id=\"f4507d6\" data-element_type=\"widget\" data-widget_type=\"text-editor.default\">\n\t\t\t\t\t\t\t\t\t<p>Die von mir angebotenen Therapien sind \u2013 abh\u00e4ngig von Ihren Beschwerden \u2013 unter anderem:<\/p><ul><li><a href=\"https:\/\/healthwell-being.eu\/de\/frequentie-therapieen\/\"><span style=\"text-decoration: underline;\">Frequenztherapien<\/span><\/a> mit mehreren Ger\u00e4ten: Global Diagnostics und Digisoft von Vitatec AG (Vitalfeldtherapien), mit Photonwave (Lichttherapie), Klangtherapie (mit DVDs von Dr. med. D. Klinghardt), K-scan\u00ae von INK Klinghardt und Aromatherapie;<\/li><li><span style=\"text-decoration: underline;\"><a href=\"https:\/\/healthwell-being.eu\/de\/infraroodbehandelingen\/\">Infrarotbehandlungen<\/a><\/span> mit einer <a href=\"https:\/\/healthwell-being.eu\/de\/chinese-tdp-lamp\/\"><span style=\"text-decoration: underline;\">chinesischen TDP-Lampe<\/span><\/a> oder mit dem <span style=\"text-decoration: underline;\"><a href=\"https:\/\/healthwell-being.eu\/de\/helm-van-weber-medical\/\">Helm von Weber Medical<\/a><\/span>;<\/li><li><span style=\"text-decoration: underline;\"><a href=\"https:\/\/healthwell-being.eu\/de\/detox-ioniserend-voetbad-met-een-platina-spoeler\/\">Detox-ionisierendes Fu\u00dfbad mit Platinspirale<\/a><\/span>;<\/li><li><span style=\"text-decoration: underline;\"><a href=\"https:\/\/healthwell-being.eu\/de\/co2-gasbad\/\">CO2-Gasbad<\/a><\/span>;<\/li><li><a href=\"#ihht\"><span style=\"text-decoration: underline;\">IHHT einschlie\u00dflich Herzratenvariabilit\u00e4t<\/span><\/a>;<\/li><li><a href=\"https:\/\/healthwell-being.eu\/de\/microscopisch-levend-bloedonderzoek\/\"><span style=\"text-decoration: underline;\">Dunkelfeldmikroskopie<\/span><\/a>;<\/li><li>Stuhl-, Speichel- und Blutuntersuchungen in Zusammenarbeit mit den Laboren Biovis oder Ganzimmun;<\/li><li>Orthomoleculaire Beratung;<\/li><li>Ohrakupunktur;<\/li><li>Lebensstilberatung;<\/li><li>Behandlungen nach den Methoden von Dr. med. D. Klinghardt, unter andere <a href=\"https:\/\/healthwell-being.eu\/de\/psycho-kinesiologie\/\"><span style=\"text-decoration: underline;\">Psycho-Kinesiologie (PK)<\/span><\/a>;<\/li><li>weitere naturheilkundliche Therapien.<\/li><\/ul>\t\t\t\t\t\t\t\t<\/div>\n\t\t\t\t<div class=\"elementor-element elementor-element-beb8f5e elementor-widget elementor-widget-text-editor\" data-id=\"beb8f5e\" data-element_type=\"widget\" data-no-translation=\"\" data-widget_type=\"text-editor.default\">\n\t\t\t\t\t\t\t\t\t<p><em>&#8220;Heilpraktiker nach deutschem Recht sind Personen, die eine Linderung von Krankheiten durch alternative Heilmethoden anbieten. Heilpraktiker haben eine fundierte medizinische Grundausbildung und verstehen daher die pathophysiologischen Abl\u00e4ufe einer Erkrankung.&#8221;<\/em><\/p>\t\t\t\t\t\t\t\t<\/div>\n\t\t\t\t<div class=\"elementor-element elementor-element-ba9850e elementor-widget elementor-widget-text-editor\" data-id=\"ba9850e\" data-element_type=\"widget\" data-no-translation=\"\" data-widget_type=\"text-editor.default\">\n\t\t\t\t\t<style>.elementor-element-ba9850e{display:none !important}<\/style>\t\t\t\t<\/div>\n\t\t\t\t<div class=\"elementor-element elementor-element-7ce3013 elementor-widget elementor-widget-button\" data-id=\"7ce3013\" data-element_type=\"widget\" data-widget_type=\"button.default\">\n\t\t\t\t\t\t\t\t\t\t<a class=\"elementor-button elementor-button-link elementor-size-sm\" href=\"https:\/\/healthwell-being.eu\/de\/contact-informatie\/\">\n\t\t\t\t\t\t<span class=\"elementor-button-content-wrapper\">\n\t\t\t\t\t\t\t\t\t<span class=\"elementor-button-text\">Kontakt &amp; Informationen<\/span>\n\t\t\t\t\t<\/span>\n\t\t\t\t\t<\/a>\n\t\t\t\t\t\t\t\t<\/div>\n\t\t\t\t<\/div>\n\t\t\t\t\t<\/div>\n\t\t\t\t<\/div>\n\t\t<div class=\"elementor-element elementor-element-de5a0dd e-flex e-con-boxed e-con e-parent\" data-id=\"de5a0dd\" data-element_type=\"container\">\n\t\t\t\t\t<div class=\"e-con-inner\">\n\t\t\t\t<div class=\"elementor-element elementor-element-ce34d8a elementor-widget elementor-widget-heading\" data-id=\"ce34d8a\" data-element_type=\"widget\" id=\"ihht\" data-widget_type=\"heading.default\">\n\t\t\t\t\t<h2 class=\"elementor-heading-title elementor-size-default\">IHHT einschlie\u00dflich Herzvariabilit\u00e4t;<\/h2>\t\t\t\t<\/div>\n\t\t\t\t<div class=\"elementor-element elementor-element-1705808 elementor-widget-divider--view-line elementor-widget elementor-widget-divider\" data-id=\"1705808\" data-element_type=\"widget\" data-widget_type=\"divider.default\">\n\t\t\t\t\t\t\t<div class=\"elementor-divider\">\n\t\t\t<span class=\"elementor-divider-separator\">\n\t\t\t\t\t\t<\/span>\n\t\t<\/div>\n\t\t\t\t\t\t<\/div>\n\t\t\t\t<div class=\"elementor-element elementor-element-131dd19 elementor-widget__width-initial elementor-widget elementor-widget-video\" data-id=\"131dd19\" data-element_type=\"widget\" data-settings=\"{&quot;youtube_url&quot;:&quot;https:\\\/\\\/www.youtube.com\\\/watch?v=J-COs4qRtek&quot;,&quot;video_type&quot;:&quot;youtube&quot;,&quot;controls&quot;:&quot;yes&quot;}\" data-widget_type=\"video.default\">\n\t\t\t\t\t\t\t<div class=\"elementor-wrapper elementor-open-inline\">\n\t\t\t<div class=\"elementor-video\"><\/div>\t\t<\/div>\n\t\t\t\t\t\t<\/div>\n\t\t\t\t\t<\/div>\n\t\t\t\t<\/div>\n\t\t\t\t<\/div>","protected":false},"excerpt":{"rendered":"<p>De taal van je klachten begrijpen Ons lichaam beschikt over een indrukwekkend vermogen om zichzelf in balans te houden. Via onze nieren, lever, darmen, longen, huid en lymfestelsel worden dagelijks afvalstoffen afgevoerd. Toch worden we voortdurend blootgesteld aan extra belasting, zoals luchtvervuiling, pesticiden, zware metalen, voedingsadditieven, medicatie en stress. Een ongezonde leefstijl, te weinig beweging [&hellip;]<\/p>\n","protected":false},"author":1,"featured_media":0,"parent":0,"menu_order":0,"comment_status":"closed","ping_status":"closed","template":"","meta":{"_acf_changed":false,"footnotes":""},"class_list":["post-175","page","type-page","status-publish","hentry"],"acf":[],"yoast_head":"<!-- This site is optimized with the Yoast SEO plugin v26.2 - https:\/\/yoast.com\/wordpress\/plugins\/seo\/ -->\n<title>Aanbod - Health &amp; Well-Being<\/title>\n<meta name=\"robots\" content=\"index, follow, max-snippet:-1, max-image-preview:large, max-video-preview:-1\" \/>\n<link rel=\"canonical\" href=\"https:\/\/healthwell-being.eu\/de\/aanbod\/\" \/>\n<meta property=\"og:locale\" content=\"de_DE\" \/>\n<meta property=\"og:type\" content=\"article\" \/>\n<meta property=\"og:title\" content=\"Aanbod - Health &amp; Well-Being\" \/>\n<meta property=\"og:description\" content=\"De taal van je klachten begrijpen Ons lichaam beschikt over een indrukwekkend vermogen om zichzelf in balans te houden. Via onze nieren, lever, darmen, longen, huid en lymfestelsel worden dagelijks afvalstoffen afgevoerd. Toch worden we voortdurend blootgesteld aan extra belasting, zoals luchtvervuiling, pesticiden, zware metalen, voedingsadditieven, medicatie en stress. Een ongezonde leefstijl, te weinig beweging [&hellip;]\" \/>\n<meta property=\"og:url\" content=\"https:\/\/healthwell-being.eu\/de\/aanbod\/\" \/>\n<meta property=\"og:site_name\" content=\"Health &amp; Well-Being\" \/>\n<meta property=\"article:modified_time\" content=\"2026-04-07T06:37:37+00:00\" \/>\n<meta property=\"og:image\" content=\"https:\/\/healthwell-being.eu\/wp-content\/uploads\/2025\/10\/HWB-invloeden.webp\" \/>\n\t<meta property=\"og:image:width\" content=\"1000\" \/>\n\t<meta property=\"og:image:height\" content=\"686\" \/>\n\t<meta property=\"og:image:type\" content=\"image\/webp\" \/>\n<meta name=\"twitter:card\" content=\"summary_large_image\" \/>\n<meta name=\"twitter:label1\" content=\"Gesch\u00e4tzte Lesezeit\" \/>\n\t<meta name=\"twitter:data1\" content=\"5\u00a0Minuten\" \/>\n<script type=\"application\/ld+json\" class=\"yoast-schema-graph\">{\"@context\":\"https:\/\/schema.org\",\"@graph\":[{\"@type\":\"WebPage\",\"@id\":\"https:\/\/healthwell-being.eu\/aanbod\/\",\"url\":\"https:\/\/healthwell-being.eu\/aanbod\/\",\"name\":\"Aanbod - Health &amp; Well-Being\",\"isPartOf\":{\"@id\":\"https:\/\/healthwell-being.eu\/#website\"},\"primaryImageOfPage\":{\"@id\":\"https:\/\/healthwell-being.eu\/aanbod\/#primaryimage\"},\"image\":{\"@id\":\"https:\/\/healthwell-being.eu\/aanbod\/#primaryimage\"},\"thumbnailUrl\":\"https:\/\/healthwell-being.eu\/wp-content\/uploads\/2025\/10\/HWB-invloeden.webp\",\"datePublished\":\"2025-08-22T07:51:46+00:00\",\"dateModified\":\"2026-04-07T06:37:37+00:00\",\"breadcrumb\":{\"@id\":\"https:\/\/healthwell-being.eu\/aanbod\/#breadcrumb\"},\"inLanguage\":\"de\",\"potentialAction\":[{\"@type\":\"ReadAction\",\"target\":[\"https:\/\/healthwell-being.eu\/aanbod\/\"]}]},{\"@type\":\"ImageObject\",\"inLanguage\":\"de\",\"@id\":\"https:\/\/healthwell-being.eu\/aanbod\/#primaryimage\",\"url\":\"https:\/\/healthwell-being.eu\/wp-content\/uploads\/2025\/10\/HWB-invloeden.webp\",\"contentUrl\":\"https:\/\/healthwell-being.eu\/wp-content\/uploads\/2025\/10\/HWB-invloeden.webp\"},{\"@type\":\"BreadcrumbList\",\"@id\":\"https:\/\/healthwell-being.eu\/aanbod\/#breadcrumb\",\"itemListElement\":[{\"@type\":\"ListItem\",\"position\":1,\"name\":\"Home\",\"item\":\"https:\/\/healthwell-being.eu\/\"},{\"@type\":\"ListItem\",\"position\":2,\"name\":\"Aanbod\"}]},{\"@type\":\"WebSite\",\"@id\":\"https:\/\/healthwell-being.eu\/#website\",\"url\":\"https:\/\/healthwell-being.eu\/\",\"name\":\"Health &amp; Well-Being\",\"description\":\"\",\"potentialAction\":[{\"@type\":\"SearchAction\",\"target\":{\"@type\":\"EntryPoint\",\"urlTemplate\":\"https:\/\/healthwell-being.eu\/?s={search_term_string}\"},\"query-input\":{\"@type\":\"PropertyValueSpecification\",\"valueRequired\":true,\"valueName\":\"search_term_string\"}}],\"inLanguage\":\"de\"}]}<\/script>\n<!-- \/ Yoast SEO plugin. -->","yoast_head_json":{"title":"Aanbod - Health &amp; Well-Being","robots":{"index":"index","follow":"follow","max-snippet":"max-snippet:-1","max-image-preview":"max-image-preview:large","max-video-preview":"max-video-preview:-1"},"canonical":"https:\/\/healthwell-being.eu\/de\/aanbod\/","og_locale":"de_DE","og_type":"article","og_title":"Aanbod - Health &amp; Well-Being","og_description":"De taal van je klachten begrijpen Ons lichaam beschikt over een indrukwekkend vermogen om zichzelf in balans te houden. Via onze nieren, lever, darmen, longen, huid en lymfestelsel worden dagelijks afvalstoffen afgevoerd. Toch worden we voortdurend blootgesteld aan extra belasting, zoals luchtvervuiling, pesticiden, zware metalen, voedingsadditieven, medicatie en stress. Een ongezonde leefstijl, te weinig beweging [&hellip;]","og_url":"https:\/\/healthwell-being.eu\/de\/aanbod\/","og_site_name":"Health &amp; Well-Being","article_modified_time":"2026-04-07T06:37:37+00:00","og_image":[{"width":1000,"height":686,"url":"https:\/\/healthwell-being.eu\/wp-content\/uploads\/2025\/10\/HWB-invloeden.webp","type":"image\/webp"}],"twitter_card":"summary_large_image","twitter_misc":{"Gesch\u00e4tzte Lesezeit":"5\u00a0Minuten"},"schema":{"@context":"https:\/\/schema.org","@graph":[{"@type":"WebPage","@id":"https:\/\/healthwell-being.eu\/aanbod\/","url":"https:\/\/healthwell-being.eu\/aanbod\/","name":"Aanbod - Health &amp; Well-Being","isPartOf":{"@id":"https:\/\/healthwell-being.eu\/#website"},"primaryImageOfPage":{"@id":"https:\/\/healthwell-being.eu\/aanbod\/#primaryimage"},"image":{"@id":"https:\/\/healthwell-being.eu\/aanbod\/#primaryimage"},"thumbnailUrl":"https:\/\/healthwell-being.eu\/wp-content\/uploads\/2025\/10\/HWB-invloeden.webp","datePublished":"2025-08-22T07:51:46+00:00","dateModified":"2026-04-07T06:37:37+00:00","breadcrumb":{"@id":"https:\/\/healthwell-being.eu\/aanbod\/#breadcrumb"},"inLanguage":"de","potentialAction":[{"@type":"ReadAction","target":["https:\/\/healthwell-being.eu\/aanbod\/"]}]},{"@type":"ImageObject","inLanguage":"de","@id":"https:\/\/healthwell-being.eu\/aanbod\/#primaryimage","url":"https:\/\/healthwell-being.eu\/wp-content\/uploads\/2025\/10\/HWB-invloeden.webp","contentUrl":"https:\/\/healthwell-being.eu\/wp-content\/uploads\/2025\/10\/HWB-invloeden.webp"},{"@type":"BreadcrumbList","@id":"https:\/\/healthwell-being.eu\/aanbod\/#breadcrumb","itemListElement":[{"@type":"ListItem","position":1,"name":"Home","item":"https:\/\/healthwell-being.eu\/"},{"@type":"ListItem","position":2,"name":"Aanbod"}]},{"@type":"WebSite","@id":"https:\/\/healthwell-being.eu\/#website","url":"https:\/\/healthwell-being.eu\/","name":"Health &amp; Well-Being","description":"","potentialAction":[{"@type":"SearchAction","target":{"@type":"EntryPoint","urlTemplate":"https:\/\/healthwell-being.eu\/?s={search_term_string}"},"query-input":{"@type":"PropertyValueSpecification","valueRequired":true,"valueName":"search_term_string"}}],"inLanguage":"de"}]}},"_links":{"self":[{"href":"https:\/\/healthwell-being.eu\/de\/wp-json\/wp\/v2\/pages\/175","targetHints":{"allow":["GET"]}}],"collection":[{"href":"https:\/\/healthwell-being.eu\/de\/wp-json\/wp\/v2\/pages"}],"about":[{"href":"https:\/\/healthwell-being.eu\/de\/wp-json\/wp\/v2\/types\/page"}],"author":[{"embeddable":true,"href":"https:\/\/healthwell-being.eu\/de\/wp-json\/wp\/v2\/users\/1"}],"replies":[{"embeddable":true,"href":"https:\/\/healthwell-being.eu\/de\/wp-json\/wp\/v2\/comments?post=175"}],"version-history":[{"count":138,"href":"https:\/\/healthwell-being.eu\/de\/wp-json\/wp\/v2\/pages\/175\/revisions"}],"predecessor-version":[{"id":1332,"href":"https:\/\/healthwell-being.eu\/de\/wp-json\/wp\/v2\/pages\/175\/revisions\/1332"}],"wp:attachment":[{"href":"https:\/\/healthwell-being.eu\/de\/wp-json\/wp\/v2\/media?parent=175"}],"curies":[{"name":"wp","href":"https:\/\/api.w.org\/{rel}","templated":true}]}}