{"id":1077,"date":"2026-01-27T11:35:22","date_gmt":"2026-01-27T10:35:22","guid":{"rendered":"https:\/\/healthwell-being.eu\/?page_id=1077"},"modified":"2026-03-24T18:14:29","modified_gmt":"2026-03-24T17:14:29","slug":"psycho-kinesiologie","status":"publish","type":"page","link":"https:\/\/healthwell-being.eu\/de\/psycho-kinesiologie\/","title":{"rendered":"Psycho-kinesiologie"},"content":{"rendered":"<div data-elementor-type=\"wp-page\" data-elementor-id=\"1077\" class=\"elementor elementor-1077\" data-elementor-post-type=\"page\">\n\t\t\t\t<div class=\"elementor-element elementor-element-b8fb0ab e-flex e-con-boxed e-con e-parent\" data-id=\"b8fb0ab\" data-element_type=\"container\">\n\t\t\t\t\t<div class=\"e-con-inner\">\n\t\t<div class=\"elementor-element elementor-element-50ae99e e-con-full e-flex e-con e-child\" data-id=\"50ae99e\" data-element_type=\"container\">\n\t\t\t\t<div class=\"elementor-element elementor-element-7d4cb9f elementor-widget elementor-widget-heading\" data-id=\"7d4cb9f\" data-element_type=\"widget\" data-widget_type=\"heading.default\">\n\t\t\t\t\t<h2 class=\"elementor-heading-title elementor-size-default\">Was ist Psycho-Kinesiologie?\n<\/h2>\t\t\t\t<\/div>\n\t\t\t\t<div class=\"elementor-element elementor-element-50cbc9b elementor-widget-divider--view-line elementor-widget elementor-widget-divider\" data-id=\"50cbc9b\" data-element_type=\"widget\" data-widget_type=\"divider.default\">\n\t\t\t\t\t\t\t<div class=\"elementor-divider\">\n\t\t\t<span class=\"elementor-divider-separator\">\n\t\t\t\t\t\t<\/span>\n\t\t<\/div>\n\t\t\t\t\t\t<\/div>\n\t\t\t\t<div class=\"elementor-element elementor-element-4cfce6b elementor-widget elementor-widget-text-editor\" data-id=\"4cfce6b\" data-element_type=\"widget\" data-no-translation=\"\" data-widget_type=\"text-editor.default\">\n\t\t\t\t\t<style>.elementor-element-4cfce6b{display:none !important}<\/style>\t\t\t\t<\/div>\n\t\t\t\t<div class=\"elementor-element elementor-element-8de7ac7 elementor-widget elementor-widget-text-editor\" data-id=\"8de7ac7\" data-element_type=\"widget\" data-no-translation=\"\" data-widget_type=\"text-editor.default\">\n\t\t\t\t\t\t\t\t\t<p>Mit Hilfe der Psycho-Kinesiologie nach Dr. med. D. Klinghardt k\u00f6nnen Blockaden, seelische Konflikte und Traumata aus der Vergangenheit aufgedeckt und bearbeitet werden.<\/p><p>Die Behandlungstechnik der PK beruht auf folgenden Grundannahmen:<\/p><ul><li>Viele Beschwerden haben ihren Ursprung ganz oder teilweise im Unterbewussten. Im Unterbewusstsein \u2013 oder anders formuliert im elektromagnetischen Feld \u2013 sind alle Erinnerungen gespeichert. Sind diese Erinnerungen konfliktbeladen, spricht man von einem unerl\u00f6sten seelischen Konflikt (USK);<\/li><li>Jeder Mensch tr\u00e4gt mehrere dieser unerl\u00f6sten seelischen Konflikte in sich. Der Inhalt des Konflikts kann sp\u00e4ter mit der Art der Beschwerden in Zusammenhang stehen, w\u00e4hrend die Intensit\u00e4t des Traumata Einfluss auf deren Auspr\u00e4gung haben kann;<\/li><li>Ver\u00e4nderungsprozesse k\u00f6nnen angesto\u00dfen werden, wenn sich der Patient an den Konfliktinhalt erinnert und dieser Konflikt neurophysiologisch vom Nervensystem entkoppelt wird;<\/li><li>K\u00f6rperliche und seelische Beschwerden gelten innerhalb dieses Ansatzes als beeinflussbar. Der Schl\u00fcssel f\u00fcr m\u00f6gliche Ver\u00e4nderungen liegt im Unterbewussten, im Feld des Patienten. Die Techniken der PK erm\u00f6glichen einen strukturierten Zugang zu diesen inneren Prozessen.<\/li><\/ul><p><br \/>W\u00e4hrend einer PK-Behandlung bleiben Sie bewusst anwesend, w\u00e4hrend ich \u00fcber die Kinesiologie mit Ihrem Unterbewusstsein \u201espreche\u201c. Kinesiologie ist eine Methode, die die Muskelspannung des K\u00f6rpers nutzt. Ausgangspunkt ist die Annahme, dass der K\u00f6rper \u2013 das Feld \u2013 alles speichert, was wir erleben. Wenn etwas belastend ist (k\u00f6rperlich oder emotional), kann sich dies auf die Muskelspannung auswirken.<\/p>\t\t\t\t\t\t\t\t<\/div>\n\t\t<div class=\"elementor-element elementor-element-60c38ae e-con-full e-flex e-con e-child\" data-id=\"60c38ae\" data-element_type=\"container\">\n\t\t\t\t<div class=\"elementor-element elementor-element-05e8f00 elementor-widget elementor-widget-button\" data-id=\"05e8f00\" data-element_type=\"widget\" data-widget_type=\"button.default\">\n\t\t\t\t\t\t\t\t\t\t<a class=\"elementor-button elementor-button-link elementor-size-sm\" href=\"https:\/\/healthwell-being.eu\/de\/contact-informatie\/\">\n\t\t\t\t\t\t<span class=\"elementor-button-content-wrapper\">\n\t\t\t\t\t\t\t\t\t<span class=\"elementor-button-text\">Ja, das m\u00f6chte ich!<\/span>\n\t\t\t\t\t<\/span>\n\t\t\t\t\t<\/a>\n\t\t\t\t\t\t\t\t<\/div>\n\t\t\t\t<div class=\"elementor-element elementor-element-c2b9403 elementor-widget elementor-widget-button\" data-id=\"c2b9403\" data-element_type=\"widget\" data-widget_type=\"button.default\">\n\t\t\t\t\t\t\t\t\t\t<a class=\"elementor-button elementor-button-link elementor-size-sm\" href=\"https:\/\/healthwell-being.eu\/de\/aanbod\/#therapievormen\">\n\t\t\t\t\t\t<span class=\"elementor-button-content-wrapper\">\n\t\t\t\t\t\t\t\t\t<span class=\"elementor-button-text\">Zur\u00fcck zu den Therapieformen<\/span>\n\t\t\t\t\t<\/span>\n\t\t\t\t\t<\/a>\n\t\t\t\t\t\t\t\t<\/div>\n\t\t\t\t<\/div>\n\t\t\t\t<\/div>\n\t\t\t\t\t<\/div>\n\t\t\t\t<\/div>\n\t\t\t\t<\/div>","protected":false},"excerpt":{"rendered":"<p>Wat is psycho-kinesiologie? De Psycho-Kinesiologie (PK) is een methode die gericht is op het opsporen en begeleiden van blokkades, psychische conflicten en trauma uit het verleden. PK is een behandeltechniek volgens de methode van Dr. med. D. Klinghardt. De benadering van PK berust op de volgende uitgangspunten: Veel klachten hebben hun oorsprong geheel of gedeeltelijk [&hellip;]<\/p>\n","protected":false},"author":1,"featured_media":0,"parent":0,"menu_order":0,"comment_status":"closed","ping_status":"closed","template":"","meta":{"_acf_changed":false,"footnotes":""},"class_list":["post-1077","page","type-page","status-publish","hentry"],"acf":[],"yoast_head":"<!-- This site is optimized with the Yoast SEO plugin v26.2 - https:\/\/yoast.com\/wordpress\/plugins\/seo\/ -->\n<title>Psycho-kinesiologie - Health &amp; Well-Being<\/title>\n<meta name=\"robots\" content=\"index, follow, max-snippet:-1, max-image-preview:large, max-video-preview:-1\" \/>\n<link rel=\"canonical\" href=\"https:\/\/healthwell-being.eu\/de\/psycho-kinesiologie\/\" \/>\n<meta property=\"og:locale\" content=\"de_DE\" \/>\n<meta property=\"og:type\" content=\"article\" \/>\n<meta property=\"og:title\" content=\"Psycho-kinesiologie - Health &amp; Well-Being\" \/>\n<meta property=\"og:description\" content=\"Wat is psycho-kinesiologie? De Psycho-Kinesiologie (PK) is een methode die gericht is op het opsporen en begeleiden van blokkades, psychische conflicten en trauma uit het verleden. PK is een behandeltechniek volgens de methode van Dr. med. D. Klinghardt. De benadering van PK berust op de volgende uitgangspunten: Veel klachten hebben hun oorsprong geheel of gedeeltelijk [&hellip;]\" \/>\n<meta property=\"og:url\" content=\"https:\/\/healthwell-being.eu\/de\/psycho-kinesiologie\/\" \/>\n<meta property=\"og:site_name\" content=\"Health &amp; Well-Being\" \/>\n<meta property=\"article:modified_time\" content=\"2026-03-24T17:14:29+00:00\" \/>\n<meta name=\"twitter:card\" content=\"summary_large_image\" \/>\n<meta name=\"twitter:label1\" content=\"Gesch\u00e4tzte Lesezeit\" \/>\n\t<meta name=\"twitter:data1\" content=\"3\u00a0Minuten\" \/>\n<script type=\"application\/ld+json\" class=\"yoast-schema-graph\">{\"@context\":\"https:\/\/schema.org\",\"@graph\":[{\"@type\":\"WebPage\",\"@id\":\"https:\/\/healthwell-being.eu\/psycho-kinesiologie\/\",\"url\":\"https:\/\/healthwell-being.eu\/psycho-kinesiologie\/\",\"name\":\"Psycho-kinesiologie - Health &amp; Well-Being\",\"isPartOf\":{\"@id\":\"https:\/\/healthwell-being.eu\/#website\"},\"datePublished\":\"2026-01-27T10:35:22+00:00\",\"dateModified\":\"2026-03-24T17:14:29+00:00\",\"breadcrumb\":{\"@id\":\"https:\/\/healthwell-being.eu\/psycho-kinesiologie\/#breadcrumb\"},\"inLanguage\":\"de\",\"potentialAction\":[{\"@type\":\"ReadAction\",\"target\":[\"https:\/\/healthwell-being.eu\/psycho-kinesiologie\/\"]}]},{\"@type\":\"BreadcrumbList\",\"@id\":\"https:\/\/healthwell-being.eu\/psycho-kinesiologie\/#breadcrumb\",\"itemListElement\":[{\"@type\":\"ListItem\",\"position\":1,\"name\":\"Home\",\"item\":\"https:\/\/healthwell-being.eu\/\"},{\"@type\":\"ListItem\",\"position\":2,\"name\":\"Psycho-kinesiologie\"}]},{\"@type\":\"WebSite\",\"@id\":\"https:\/\/healthwell-being.eu\/#website\",\"url\":\"https:\/\/healthwell-being.eu\/\",\"name\":\"Health &amp; Well-Being\",\"description\":\"\",\"potentialAction\":[{\"@type\":\"SearchAction\",\"target\":{\"@type\":\"EntryPoint\",\"urlTemplate\":\"https:\/\/healthwell-being.eu\/?s={search_term_string}\"},\"query-input\":{\"@type\":\"PropertyValueSpecification\",\"valueRequired\":true,\"valueName\":\"search_term_string\"}}],\"inLanguage\":\"de\"}]}<\/script>\n<!-- \/ Yoast SEO plugin. -->","yoast_head_json":{"title":"Psycho-kinesiologie - Health &amp; Well-Being","robots":{"index":"index","follow":"follow","max-snippet":"max-snippet:-1","max-image-preview":"max-image-preview:large","max-video-preview":"max-video-preview:-1"},"canonical":"https:\/\/healthwell-being.eu\/de\/psycho-kinesiologie\/","og_locale":"de_DE","og_type":"article","og_title":"Psycho-kinesiologie - Health &amp; Well-Being","og_description":"Wat is psycho-kinesiologie? De Psycho-Kinesiologie (PK) is een methode die gericht is op het opsporen en begeleiden van blokkades, psychische conflicten en trauma uit het verleden. PK is een behandeltechniek volgens de methode van Dr. med. D. Klinghardt. De benadering van PK berust op de volgende uitgangspunten: Veel klachten hebben hun oorsprong geheel of gedeeltelijk [&hellip;]","og_url":"https:\/\/healthwell-being.eu\/de\/psycho-kinesiologie\/","og_site_name":"Health &amp; Well-Being","article_modified_time":"2026-03-24T17:14:29+00:00","twitter_card":"summary_large_image","twitter_misc":{"Gesch\u00e4tzte Lesezeit":"3\u00a0Minuten"},"schema":{"@context":"https:\/\/schema.org","@graph":[{"@type":"WebPage","@id":"https:\/\/healthwell-being.eu\/psycho-kinesiologie\/","url":"https:\/\/healthwell-being.eu\/psycho-kinesiologie\/","name":"Psycho-kinesiologie - Health &amp; Well-Being","isPartOf":{"@id":"https:\/\/healthwell-being.eu\/#website"},"datePublished":"2026-01-27T10:35:22+00:00","dateModified":"2026-03-24T17:14:29+00:00","breadcrumb":{"@id":"https:\/\/healthwell-being.eu\/psycho-kinesiologie\/#breadcrumb"},"inLanguage":"de","potentialAction":[{"@type":"ReadAction","target":["https:\/\/healthwell-being.eu\/psycho-kinesiologie\/"]}]},{"@type":"BreadcrumbList","@id":"https:\/\/healthwell-being.eu\/psycho-kinesiologie\/#breadcrumb","itemListElement":[{"@type":"ListItem","position":1,"name":"Home","item":"https:\/\/healthwell-being.eu\/"},{"@type":"ListItem","position":2,"name":"Psycho-kinesiologie"}]},{"@type":"WebSite","@id":"https:\/\/healthwell-being.eu\/#website","url":"https:\/\/healthwell-being.eu\/","name":"Health &amp; Well-Being","description":"","potentialAction":[{"@type":"SearchAction","target":{"@type":"EntryPoint","urlTemplate":"https:\/\/healthwell-being.eu\/?s={search_term_string}"},"query-input":{"@type":"PropertyValueSpecification","valueRequired":true,"valueName":"search_term_string"}}],"inLanguage":"de"}]}},"_links":{"self":[{"href":"https:\/\/healthwell-being.eu\/de\/wp-json\/wp\/v2\/pages\/1077","targetHints":{"allow":["GET"]}}],"collection":[{"href":"https:\/\/healthwell-being.eu\/de\/wp-json\/wp\/v2\/pages"}],"about":[{"href":"https:\/\/healthwell-being.eu\/de\/wp-json\/wp\/v2\/types\/page"}],"author":[{"embeddable":true,"href":"https:\/\/healthwell-being.eu\/de\/wp-json\/wp\/v2\/users\/1"}],"replies":[{"embeddable":true,"href":"https:\/\/healthwell-being.eu\/de\/wp-json\/wp\/v2\/comments?post=1077"}],"version-history":[{"count":13,"href":"https:\/\/healthwell-being.eu\/de\/wp-json\/wp\/v2\/pages\/1077\/revisions"}],"predecessor-version":[{"id":1301,"href":"https:\/\/healthwell-being.eu\/de\/wp-json\/wp\/v2\/pages\/1077\/revisions\/1301"}],"wp:attachment":[{"href":"https:\/\/healthwell-being.eu\/de\/wp-json\/wp\/v2\/media?parent=1077"}],"curies":[{"name":"wp","href":"https:\/\/api.w.org\/{rel}","templated":true}]}}