{"id":1005,"date":"2025-10-30T16:35:47","date_gmt":"2025-10-30T15:35:47","guid":{"rendered":"https:\/\/healthwell-being.eu\/?page_id=1005"},"modified":"2025-12-15T21:27:08","modified_gmt":"2025-12-15T20:27:08","slug":"disclaimer","status":"publish","type":"page","link":"https:\/\/healthwell-being.eu\/de\/disclaimer\/","title":{"rendered":"Disclaimer"},"content":{"rendered":"<div data-elementor-type=\"wp-page\" data-elementor-id=\"1005\" class=\"elementor elementor-1005\" data-elementor-post-type=\"page\">\n\t\t\t\t<div class=\"elementor-element elementor-element-228368d e-flex e-con-boxed e-con e-parent\" data-id=\"228368d\" data-element_type=\"container\">\n\t\t\t\t\t<div class=\"e-con-inner\">\n\t\t\t\t<div class=\"elementor-element elementor-element-ec43f4c elementor-widget elementor-widget-text-editor\" data-id=\"ec43f4c\" data-element_type=\"widget\" data-widget_type=\"text-editor.default\">\n\t\t\t\t\t\t\t\t\t<p>Die bereitgestellten Informationen ersetzen keine medizinische Beratung durch \u00c4rzte. \nDie beschriebenen naturheilkundlichen Methoden und Behandlungen sind komplement\u00e4rer von Natur. Die Ergebnisse k\u00f6nnen von Person zu Person unterschiedlich sein, und es werden keine Garantien \u00fcbernommen.<\/p><p>Diese Website kann Links zu externen Websites enthalten, die nicht von uns betrieben werden. Wir \u00fcbernehmen keine Verantwortung f\u00fcr den Inhalt, die Richtigkeit oder die Sicherheit dieser externen Websites sowie nicht f\u00fcr die Datenschutzpraktiken Dritter.<\/p><p>Durch die Nutzung dieser Website erkl\u00e4ren Sie sich mit den oben genannten Bestimmungen einverstanden.<\/p>\t\t\t\t\t\t\t\t<\/div>\n\t\t\t\t\t<\/div>\n\t\t\t\t<\/div>\n\t\t\t\t<\/div>","protected":false},"excerpt":{"rendered":"<p>De aangeboden informatie vervangt geen medisch advies van artsen of andere erkende zorgprofessionals. Bij gezondheidsklachten of twijfel adviseren wij altijd contact op te nemen met uw huisarts of medisch specialist. De beschreven natuurgeneeskundige methoden en behandelingen zijn complementair van aard; resultaten kunnen per persoon verschillen en er worden geen garanties gegeven. Deze website kan links [&hellip;]<\/p>\n","protected":false},"author":1,"featured_media":0,"parent":0,"menu_order":0,"comment_status":"closed","ping_status":"closed","template":"","meta":{"_acf_changed":false,"footnotes":""},"class_list":["post-1005","page","type-page","status-publish","hentry"],"acf":[],"yoast_head":"<!-- This site is optimized with the Yoast SEO plugin v26.2 - https:\/\/yoast.com\/wordpress\/plugins\/seo\/ -->\n<title>Disclaimer - Health &amp; Well-Being<\/title>\n<meta name=\"robots\" content=\"index, follow, max-snippet:-1, max-image-preview:large, max-video-preview:-1\" \/>\n<link rel=\"canonical\" href=\"https:\/\/healthwell-being.eu\/de\/disclaimer\/\" \/>\n<meta property=\"og:locale\" content=\"de_DE\" \/>\n<meta property=\"og:type\" content=\"article\" \/>\n<meta property=\"og:title\" content=\"Disclaimer - Health &amp; Well-Being\" \/>\n<meta property=\"og:description\" content=\"De aangeboden informatie vervangt geen medisch advies van artsen of andere erkende zorgprofessionals. Bij gezondheidsklachten of twijfel adviseren wij altijd contact op te nemen met uw huisarts of medisch specialist. De beschreven natuurgeneeskundige methoden en behandelingen zijn complementair van aard; resultaten kunnen per persoon verschillen en er worden geen garanties gegeven. Deze website kan links [&hellip;]\" \/>\n<meta property=\"og:url\" content=\"https:\/\/healthwell-being.eu\/de\/disclaimer\/\" \/>\n<meta property=\"og:site_name\" content=\"Health &amp; Well-Being\" \/>\n<meta property=\"article:modified_time\" content=\"2025-12-15T20:27:08+00:00\" \/>\n<meta name=\"twitter:card\" content=\"summary_large_image\" \/>\n<meta name=\"twitter:label1\" content=\"Gesch\u00e4tzte Lesezeit\" \/>\n\t<meta name=\"twitter:data1\" content=\"1\u00a0Minute\" \/>\n<script type=\"application\/ld+json\" class=\"yoast-schema-graph\">{\"@context\":\"https:\/\/schema.org\",\"@graph\":[{\"@type\":\"WebPage\",\"@id\":\"https:\/\/healthwell-being.eu\/disclaimer\/\",\"url\":\"https:\/\/healthwell-being.eu\/disclaimer\/\",\"name\":\"Disclaimer - Health &amp; Well-Being\",\"isPartOf\":{\"@id\":\"https:\/\/healthwell-being.eu\/#website\"},\"datePublished\":\"2025-10-30T15:35:47+00:00\",\"dateModified\":\"2025-12-15T20:27:08+00:00\",\"breadcrumb\":{\"@id\":\"https:\/\/healthwell-being.eu\/disclaimer\/#breadcrumb\"},\"inLanguage\":\"de\",\"potentialAction\":[{\"@type\":\"ReadAction\",\"target\":[\"https:\/\/healthwell-being.eu\/disclaimer\/\"]}]},{\"@type\":\"BreadcrumbList\",\"@id\":\"https:\/\/healthwell-being.eu\/disclaimer\/#breadcrumb\",\"itemListElement\":[{\"@type\":\"ListItem\",\"position\":1,\"name\":\"Home\",\"item\":\"https:\/\/healthwell-being.eu\/\"},{\"@type\":\"ListItem\",\"position\":2,\"name\":\"Disclaimer\"}]},{\"@type\":\"WebSite\",\"@id\":\"https:\/\/healthwell-being.eu\/#website\",\"url\":\"https:\/\/healthwell-being.eu\/\",\"name\":\"Health &amp; Well-Being\",\"description\":\"\",\"potentialAction\":[{\"@type\":\"SearchAction\",\"target\":{\"@type\":\"EntryPoint\",\"urlTemplate\":\"https:\/\/healthwell-being.eu\/?s={search_term_string}\"},\"query-input\":{\"@type\":\"PropertyValueSpecification\",\"valueRequired\":true,\"valueName\":\"search_term_string\"}}],\"inLanguage\":\"de\"}]}<\/script>\n<!-- \/ Yoast SEO plugin. -->","yoast_head_json":{"title":"Disclaimer - Health &amp; Well-Being","robots":{"index":"index","follow":"follow","max-snippet":"max-snippet:-1","max-image-preview":"max-image-preview:large","max-video-preview":"max-video-preview:-1"},"canonical":"https:\/\/healthwell-being.eu\/de\/disclaimer\/","og_locale":"de_DE","og_type":"article","og_title":"Disclaimer - Health &amp; Well-Being","og_description":"De aangeboden informatie vervangt geen medisch advies van artsen of andere erkende zorgprofessionals. Bij gezondheidsklachten of twijfel adviseren wij altijd contact op te nemen met uw huisarts of medisch specialist. De beschreven natuurgeneeskundige methoden en behandelingen zijn complementair van aard; resultaten kunnen per persoon verschillen en er worden geen garanties gegeven. Deze website kan links [&hellip;]","og_url":"https:\/\/healthwell-being.eu\/de\/disclaimer\/","og_site_name":"Health &amp; Well-Being","article_modified_time":"2025-12-15T20:27:08+00:00","twitter_card":"summary_large_image","twitter_misc":{"Gesch\u00e4tzte Lesezeit":"1\u00a0Minute"},"schema":{"@context":"https:\/\/schema.org","@graph":[{"@type":"WebPage","@id":"https:\/\/healthwell-being.eu\/disclaimer\/","url":"https:\/\/healthwell-being.eu\/disclaimer\/","name":"Disclaimer - Health &amp; Well-Being","isPartOf":{"@id":"https:\/\/healthwell-being.eu\/#website"},"datePublished":"2025-10-30T15:35:47+00:00","dateModified":"2025-12-15T20:27:08+00:00","breadcrumb":{"@id":"https:\/\/healthwell-being.eu\/disclaimer\/#breadcrumb"},"inLanguage":"de","potentialAction":[{"@type":"ReadAction","target":["https:\/\/healthwell-being.eu\/disclaimer\/"]}]},{"@type":"BreadcrumbList","@id":"https:\/\/healthwell-being.eu\/disclaimer\/#breadcrumb","itemListElement":[{"@type":"ListItem","position":1,"name":"Home","item":"https:\/\/healthwell-being.eu\/"},{"@type":"ListItem","position":2,"name":"Disclaimer"}]},{"@type":"WebSite","@id":"https:\/\/healthwell-being.eu\/#website","url":"https:\/\/healthwell-being.eu\/","name":"Health &amp; Well-Being","description":"","potentialAction":[{"@type":"SearchAction","target":{"@type":"EntryPoint","urlTemplate":"https:\/\/healthwell-being.eu\/?s={search_term_string}"},"query-input":{"@type":"PropertyValueSpecification","valueRequired":true,"valueName":"search_term_string"}}],"inLanguage":"de"}]}},"_links":{"self":[{"href":"https:\/\/healthwell-being.eu\/de\/wp-json\/wp\/v2\/pages\/1005","targetHints":{"allow":["GET"]}}],"collection":[{"href":"https:\/\/healthwell-being.eu\/de\/wp-json\/wp\/v2\/pages"}],"about":[{"href":"https:\/\/healthwell-being.eu\/de\/wp-json\/wp\/v2\/types\/page"}],"author":[{"embeddable":true,"href":"https:\/\/healthwell-being.eu\/de\/wp-json\/wp\/v2\/users\/1"}],"replies":[{"embeddable":true,"href":"https:\/\/healthwell-being.eu\/de\/wp-json\/wp\/v2\/comments?post=1005"}],"version-history":[{"count":10,"href":"https:\/\/healthwell-being.eu\/de\/wp-json\/wp\/v2\/pages\/1005\/revisions"}],"predecessor-version":[{"id":1053,"href":"https:\/\/healthwell-being.eu\/de\/wp-json\/wp\/v2\/pages\/1005\/revisions\/1053"}],"wp:attachment":[{"href":"https:\/\/healthwell-being.eu\/de\/wp-json\/wp\/v2\/media?parent=1005"}],"curies":[{"name":"wp","href":"https:\/\/api.w.org\/{rel}","templated":true}]}}